{"id":69,"date":"2022-06-01T22:50:43","date_gmt":"2022-06-01T20:50:43","guid":{"rendered":"http:\/\/schalck.selfhost.eu\/?page_id=69"},"modified":"2022-06-12T21:11:50","modified_gmt":"2022-06-12T19:11:50","slug":"operation","status":"publish","type":"page","link":"https:\/\/schalck.selfhost.eu\/index.php\/operation\/","title":{"rendered":"Operation"},"content":{"rendered":"\r\n<p>Operation Bauchspeicheldr\u00fcsentumor Linksresektion- Wie verl\u00e4uft eine Bauchspeicheldr\u00fcsenoperation ? Die Operation, der den Bauchspeicheldr\u00fcsenkrebs entfernen soll, stand an. Operation Bauchspeicheldr\u00fcsen Linksresektion<\/p>\r\n\r\n\r\n\r\n<p>Am 25.02.2018 fuhr ich mit dem Zug nach Stralsund. Ich \u00fcbernachtete einmal in einem Hotel. An diesem Sonntagabend g\u00f6nnte ich mir noch einmal ein Riesen-Rindersteak in einem dortigen Steakhaus. Wer wei\u00df, wann ich so eine Delikatesse wieder einmal vorgesetzt bekomme.<\/p>\r\n<h5>in der klinik<\/h5>\r\n\r\n\r\n\r\n<p>Am Montagmorgen ging ich dann zur <a href=\"https:\/\/www.helios-gesundheit.de\/kliniken\/stralsund\/\" target=\"_blank\" rel=\"noreferrer noopener\" aria-label=\"Klinik (\u00f6ffnet in neuem Tab)\">Klinik<\/a>. Aufnahmeprocedere. Wie in jedem Krankenhaus auch. Dann ging es auf Station und 13.00 Uhr hatte ich einen Termin bei Prof. Birth. Er empfing mich p\u00fcnktlich. Mein erster Eindruck: Ein ausgesprochen sympathischer gro\u00dfer schlanker Mann. Sehr ruhig und sachlich. Kurz erl\u00e4uterte er mir noch einmal, was er und sein Team auf Grund der Auswertung meiner Unterlagen behandlungsm\u00e4\u00dfig festgelegt haben. Er schilderte mir (auch mit Hilfe von schematischen Zeichnungen) dass bei mir ein Tumor im<a href=\"https:\/\/www.uniklinikum-dresden.de\/de\/das-klinikum\/kliniken-polikliniken-institute\/vtg\/patienten-und-zuweiser\/erkrankungen\/bauchspeicheldruse\" target=\"_blank\" rel=\"noopener\"> Pankreask\u00f6rper<\/a> erkannt worden war. (Die Bauchspeicheldr\u00fcse besteht grob gesagt aus 3 Teilen- Kopf, K\u00f6rper, Schwanz) Wie die Operation ablaufen wird, welche Arbeitsg\u00e4nge erforderlich sind\u2026 all das konnte mir der Arzt noch nicht sagen. Das k\u00f6nne er erst sagen wenn der Bauch ge\u00f6ffnet ist. Und zu diesem Zeitpunkt werde ich sicherlich tief schlafen. Ich habe ihn auch auf die <a href=\"https:\/\/www.netdoktor.de\/krankheiten\/lebermetastasen\/\" target=\"_blank\" rel=\"noopener\">Lebermetastase<\/a> angesprochen. Seine Antwort: Die <a href=\"https:\/\/de.wikipedia.org\/wiki\/Metastase\">Metastase<\/a> befindet sich an einer relativ g\u00fcnstigen Stelle und k\u00f6nne gut pr\u00e4pariert werden. Irgendwie hatte ich das Gef\u00fchl, dass ich mich in sehr guten H\u00e4nden befand. Das beruhigte mich.<\/p>\r\n<h5>chefarztbehandlung- privat versichert ?<\/h5>\r\n\r\n\r\n\r\n<p>Dann kam es noch zu einem kleinen Problem. Prof. Birth fragte mich, ob ich privat versichert w\u00e4re oder \u2013 wenn nicht- einen Wahlleistungsvertrag mit der Klinik abgeschlossen h\u00e4tte. Nein, beides war nicht der Fall. Ich hatte zwar eine Krankenzusatzversicherung (f\u00fcr Brille, Zahnersatz und \u00e4hnliches) aber keine Versicherung f\u00fcr eine <a href=\"https:\/\/www.envivas.de\/magazin\/als-patient\/chefarztbehandlung\/#:~:text=Denn%20eine%20Chefarztbehandlung%20ist%20eine,der%20dort%20angestellten%20%C3%84rzte%20vereinbaren.\" target=\"_blank\" rel=\"noreferrer noopener\" aria-label=\"Chefarztbehandlung (\u00f6ffnet in neuem Tab)\">Chefarztbehandlung<\/a>. Ich war immer der Meinung, ein Chefarzt wird vermutlich weniger im OP-Saal stehen und mehr administrative Aufgaben erf\u00fcllen. Da w\u00e4re es doch sinnvoll, sich lieber von einem \u201eNicht-Chefarzt\u201c operieren zu lassen. Das traf wohl in dieser Situation nicht zu. Er bot mir auch an, dass mich einer seiner Ober\u00e4rzte operiert. Auf keinen Fall m\u00f6chte ich die Kompetenz dieser Ober\u00e4rzte in Frage stellen- aber ich war wegen <a href=\"https:\/\/www.helios-gesundheit.de\/kliniken\/stralsund\/unser-angebot\/unsere-mitarbeiter\/profil\/person\/matthias-birth\/\" target=\"_blank\" rel=\"noopener\">Prof. Birth<\/a> nach Stralsund gekommen. Er war die Koryph\u00e4e. Also fragte ich nach Zahlen\u2026\u2026. Sch\u00e4tzungsweise- so Prof. Birth- wird mein Eigenanteil bei ca. 2.000 \u2013 3.000 Euro betragen. Ich habe nicht lange \u00fcberlegt. Das war mir mein Weiterleben wert.<\/p>\r\n\r\n\r\n\r\n<p>Am Nachmittag hatte ich dann einen Termin beim <a href=\"https:\/\/de.wikipedia.org\/wiki\/An%C3%A4sthesie\" target=\"_blank\" rel=\"noreferrer noopener\" aria-label=\"An\u00e4sthesisten (\u00f6ffnet in neuem Tab)\">An\u00e4sthesisten<\/a>. Dieser schlug mir vor, einen Schmerzkatheder in den Lendenkanal einbringen zu lassen. Das w\u00e4re auch f\u00fcr die Schmerzbehandlung nach der OP von Vorteil. Dem willigte ich auch ein. Naja, und dann die ganz normale Aufkl\u00e4rung \u00fcber die An\u00e4sthesierisiken usw.<\/p>\r\n\r\n\r\n\r\n<p>Am Abend gab es dann noch das \u00fcbliche S\u00fcppchen- nicht besonders lecker- ich dachte wieder an das Rindersteak des vorangegangenen Abends. Aber es half ja nichts.<\/p>\r\n<h5>tag der operation<\/h5>\r\n\r\n\r\n\r\n<p>Am Morgen des 27.02.2018 wurden dann die \u00fcblichen OP-Vorbereitungen getroffen. Waschen und Bauch rasieren, ich bekam mein h\u00fcbsches OP-Hemdchen und eine Tablette, die mich recht \u201egeschmeidig\u201c machte.<\/p>\r\n\r\n\r\n\r\n<p>Ich glaube, es war gegen 10.00 oder 11.00 Uhr. Die Fahrt f\u00fchrte in Richtung OP-Trakt. Erste Station: <a href=\"https:\/\/www.netdoktor.de\/therapien\/schmerzkatheter\/\" target=\"_blank\" rel=\"noopener\">An\u00e4sthesiekatheder<\/a> legen. Leider gelang es dem Arzt nicht, den Katheder zu platzieren. Nach dem 3. Versuch bat ich darum, den Katheder wegzulassen.<\/p>\r\n\r\n\r\n\r\n<p>Und dann wurde ich in den OP gefahren. Viele gr\u00fcn geh\u00fcllte Menschen waren um mich herum. Bis einer \u00fcber mir stand, mir langsam eine Maske auf das Gesicht legt und mich aufforderte, bis 10 zu z\u00e4hlen. Ich wei\u00df nicht- aber ich glaube, bei 5 war ich schon auf Wolke 7.<\/p>\r\n\r\n\r\n\r\n<div class=\"wp-block-image\">\r\n<figure class=\"aligncenter size-large\"><img decoding=\"async\" class=\"wp-image-2370\" src=\"http:\/\/schalck.synology.me\/wordpress\/wp-content\/uploads\/2020\/06\/linksresektion.png\" alt=\"Bauchspeicheldr\u00fcsenkrebs Operation\" \/>\r\n<figcaption><img loading=\"lazy\" decoding=\"async\" class=\"alignnone size-medium wp-image-310\" src=\"http:\/\/schalck.selfhost.eu\/wp-content\/uploads\/2022\/06\/linksresektion-300x190.webp\" alt=\"Bauchspeicheldr\u00fcsen Linksresektion\" width=\"300\" height=\"190\" srcset=\"https:\/\/schalck.selfhost.eu\/wp-content\/uploads\/2022\/06\/linksresektion-300x190.webp 300w, https:\/\/schalck.selfhost.eu\/wp-content\/uploads\/2022\/06\/linksresektion-768x487.webp 768w, https:\/\/schalck.selfhost.eu\/wp-content\/uploads\/2022\/06\/linksresektion.webp 774w\" sizes=\"auto, (max-width: 300px) 100vw, 300px\" \/><br \/><br \/><\/figcaption>\r\n<\/figure>\r\n<\/div>\r\n\r\n\r\n\r\n<h5>der tag danach<\/h5>\r\n\r\n\r\n\r\n\r\n\r\n\r\n\r\n<p>Ged\u00e4mpftes Licht, Stille, hier und da Ger\u00e4usche, die ich nicht so richtig zuordnen konnte, ab und zu eine Schwester oder ein Pfleger im gr\u00fcnen Gewand\u2026\u2026 dann bin ich wieder weggenickt. Dann wieder dieselben Wahrnehmungen. Ich versuchte mich zu orientieren. Ich suchte eine Uhr. Es dauerte eine ganze Weile, bis ich begriff, dass die Operation vorbei war. Ich lebte ! Auch konnte sehen, konnte leicht meine Arme und Beine bewegen, ich hatte keine Schmerzen, mir war nicht \u00fcbel. Ich war nur furchtbar m\u00fcde und hatte DURST !!! Meine Lippen waren trocken wie W\u00fcstensand. Als eine Schwester bemerkte, dass ich wach war kam sie zu mir und fragte mich, ob alles in Ordnung sei. Ich w\u00e4re im Aufwachraum und h\u00e4tte die Bauchspeicheldr\u00fcsenkrebs Operation gut \u00fcberstanden. Das klang wie Musik in meinen Ohren. Ich sagte ihr, dass ich Durst habe. Durfte aber nichts trinken. Lediglich mit einem kleinen Schwamm tupfte sie mir die Lippen etwas ab. Das musste reichen. Es war Mittwoch, der 28.02.2018 gegen 04.00 Uhr. 16 Stunden nach OP-Beginn. Ich schlief wieder ein\u2026\u2026\u2026<\/p>\r\n\r\n\r\n\r\n<p>Einige Zeit sp\u00e4ter wurde ich wieder wach. Wacher als das erste Mal. Ich bekam eine Morgenw\u00e4sche. Und auch wieder den feuchten Schwamm auf die Lippen. Wasser lassen musste ich auch und sagte dies der Schwester. Kein Problem\u2026.. ich k\u00f6nne es laufen lassen. Ich machte einen kurzen Kontrollgriff\u2026. Ok. <a href=\"https:\/\/de.wikipedia.org\/wiki\/Blasenkatheter\" target=\"_blank\" rel=\"noreferrer noopener\" aria-label=\"Katheder (\u00f6ffnet in neuem Tab)\">Katheder<\/a>. Aber kurze Zeit sp\u00e4ter wurde der dann gezogen. Pffffff keine sch\u00f6nes Gef\u00fchl.<\/p>\r\n\r\n\r\n\r\n<p>Und dann ging es schon zur\u00fcck in mein Zimmer auf Station.<\/p>\r\n<h5>auswertung<\/h5>\r\n\r\n\r\n\r\n<p>Um die Mittagszeit war dann mein Operateur bei mir um mir mitzuteilen, was er bei mir gemacht habe. Das in kurzen Stichpunkten:<\/p>\r\n\r\n\r\n\r\n<ul class=\"wp-block-list\">\r\n<li>Dauer der Operation 6 einhalb Stunden<\/li>\r\n<li>erweiterte <a href=\"https:\/\/flexikon.doccheck.com\/de\/Pankreaslinksresektion#:~:text=Die%20Pankreaslinksresektion%20ist%20ein%20OP,in%20laparoskopischer%20Technik%20durchgef%C3%BChrt%20werden.\" target=\"_blank\" rel=\"noreferrer noopener\" aria-label=\"Pankreaslinkssesektion (\u00f6ffnet in neuem Tab)\">Pankreaslinkssesektion<\/a> (Operation Bauchspeicheldr\u00fcsenkrebs\/Bauchspeicheldr\u00fcsenschwanz Entfernung des linken Teils des Pankreas)<\/li>\r\n<li><a href=\"https:\/\/de.wikipedia.org\/wiki\/Splenektomie\" target=\"_blank\" rel=\"noreferrer noopener\" aria-label=\"Splenektomie (\u00f6ffnet in neuem Tab)\">Splenektomie<\/a> (Entfernung der Milz)<\/li>\r\n<li>ein paar \u201ekleine Nebenarbeiten)<\/li>\r\n<li>Entfernung der Lebermetastase<\/li>\r\n<li><a href=\"http:\/\/schalck.synology.me\/wordpress\/Die-Hoffnung-stirbt-zuletzt\/irreversible-elektroporation\/\">Irreversible Elektroporation <\/a><\/li>\r\n<li>Setzen von 4 <a href=\"http:\/\/www.radio-onkologie.ch\/lindenhof\/Therapie\/Marker_m.asp?zur=Prostata_m\" target=\"_blank\" rel=\"noopener\">Goldmarkern<\/a><\/li>\r\n<\/ul>\r\n\r\n\r\n\r\n<p>Insgesamt sei die Operation \u201etechnisch aufw\u00e4ndig und h\u00f6chst anspruchsvoll\u201c gewesen. Aber die Operation des Bauchspeicheldr\u00fcsenkrebs war erfolgreich. \u00dcber den weiteren Werdegang wolle er (Prof. Birth) mit mir in den n\u00e4chsten Tagen sprechen.<\/p>\r\n<h5>schmerzen<\/h5>\r\n\r\n\r\n\r\n<p>Wie oben schon beschrieben, konnte ja der Schmerzkatheder nicht im Wirbelkanal platziert werden. Also erhielt ich eine Flex\u00fcle in die Handoberfl\u00e4che. Dazu einen kleinen Knopf. Sollte ich Schmerzen versp\u00fcren, dann solle ich nur einmal auf den Knopf dr\u00fccken und es wird eine kalkulierte Portion Schmerzmittel verabreicht. Beim Einsetzen der ersten Schmerzen habe ich das auch getan, aber leider \u201ebrannte\u201c lediglich meine Hand und der eigentliche Schmerz wurde auch nicht weniger. Solange, bis eine Schwester bemerkte, dass sie Flex\u00fcle gar nicht in der Vene platziert war sondern daneben. Nach der Behebung des Bugs funktionierte das ganze wunderbar. Insgesamt kann ich jedoch sagen, dass die Schmerzen \u00fcberschaubar waren.<\/p>\r\n\r\n\r\n\r\n<p>Am n\u00e4chsten Tag- jetzt haben wir den 01.03.2020 (der Februar hat eben nur 28 Tag, meistens jedenfalls) bin ich das erste Mal aufgestanden. Ich war zwar noch etwas wackelig auf den Beinen, traute mir mehr zu als mein K\u00f6rper in der Lage war mitzumachen\u2026. Aber immerhin.<\/p>\r\n\r\n\r\n\r\n<p>Der Verband wurde gewechselt und ich habe das erste Mal meine Narbe gesehen. Quer \u00fcber den Bauch verlaufend, nicht entz\u00fcndet. Sah gut aus. Links und rechts neben der Narbe befanden sich noch Drainageschl\u00e4uche und denen Wundfl\u00fcssigkeit austrat.<\/p>\r\n\r\n\r\n\r\n<p>Jetzt gab es auch wieder etwas zu essen. Das war auch eine Wohltat.<\/p>\r\n\r\n\r\n\r\n<p>Auch habe ich in den n\u00e4chsten Tagen Besuch bekommen. Meine Lebensgef\u00e4hrtin, meine Tochter und mein Sohn und meine Schwester. Alle freuten sich mit mir zusammen, dass alles gut verlaufen war.<\/p>\r\n\r\n\r\n\r\n<p>Es wurde auch regelm\u00e4\u00dfig mein Blut untersucht. Auch der CA-19-9- Wert. Dieser ist nach der Operation schlagartig heruntergefallen. Unterhalt des Referenzwertes.<\/p>\r\n\r\n\r\n\r\n<p>In den n\u00e4chsten Tagen habe ich viele Fortschritte gemacht. Ich bin umhergelaufen, ein bisschen Treppe gestiegen, konnte essen, hatte kaum Schmerzen\u2026. Alles super.<\/p>\r\n<h5>entlassung<\/h5>\r\n\r\n\r\n\r\n<p>Am 08.03.2018 wurde ich entlassen. Nach einer Woche und 4 Tagen.<\/p>\r\n\r\n\r\n\r\n<p>Der weitere Verlauf war problemlos. Ich meldete mich bei meiner Haus\u00e4rztin, stellte mich bei meinem Onkologen vor, bewegte mich jeden Tag ein bisschen (meine sportlichen Aktivit\u00e4ten fehlten mir ungemein), besuchte auch meine Arbeitskollegen und k\u00fcmmerte mich um ein paar organisatorische Dinge.<\/p>\r\n\r\n\r\n\r\n<p>Und ich kaufte mir einen Neopren-Bauchgurt. Es f\u00fchlte sich unheimlich unangenehm an, wenn sich der Stoff des T-Shirts auf der Haut um die OP-Narbe bewegte. Mit dem Gurt war das wesentlich angenehmer.<\/p>\r\n\r\n\r\n\r\n<p>An Medikamenten musste ich nichts einnehmen- lediglich spritzte ich jeden Tag Clexane. Das machte ich selbst- ist keine gro\u00dfe Sache.<\/p>\r\n\r\n\r\n\r\n<p>Alles in allem kann ich sagen, dass ich mir die Operation des Bauchspeicheldr\u00fcsenkrebs viel schlimmer und langwieriger vorgestellt hatte. Ich glaube, ich war in dieser Beziehung ein Gl\u00fcckspilz.<\/p>\r\n\r\n\r\n\r\n<p><a href=\"http:\/\/schalck.selfhost.eu\/\">Startseite<\/a><\/p>\r\n<h6>1 Tag: Operation Bauchspeicheldr\u00fcsentumor Linksresektion<br \/><br \/>2Tag: Operation Bauchspeicheldr\u00fcsentumor Linksresektion<br \/><br \/>3Tag: Operation Bauchspeicheldr\u00fcsentumor Linksresektion<\/h6>\r\n","protected":false},"excerpt":{"rendered":"<p>Operation Bauchspeicheldr\u00fcsentumor Linksresektion- Wie verl\u00e4uft eine Bauchspeicheldr\u00fcsenoperation ? Die Operation, der den Bauchspeicheldr\u00fcsenkrebs entfernen soll, stand an. Operation Bauchspeicheldr\u00fcsen Linksresektion Am 25.02.2018 fuhr ich mit dem Zug nach Stralsund. Ich \u00fcbernachtete einmal in einem Hotel. An diesem Sonntagabend g\u00f6nnte ich mir noch einmal ein Riesen-Rindersteak in einem dortigen Steakhaus. Wer wei\u00df, wann ich so eine &hellip; <\/p>\n<p class=\"link-more\"><a href=\"https:\/\/schalck.selfhost.eu\/index.php\/operation\/\" class=\"more-link\"><span class=\"screen-reader-text\">\u201eOperation\u201c<\/span> weiterlesen<\/a><\/p>\n","protected":false},"author":1,"featured_media":0,"parent":0,"menu_order":0,"comment_status":"closed","ping_status":"closed","template":"","meta":{"footnotes":""},"class_list":["post-69","page","type-page","status-publish","hentry"],"yoast_head":"<!-- This site is optimized with the Yoast SEO plugin v26.8 - https:\/\/yoast.com\/product\/yoast-seo-wordpress\/ -->\n<title>Operation Bauchspeicheldr\u00fcsentumor Linksresektion<\/title>\n<meta name=\"description\" content=\"Ablauf Bauchspeicheldr\u00fcsentumor Operation Linksresektion Irreversible Elektroporation, was wird gemacht, wie lange dauert es\" \/>\n<meta name=\"robots\" content=\"index, follow, max-snippet:-1, max-image-preview:large, max-video-preview:-1\" \/>\n<link rel=\"canonical\" href=\"https:\/\/schalck.selfhost.eu\/index.php\/operation\/\" \/>\n<meta property=\"og:locale\" content=\"de_DE\" \/>\n<meta property=\"og:type\" content=\"article\" \/>\n<meta property=\"og:title\" content=\"Operation Bauchspeicheldr\u00fcsentumor Linksresektion\" \/>\n<meta property=\"og:description\" content=\"Ablauf Bauchspeicheldr\u00fcsentumor Operation Linksresektion Irreversible Elektroporation, was wird gemacht, wie lange dauert es\" \/>\n<meta property=\"og:url\" content=\"https:\/\/schalck.selfhost.eu\/index.php\/operation\/\" \/>\n<meta property=\"og:site_name\" content=\"Leben mit Bauchspeicheldr\u00fcsenkrebs\" \/>\n<meta property=\"article:publisher\" content=\"https:\/\/www.facebook.com\/mario.pestel.1\/\" \/>\n<meta property=\"article:modified_time\" content=\"2022-06-12T19:11:50+00:00\" \/>\n<meta property=\"og:image\" content=\"http:\/\/schalck.synology.me\/wordpress\/wp-content\/uploads\/2020\/06\/linksresektion.png\" \/>\n<meta name=\"twitter:card\" content=\"summary_large_image\" \/>\n<meta name=\"twitter:label1\" content=\"Gesch\u00e4tzte Lesezeit\" \/>\n\t<meta name=\"twitter:data1\" content=\"8\u00a0Minuten\" \/>\n<script type=\"application\/ld+json\" class=\"yoast-schema-graph\">{\"@context\":\"https:\/\/schema.org\",\"@graph\":[{\"@type\":\"WebPage\",\"@id\":\"https:\/\/schalck.selfhost.eu\/index.php\/operation\/\",\"url\":\"https:\/\/schalck.selfhost.eu\/index.php\/operation\/\",\"name\":\"Operation Bauchspeicheldr\u00fcsentumor Linksresektion\",\"isPartOf\":{\"@id\":\"https:\/\/schalck.selfhost.eu\/#website\"},\"primaryImageOfPage\":{\"@id\":\"https:\/\/schalck.selfhost.eu\/index.php\/operation\/#primaryimage\"},\"image\":{\"@id\":\"https:\/\/schalck.selfhost.eu\/index.php\/operation\/#primaryimage\"},\"thumbnailUrl\":\"http:\/\/schalck.synology.me\/wordpress\/wp-content\/uploads\/2020\/06\/linksresektion.png\",\"datePublished\":\"2022-06-01T20:50:43+00:00\",\"dateModified\":\"2022-06-12T19:11:50+00:00\",\"description\":\"Ablauf Bauchspeicheldr\u00fcsentumor Operation Linksresektion Irreversible Elektroporation, was wird gemacht, wie lange dauert es\",\"breadcrumb\":{\"@id\":\"https:\/\/schalck.selfhost.eu\/index.php\/operation\/#breadcrumb\"},\"inLanguage\":\"de\",\"potentialAction\":[{\"@type\":\"ReadAction\",\"target\":[\"https:\/\/schalck.selfhost.eu\/index.php\/operation\/\"]}]},{\"@type\":\"ImageObject\",\"inLanguage\":\"de\",\"@id\":\"https:\/\/schalck.selfhost.eu\/index.php\/operation\/#primaryimage\",\"url\":\"http:\/\/schalck.synology.me\/wordpress\/wp-content\/uploads\/2020\/06\/linksresektion.png\",\"contentUrl\":\"http:\/\/schalck.synology.me\/wordpress\/wp-content\/uploads\/2020\/06\/linksresektion.png\"},{\"@type\":\"BreadcrumbList\",\"@id\":\"https:\/\/schalck.selfhost.eu\/index.php\/operation\/#breadcrumb\",\"itemListElement\":[{\"@type\":\"ListItem\",\"position\":1,\"name\":\"Startseite\",\"item\":\"https:\/\/schalck.selfhost.eu\/\"},{\"@type\":\"ListItem\",\"position\":2,\"name\":\"Operation\"}]},{\"@type\":\"WebSite\",\"@id\":\"https:\/\/schalck.selfhost.eu\/#website\",\"url\":\"https:\/\/schalck.selfhost.eu\/\",\"name\":\"Leben mit Bauchspeicheldr\u00fcsenkrebs\",\"description\":\"Um anderen Hoffnungen zu machen\",\"publisher\":{\"@id\":\"https:\/\/schalck.selfhost.eu\/#\/schema\/person\/cd0824a06e96b3c806e10683f6aebf13\"},\"potentialAction\":[{\"@type\":\"SearchAction\",\"target\":{\"@type\":\"EntryPoint\",\"urlTemplate\":\"https:\/\/schalck.selfhost.eu\/?s={search_term_string}\"},\"query-input\":{\"@type\":\"PropertyValueSpecification\",\"valueRequired\":true,\"valueName\":\"search_term_string\"}}],\"inLanguage\":\"de\"},{\"@type\":[\"Person\",\"Organization\"],\"@id\":\"https:\/\/schalck.selfhost.eu\/#\/schema\/person\/cd0824a06e96b3c806e10683f6aebf13\",\"name\":\"schalck\",\"image\":{\"@type\":\"ImageObject\",\"inLanguage\":\"de\",\"@id\":\"https:\/\/schalck.selfhost.eu\/#\/schema\/person\/image\/\",\"url\":\"http:\/\/schalck.selfhost.eu\/wp-content\/uploads\/2022\/06\/cropped-Bauchspeicheldruese_1908934.jpg\",\"contentUrl\":\"http:\/\/schalck.selfhost.eu\/wp-content\/uploads\/2022\/06\/cropped-Bauchspeicheldruese_1908934.jpg\",\"width\":2000,\"height\":1198,\"caption\":\"schalck\"},\"logo\":{\"@id\":\"https:\/\/schalck.selfhost.eu\/#\/schema\/person\/image\/\"},\"sameAs\":[\"https:\/\/leben-mit-bauchspeicheldr\u00fcsenkrebs.de\",\"https:\/\/www.facebook.com\/mario.pestel.1\/\"]}]}<\/script>\n<!-- \/ Yoast SEO plugin. -->","yoast_head_json":{"title":"Operation Bauchspeicheldr\u00fcsentumor Linksresektion","description":"Ablauf Bauchspeicheldr\u00fcsentumor Operation Linksresektion Irreversible Elektroporation, was wird gemacht, wie lange dauert es","robots":{"index":"index","follow":"follow","max-snippet":"max-snippet:-1","max-image-preview":"max-image-preview:large","max-video-preview":"max-video-preview:-1"},"canonical":"https:\/\/schalck.selfhost.eu\/index.php\/operation\/","og_locale":"de_DE","og_type":"article","og_title":"Operation Bauchspeicheldr\u00fcsentumor Linksresektion","og_description":"Ablauf Bauchspeicheldr\u00fcsentumor Operation Linksresektion Irreversible Elektroporation, was wird gemacht, wie lange dauert es","og_url":"https:\/\/schalck.selfhost.eu\/index.php\/operation\/","og_site_name":"Leben mit Bauchspeicheldr\u00fcsenkrebs","article_publisher":"https:\/\/www.facebook.com\/mario.pestel.1\/","article_modified_time":"2022-06-12T19:11:50+00:00","og_image":[{"url":"http:\/\/schalck.synology.me\/wordpress\/wp-content\/uploads\/2020\/06\/linksresektion.png","type":"","width":"","height":""}],"twitter_card":"summary_large_image","twitter_misc":{"Gesch\u00e4tzte Lesezeit":"8\u00a0Minuten"},"schema":{"@context":"https:\/\/schema.org","@graph":[{"@type":"WebPage","@id":"https:\/\/schalck.selfhost.eu\/index.php\/operation\/","url":"https:\/\/schalck.selfhost.eu\/index.php\/operation\/","name":"Operation Bauchspeicheldr\u00fcsentumor Linksresektion","isPartOf":{"@id":"https:\/\/schalck.selfhost.eu\/#website"},"primaryImageOfPage":{"@id":"https:\/\/schalck.selfhost.eu\/index.php\/operation\/#primaryimage"},"image":{"@id":"https:\/\/schalck.selfhost.eu\/index.php\/operation\/#primaryimage"},"thumbnailUrl":"http:\/\/schalck.synology.me\/wordpress\/wp-content\/uploads\/2020\/06\/linksresektion.png","datePublished":"2022-06-01T20:50:43+00:00","dateModified":"2022-06-12T19:11:50+00:00","description":"Ablauf Bauchspeicheldr\u00fcsentumor Operation Linksresektion Irreversible Elektroporation, was wird gemacht, wie lange dauert es","breadcrumb":{"@id":"https:\/\/schalck.selfhost.eu\/index.php\/operation\/#breadcrumb"},"inLanguage":"de","potentialAction":[{"@type":"ReadAction","target":["https:\/\/schalck.selfhost.eu\/index.php\/operation\/"]}]},{"@type":"ImageObject","inLanguage":"de","@id":"https:\/\/schalck.selfhost.eu\/index.php\/operation\/#primaryimage","url":"http:\/\/schalck.synology.me\/wordpress\/wp-content\/uploads\/2020\/06\/linksresektion.png","contentUrl":"http:\/\/schalck.synology.me\/wordpress\/wp-content\/uploads\/2020\/06\/linksresektion.png"},{"@type":"BreadcrumbList","@id":"https:\/\/schalck.selfhost.eu\/index.php\/operation\/#breadcrumb","itemListElement":[{"@type":"ListItem","position":1,"name":"Startseite","item":"https:\/\/schalck.selfhost.eu\/"},{"@type":"ListItem","position":2,"name":"Operation"}]},{"@type":"WebSite","@id":"https:\/\/schalck.selfhost.eu\/#website","url":"https:\/\/schalck.selfhost.eu\/","name":"Leben mit Bauchspeicheldr\u00fcsenkrebs","description":"Um anderen Hoffnungen zu machen","publisher":{"@id":"https:\/\/schalck.selfhost.eu\/#\/schema\/person\/cd0824a06e96b3c806e10683f6aebf13"},"potentialAction":[{"@type":"SearchAction","target":{"@type":"EntryPoint","urlTemplate":"https:\/\/schalck.selfhost.eu\/?s={search_term_string}"},"query-input":{"@type":"PropertyValueSpecification","valueRequired":true,"valueName":"search_term_string"}}],"inLanguage":"de"},{"@type":["Person","Organization"],"@id":"https:\/\/schalck.selfhost.eu\/#\/schema\/person\/cd0824a06e96b3c806e10683f6aebf13","name":"schalck","image":{"@type":"ImageObject","inLanguage":"de","@id":"https:\/\/schalck.selfhost.eu\/#\/schema\/person\/image\/","url":"http:\/\/schalck.selfhost.eu\/wp-content\/uploads\/2022\/06\/cropped-Bauchspeicheldruese_1908934.jpg","contentUrl":"http:\/\/schalck.selfhost.eu\/wp-content\/uploads\/2022\/06\/cropped-Bauchspeicheldruese_1908934.jpg","width":2000,"height":1198,"caption":"schalck"},"logo":{"@id":"https:\/\/schalck.selfhost.eu\/#\/schema\/person\/image\/"},"sameAs":["https:\/\/leben-mit-bauchspeicheldr\u00fcsenkrebs.de","https:\/\/www.facebook.com\/mario.pestel.1\/"]}]}},"_links":{"self":[{"href":"https:\/\/schalck.selfhost.eu\/index.php\/wp-json\/wp\/v2\/pages\/69","targetHints":{"allow":["GET"]}}],"collection":[{"href":"https:\/\/schalck.selfhost.eu\/index.php\/wp-json\/wp\/v2\/pages"}],"about":[{"href":"https:\/\/schalck.selfhost.eu\/index.php\/wp-json\/wp\/v2\/types\/page"}],"author":[{"embeddable":true,"href":"https:\/\/schalck.selfhost.eu\/index.php\/wp-json\/wp\/v2\/users\/1"}],"replies":[{"embeddable":true,"href":"https:\/\/schalck.selfhost.eu\/index.php\/wp-json\/wp\/v2\/comments?post=69"}],"version-history":[{"count":21,"href":"https:\/\/schalck.selfhost.eu\/index.php\/wp-json\/wp\/v2\/pages\/69\/revisions"}],"predecessor-version":[{"id":395,"href":"https:\/\/schalck.selfhost.eu\/index.php\/wp-json\/wp\/v2\/pages\/69\/revisions\/395"}],"wp:attachment":[{"href":"https:\/\/schalck.selfhost.eu\/index.php\/wp-json\/wp\/v2\/media?parent=69"}],"curies":[{"name":"wp","href":"https:\/\/api.w.org\/{rel}","templated":true}]}}