{"id":668,"date":"2026-04-19T11:33:58","date_gmt":"2026-04-19T09:33:58","guid":{"rendered":"https:\/\/schalck.selfhost.eu\/?page_id=668"},"modified":"2026-04-19T11:33:58","modified_gmt":"2026-04-19T09:33:58","slug":"daraxonrasib-rmc-6236","status":"publish","type":"page","link":"https:\/\/schalck.selfhost.eu\/index.php\/daraxonrasib-rmc-6236\/","title":{"rendered":"Daraxonrasib (RMC-6236)"},"content":{"rendered":"<div>Daraxonrasib (auch bekannt als RMC-6236) <mark>ist ein experimentelles Krebsmedikament, das als Durchbruch in der Behandlung von Tumoren mit RAS-Mutationen gilt<\/mark>. Es wird von dem Unternehmen <a href=\"https:\/\/ir.revmed.com\/news-releases\/news-release-details\/daraxonrasib-demonstrates-unprecedented-overall-survival-benefit\/\">Revolution Medicines<\/a> entwickelt und zielt speziell auf die aktive Form des RAS-Proteins ab, um das Wachstum von Krebszellen zu stoppen. [1, 2, 3, 4]<\/div>\n<h2 role=\"heading\">Wirkungsweise und Einsatzgebiete<\/h2>\n<div>Im Gegensatz zu \u00e4lteren Inhibitoren, die oft nur eine spezifische Mutation (wie KRAS G12C) blockieren, ist Daraxonrasib ein multiselektiver RAS(ON)-Inhibitor. [5, 6]<\/div>\n<div>\n<div><\/div>\n<ul>\n<li>Breites Spektrum: Es wirkt gegen eine Vielzahl von Mutationen (darunter G12D, G12V, G12R) in verschiedenen Krebsarten wie Bauchspeicheldr\u00fcsenkrebs (PDAC), Lungenkrebs (NSCLC) und Darmkrebs.<\/li>\n<li>Mechanismus: Es bildet einen &#8222;Tri-Komplex&#8220; mit dem Protein Cyclophilin A, der sich an das aktive RAS-Protein bindet und dessen Signal\u00fcbertragung an die Krebszelle unterbricht. [2, 7, 8, 9]<\/li>\n<li><\/li>\n<\/ul>\n<\/div>\n<h2 role=\"heading\">Aktueller Status und Studienergebnisse (Stand April 2026)<\/h2>\n<div>Das Medikament befindet sich derzeit in klinischen Studien der Phase 3 und ist noch nicht allgemein von der FDA oder EMA zugelassen. [10, 11, 12]<\/div>\n<div>\n<div><\/div>\n<ul>\n<li>Bauchspeicheldr\u00fcsenkrebs: In der RASolute 302 Studie verdoppelte Daraxonrasib nahezu die \u00dcberlebenszeit bei Patienten mit metastasiertem Bauchspeicheldr\u00fcsenkrebs im Vergleich zur Standard-Chemotherapie (13,2 Monate gegen\u00fcber 6,7 Monaten).<\/li>\n<li>Zulassungsverfahren: Die US-Gesundheitsbeh\u00f6rde FDA hat dem Medikament den Status einer Breakthrough Therapy verliehen, was den Zulassungsprozess beschleunigen soll.<\/li>\n<li>Nebenwirkungen: Zu den h\u00e4ufigsten beobachteten Nebenwirkungen z\u00e4hlen Hautausschlag, Entz\u00fcndungen der Mundschleimhaut, Durchfall und \u00dcbelkeit. [1, 6, 13, 14, 15]<\/li>\n<li><\/li>\n<\/ul>\n<\/div>\n<div><\/div>\n<div>Weitere Informationen zu laufenden Studien finden Sie auf dem Portal von <a href=\"https:\/\/clinicaltrials.gov\/study\/NCT06625320\">ClinicalTrials.gov<\/a> oder beim <a href=\"https:\/\/www.cancer.gov\/research\/participate\/clinical-trials\/intervention\/daraxonrasib?pn=1\">National Cancer Institute<\/a>. [16, 17]<\/div>\n<div>M\u00f6chten Sie mehr \u00fcber die Teilnahmevoraussetzungen f\u00fcr aktuelle Studien oder die Unterschiede zu bisherigen KRAS-Inhibitoren erfahren?<\/div>\n<div>\n<div>[1] <a href=\"https:\/\/en.wikipedia.org\/wiki\/Daraxonrasib\">https:\/\/en.wikipedia.org<\/a><\/div>\n<div>[2] <a href=\"https:\/\/drughunter.com\/articles\/daraxonrasib-rmc-6236-the-2025-molecule-of-the-year#:~:text=Daraxonrasib%20is%20a%20noncovalent%2C%20orally%20bioavailable%2C%20multi%2Dselective,mutant%20as%20well%20as%20wild%2Dtype%20RAS%20isoforms.\">https:\/\/drughunter.com<\/a><\/div>\n<div>[3] <a href=\"https:\/\/translate.google.com\/translate?u=https:\/\/ir.revmed.com\/news-releases\/news-release-details\/revolution-medicines-rason-multi-selective-inhibitor\/&amp;hl=de&amp;sl=en&amp;tl=de&amp;client=sge#:~:text=Daraxonrasib%20%28RMC%2D6236%29%20ist%20ein%20oral%20einzunehmender%2C%20direkt,von%20RAS%28ON%29%20mit%20seinen%20nachgeschalteten%20Effektoren%20blockiert.\">https:\/\/ir.revmed.com<\/a><\/div>\n<div>[4] <a href=\"https:\/\/en.wikipedia.org\/wiki\/Daraxonrasib\">https:\/\/en.wikipedia.org<\/a><\/div>\n<div>[5] <a href=\"https:\/\/translate.google.com\/translate?u=https:\/\/ir.revmed.com\/news-releases\/news-release-details\/revolution-medicines-rason-multi-selective-inhibitor\/&amp;hl=de&amp;sl=en&amp;tl=de&amp;client=sge#:~:text=Daraxonrasib%20%28RMC%2D6236%29%20ist%20ein%20oral%20einzunehmender%2C%20direkt,von%20RAS%28ON%29%20mit%20seinen%20nachgeschalteten%20Effektoren%20blockiert.\">https:\/\/ir.revmed.com<\/a><\/div>\n<div>[6] <a href=\"https:\/\/www.targetedonc.com\/view\/daraxonrasib-shows-significant-os-benefit-in-metastatic-pancreatic-cancer\">https:\/\/www.targetedonc.com<\/a><\/div>\n<div>[7] <a href=\"https:\/\/ir.revmed.com\/news-releases\/news-release-details\/daraxonrasib-demonstrates-unprecedented-overall-survival-benefit\/\">https:\/\/ir.revmed.com<\/a><\/div>\n<div>[8] <a href=\"https:\/\/allsci.com\/news\/clinical-trials\/revolution-medicines-daraxonrasib-nearly-doubles-os-in-phase-iii-pancreatic-cancer-trial\/\">https:\/\/allsci.com<\/a><\/div>\n<div>[9] <a href=\"https:\/\/translate.google.com\/translate?u=https:\/\/biomarker.onclive.com\/gi-cancer\/pancreatic-cancer\/biomarkers\/ras&amp;hl=de&amp;sl=en&amp;tl=de&amp;client=sge#:~:text=Wirkmechanismus:%20Daraxonrasib%20ist%20ein%20multiselektiver%20RAS%28ON%29%2DInhibitor%2C%20der,Effektoren%20und%20hemmt%20dadurch%20die%20onkogene%20Signal%C3%BCbertragung.\">https:\/\/biomarker.onclive.com<\/a><\/div>\n<div>[10] <a href=\"https:\/\/ir.revmed.com\/news-releases\/news-release-details\/daraxonrasib-demonstrates-unprecedented-overall-survival-benefit\/#:~:text=Daraxonrasib%20ist%20ein%20in%20der%20Entwicklung%20befindlicher%2C,den%20Vereinigten%20Staaten%20oder%20Europa%2C%20zugelassen%20ist.\">https:\/\/ir.revmed.com<\/a><\/div>\n<div>[11] <a href=\"https:\/\/ir.revmed.com\/news-releases\/news-release-details\/daraxonrasib-demonstrates-unprecedented-overall-survival-benefit\/#:~:text=Daraxonrasib%20is%20an%20investigational%2C%20oral%20RAS%28ON%29%20multi%2Dselective%2C,pancreatic%20ductal%20adenocarcinoma%20%28PDAC%29%20harboring%20G12%20mutations.\">https:\/\/ir.revmed.com<\/a><\/div>\n<div>[12] <a href=\"https:\/\/oncodaily.com\/oncolibrary\/rasolute-302-trial\">https:\/\/oncodaily.com<\/a><\/div>\n<div>[13] <a href=\"https:\/\/www.targetedonc.com\/view\/daraxonrasib-shows-significant-os-benefit-in-metastatic-pancreatic-cancer#:~:text=Daraxonrasib%20nearly%20doubled%20median%20OS%20vs%20chemotherapy,per%20phase%203%20RASolute%20302%20trial%20data.\">https:\/\/www.targetedonc.com<\/a><\/div>\n<div>[14] <a href=\"https:\/\/pancan.org\/press-releases\/pancan-statement-on-positive-overall-survival-results-from-revolution-medicines-phase-iii-trial\/\">https:\/\/pancan.org<\/a><\/div>\n<div>[15] <a href=\"https:\/\/pancan.org\/news\/first-ras-inhibitor-extends-survival-in-previously-treated-metastatic-pancreatic-adenocarcinoma-what-you-need-to-know\/#:~:text=Prior%20studies%20with%20daraxonrasib%20have%20shown%20that,sores%2C%20diarrhea%2C%20nausea%20and%20vomiting%20also%20common.\">https:\/\/pancan.org<\/a><\/div>\n<div>[16] <a href=\"https:\/\/clinicaltrials.gov\/study\/NCT06625320\">https:\/\/clinicaltrials.gov<\/a><\/div>\n<div>[17] <a href=\"https:\/\/www.cancer.gov\/research\/participate\/clinical-trials\/intervention\/daraxonrasib?pn=1\">https:\/\/www.cancer.gov<\/a><\/div>\n<\/div>\n<div><\/div>\n","protected":false},"excerpt":{"rendered":"<p>Daraxonrasib (auch bekannt als RMC-6236) ist ein experimentelles Krebsmedikament, das als Durchbruch in der Behandlung von Tumoren mit RAS-Mutationen gilt. Es wird von dem Unternehmen Revolution Medicines entwickelt und zielt speziell auf die aktive Form des RAS-Proteins ab, um das Wachstum von Krebszellen zu stoppen. [1, 2, 3, 4] Wirkungsweise und Einsatzgebiete Im Gegensatz zu &hellip; <\/p>\n<p class=\"link-more\"><a href=\"https:\/\/schalck.selfhost.eu\/index.php\/daraxonrasib-rmc-6236\/\" class=\"more-link\"><span class=\"screen-reader-text\">\u201eDaraxonrasib (RMC-6236)\u201c<\/span> weiterlesen<\/a><\/p>\n","protected":false},"author":1,"featured_media":0,"parent":0,"menu_order":0,"comment_status":"closed","ping_status":"closed","template":"","meta":{"footnotes":""},"class_list":["post-668","page","type-page","status-publish","hentry"],"yoast_head":"<!-- This site is optimized with the Yoast SEO plugin v26.8 - https:\/\/yoast.com\/product\/yoast-seo-wordpress\/ -->\n<title>Daraxonrasib (RMC-6236) - Leben mit Bauchspeicheldr\u00fcsenkrebs<\/title>\n<meta name=\"robots\" content=\"index, follow, max-snippet:-1, max-image-preview:large, max-video-preview:-1\" \/>\n<link rel=\"canonical\" href=\"https:\/\/schalck.selfhost.eu\/index.php\/daraxonrasib-rmc-6236\/\" \/>\n<meta property=\"og:locale\" content=\"de_DE\" \/>\n<meta property=\"og:type\" content=\"article\" \/>\n<meta property=\"og:title\" content=\"Daraxonrasib (RMC-6236) - Leben mit Bauchspeicheldr\u00fcsenkrebs\" \/>\n<meta property=\"og:description\" content=\"Daraxonrasib (auch bekannt als RMC-6236) ist ein experimentelles Krebsmedikament, das als Durchbruch in der Behandlung von Tumoren mit RAS-Mutationen gilt. Es wird von dem Unternehmen Revolution Medicines entwickelt und zielt speziell auf die aktive Form des RAS-Proteins ab, um das Wachstum von Krebszellen zu stoppen. [1, 2, 3, 4] Wirkungsweise und Einsatzgebiete Im Gegensatz zu &hellip; \u201eDaraxonrasib (RMC-6236)\u201c weiterlesen\" \/>\n<meta property=\"og:url\" content=\"https:\/\/schalck.selfhost.eu\/index.php\/daraxonrasib-rmc-6236\/\" \/>\n<meta property=\"og:site_name\" content=\"Leben mit Bauchspeicheldr\u00fcsenkrebs\" \/>\n<meta property=\"article:publisher\" content=\"https:\/\/www.facebook.com\/mario.pestel.1\/\" \/>\n<meta name=\"twitter:card\" content=\"summary_large_image\" \/>\n<meta name=\"twitter:label1\" content=\"Gesch\u00e4tzte Lesezeit\" \/>\n\t<meta name=\"twitter:data1\" content=\"2\u00a0Minuten\" \/>\n<script type=\"application\/ld+json\" class=\"yoast-schema-graph\">{\"@context\":\"https:\/\/schema.org\",\"@graph\":[{\"@type\":\"WebPage\",\"@id\":\"https:\/\/schalck.selfhost.eu\/index.php\/daraxonrasib-rmc-6236\/\",\"url\":\"https:\/\/schalck.selfhost.eu\/index.php\/daraxonrasib-rmc-6236\/\",\"name\":\"Daraxonrasib (RMC-6236) - Leben mit Bauchspeicheldr\u00fcsenkrebs\",\"isPartOf\":{\"@id\":\"https:\/\/schalck.selfhost.eu\/#website\"},\"datePublished\":\"2026-04-19T09:33:58+00:00\",\"breadcrumb\":{\"@id\":\"https:\/\/schalck.selfhost.eu\/index.php\/daraxonrasib-rmc-6236\/#breadcrumb\"},\"inLanguage\":\"de\",\"potentialAction\":[{\"@type\":\"ReadAction\",\"target\":[\"https:\/\/schalck.selfhost.eu\/index.php\/daraxonrasib-rmc-6236\/\"]}]},{\"@type\":\"BreadcrumbList\",\"@id\":\"https:\/\/schalck.selfhost.eu\/index.php\/daraxonrasib-rmc-6236\/#breadcrumb\",\"itemListElement\":[{\"@type\":\"ListItem\",\"position\":1,\"name\":\"Startseite\",\"item\":\"https:\/\/schalck.selfhost.eu\/\"},{\"@type\":\"ListItem\",\"position\":2,\"name\":\"Daraxonrasib (RMC-6236)\"}]},{\"@type\":\"WebSite\",\"@id\":\"https:\/\/schalck.selfhost.eu\/#website\",\"url\":\"https:\/\/schalck.selfhost.eu\/\",\"name\":\"Leben mit Bauchspeicheldr\u00fcsenkrebs\",\"description\":\"Um anderen Hoffnungen zu machen\",\"publisher\":{\"@id\":\"https:\/\/schalck.selfhost.eu\/#\/schema\/person\/cd0824a06e96b3c806e10683f6aebf13\"},\"potentialAction\":[{\"@type\":\"SearchAction\",\"target\":{\"@type\":\"EntryPoint\",\"urlTemplate\":\"https:\/\/schalck.selfhost.eu\/?s={search_term_string}\"},\"query-input\":{\"@type\":\"PropertyValueSpecification\",\"valueRequired\":true,\"valueName\":\"search_term_string\"}}],\"inLanguage\":\"de\"},{\"@type\":[\"Person\",\"Organization\"],\"@id\":\"https:\/\/schalck.selfhost.eu\/#\/schema\/person\/cd0824a06e96b3c806e10683f6aebf13\",\"name\":\"schalck\",\"image\":{\"@type\":\"ImageObject\",\"inLanguage\":\"de\",\"@id\":\"https:\/\/schalck.selfhost.eu\/#\/schema\/person\/image\/\",\"url\":\"http:\/\/schalck.selfhost.eu\/wp-content\/uploads\/2022\/06\/cropped-Bauchspeicheldruese_1908934.jpg\",\"contentUrl\":\"http:\/\/schalck.selfhost.eu\/wp-content\/uploads\/2022\/06\/cropped-Bauchspeicheldruese_1908934.jpg\",\"width\":2000,\"height\":1198,\"caption\":\"schalck\"},\"logo\":{\"@id\":\"https:\/\/schalck.selfhost.eu\/#\/schema\/person\/image\/\"},\"sameAs\":[\"https:\/\/leben-mit-bauchspeicheldr\u00fcsenkrebs.de\",\"https:\/\/www.facebook.com\/mario.pestel.1\/\"]}]}<\/script>\n<!-- \/ Yoast SEO plugin. -->","yoast_head_json":{"title":"Daraxonrasib (RMC-6236) - Leben mit Bauchspeicheldr\u00fcsenkrebs","robots":{"index":"index","follow":"follow","max-snippet":"max-snippet:-1","max-image-preview":"max-image-preview:large","max-video-preview":"max-video-preview:-1"},"canonical":"https:\/\/schalck.selfhost.eu\/index.php\/daraxonrasib-rmc-6236\/","og_locale":"de_DE","og_type":"article","og_title":"Daraxonrasib (RMC-6236) - Leben mit Bauchspeicheldr\u00fcsenkrebs","og_description":"Daraxonrasib (auch bekannt als RMC-6236) ist ein experimentelles Krebsmedikament, das als Durchbruch in der Behandlung von Tumoren mit RAS-Mutationen gilt. Es wird von dem Unternehmen Revolution Medicines entwickelt und zielt speziell auf die aktive Form des RAS-Proteins ab, um das Wachstum von Krebszellen zu stoppen. [1, 2, 3, 4] Wirkungsweise und Einsatzgebiete Im Gegensatz zu &hellip; \u201eDaraxonrasib (RMC-6236)\u201c weiterlesen","og_url":"https:\/\/schalck.selfhost.eu\/index.php\/daraxonrasib-rmc-6236\/","og_site_name":"Leben mit Bauchspeicheldr\u00fcsenkrebs","article_publisher":"https:\/\/www.facebook.com\/mario.pestel.1\/","twitter_card":"summary_large_image","twitter_misc":{"Gesch\u00e4tzte Lesezeit":"2\u00a0Minuten"},"schema":{"@context":"https:\/\/schema.org","@graph":[{"@type":"WebPage","@id":"https:\/\/schalck.selfhost.eu\/index.php\/daraxonrasib-rmc-6236\/","url":"https:\/\/schalck.selfhost.eu\/index.php\/daraxonrasib-rmc-6236\/","name":"Daraxonrasib (RMC-6236) - Leben mit Bauchspeicheldr\u00fcsenkrebs","isPartOf":{"@id":"https:\/\/schalck.selfhost.eu\/#website"},"datePublished":"2026-04-19T09:33:58+00:00","breadcrumb":{"@id":"https:\/\/schalck.selfhost.eu\/index.php\/daraxonrasib-rmc-6236\/#breadcrumb"},"inLanguage":"de","potentialAction":[{"@type":"ReadAction","target":["https:\/\/schalck.selfhost.eu\/index.php\/daraxonrasib-rmc-6236\/"]}]},{"@type":"BreadcrumbList","@id":"https:\/\/schalck.selfhost.eu\/index.php\/daraxonrasib-rmc-6236\/#breadcrumb","itemListElement":[{"@type":"ListItem","position":1,"name":"Startseite","item":"https:\/\/schalck.selfhost.eu\/"},{"@type":"ListItem","position":2,"name":"Daraxonrasib (RMC-6236)"}]},{"@type":"WebSite","@id":"https:\/\/schalck.selfhost.eu\/#website","url":"https:\/\/schalck.selfhost.eu\/","name":"Leben mit Bauchspeicheldr\u00fcsenkrebs","description":"Um anderen Hoffnungen zu machen","publisher":{"@id":"https:\/\/schalck.selfhost.eu\/#\/schema\/person\/cd0824a06e96b3c806e10683f6aebf13"},"potentialAction":[{"@type":"SearchAction","target":{"@type":"EntryPoint","urlTemplate":"https:\/\/schalck.selfhost.eu\/?s={search_term_string}"},"query-input":{"@type":"PropertyValueSpecification","valueRequired":true,"valueName":"search_term_string"}}],"inLanguage":"de"},{"@type":["Person","Organization"],"@id":"https:\/\/schalck.selfhost.eu\/#\/schema\/person\/cd0824a06e96b3c806e10683f6aebf13","name":"schalck","image":{"@type":"ImageObject","inLanguage":"de","@id":"https:\/\/schalck.selfhost.eu\/#\/schema\/person\/image\/","url":"http:\/\/schalck.selfhost.eu\/wp-content\/uploads\/2022\/06\/cropped-Bauchspeicheldruese_1908934.jpg","contentUrl":"http:\/\/schalck.selfhost.eu\/wp-content\/uploads\/2022\/06\/cropped-Bauchspeicheldruese_1908934.jpg","width":2000,"height":1198,"caption":"schalck"},"logo":{"@id":"https:\/\/schalck.selfhost.eu\/#\/schema\/person\/image\/"},"sameAs":["https:\/\/leben-mit-bauchspeicheldr\u00fcsenkrebs.de","https:\/\/www.facebook.com\/mario.pestel.1\/"]}]}},"_links":{"self":[{"href":"https:\/\/schalck.selfhost.eu\/index.php\/wp-json\/wp\/v2\/pages\/668","targetHints":{"allow":["GET"]}}],"collection":[{"href":"https:\/\/schalck.selfhost.eu\/index.php\/wp-json\/wp\/v2\/pages"}],"about":[{"href":"https:\/\/schalck.selfhost.eu\/index.php\/wp-json\/wp\/v2\/types\/page"}],"author":[{"embeddable":true,"href":"https:\/\/schalck.selfhost.eu\/index.php\/wp-json\/wp\/v2\/users\/1"}],"replies":[{"embeddable":true,"href":"https:\/\/schalck.selfhost.eu\/index.php\/wp-json\/wp\/v2\/comments?post=668"}],"version-history":[{"count":1,"href":"https:\/\/schalck.selfhost.eu\/index.php\/wp-json\/wp\/v2\/pages\/668\/revisions"}],"predecessor-version":[{"id":670,"href":"https:\/\/schalck.selfhost.eu\/index.php\/wp-json\/wp\/v2\/pages\/668\/revisions\/670"}],"wp:attachment":[{"href":"https:\/\/schalck.selfhost.eu\/index.php\/wp-json\/wp\/v2\/media?parent=668"}],"curies":[{"name":"wp","href":"https:\/\/api.w.org\/{rel}","templated":true}]}}