{"id":65,"date":"2022-06-01T22:46:42","date_gmt":"2022-06-01T20:46:42","guid":{"rendered":"http:\/\/schalck.selfhost.eu\/?page_id=65"},"modified":"2022-06-04T19:59:45","modified_gmt":"2022-06-04T17:59:45","slug":"diagnose-bauchspeicheldruesenkrebs","status":"publish","type":"page","link":"https:\/\/schalck.selfhost.eu\/index.php\/diagnose-bauchspeicheldruesenkrebs\/","title":{"rendered":"Diagnose"},"content":{"rendered":"\r\n<p>Leider gibt es bis heute keine einfachen zuverl\u00e4ssigen Tests, die Diagnose -Bauchspeicheldr\u00fcsenkrebs- zu stellen Oftmals ist das Erkennen ein Zufallsbefund. Oftmals kommt dieser Befund auch zu sp\u00e4t, denn wie bei vielen <a href=\"https:\/\/de.wikipedia.org\/wiki\/Tumor\" target=\"_blank\" rel=\"noreferrer noopener\" aria-label=\"Tumorarten (\u00f6ffnet in neuem Tab)\">Tumorarten<\/a> ist ein fr\u00fchzeitiges Erkennen \u00fcberaus wichtig f\u00fcr eine erfolgreiche Behandlung.<\/p>\r\n\r\n\r\n\r\n<p>Wie war es bei mir ?<\/p>\r\n\r\n\r\n\r\n<p>Begonnen hat alles im Januar 2017. An einem Morgen stellte ich fest, dass ich fast <a href=\"https:\/\/de.wikipedia.org\/wiki\/Teerstuhl\" target=\"_blank\" rel=\"noreferrer noopener\" aria-label=\"teerschwarzen Stuhl (\u00f6ffnet in neuem Tab)\">teerschwarzen Stuhl<\/a> abgegeben habe. Da ich mir das nicht erkl\u00e4ren konnte, meldete ich mich unverz\u00fcglich bei einem Internisten und vereinbarte einen Termin f\u00fcr eine Magenspiegelung. Zus\u00e4tzlich- und das m\u00f6chte ich noch erw\u00e4hnen- litt ich seit einiger Zeit an Magen- bzw. Bauchscherzen. Unregelm\u00e4\u00dfig und nur leicht. Es dr\u00fcckte ab und zu mal genau an der Stelle, wo man eben schlechte Laune bekommt. Ihre kennt das bestimmt. Au\u00dferdem klagte ich seit geraumer Zeit an R\u00fcckenschmerzen. Mit einem CD-Scan stellten die \u00c4rzte einen Bandscheibenvorfall fest. Daher bekam ich einige Injektionen in den R\u00fccken verordnet.<\/p>\r\n<h5>magenspiegelung<\/h5>\r\n\r\n\r\n\r\n<p>Die <a href=\"https:\/\/de.wikipedia.org\/wiki\/Gastroskopie\" target=\"_blank\" rel=\"noreferrer noopener\" aria-label=\"Magenspiegelung (\u00f6ffnet in neuem Tab)\">Magenspiegelung<\/a> erbrachte kein besonderes Ergebnis. Auf jeden Fall wurde mit der Spiegelung keine Ursache gefunden, die die Magen- bzw. Bauchschmerzen erkl\u00e4ren k\u00f6nnten.<\/p>\r\n\r\n\r\n\r\n<p>Als n\u00e4chstes wurde ein <a href=\"https:\/\/de.wikipedia.org\/wiki\/Computertomographie\" target=\"_blank\" rel=\"noreferrer noopener\" aria-label=\"CT (\u00f6ffnet in neuem Tab)\">CT<\/a> des Oberbauches verordnet. Bei diesem wurde auch nichts besonderes festgestellt. Ein zweites CT wurde dann mit Kontrastmittel durchgef\u00fchrt. Bei diesen Aufnahmen wurde dann ein kleiner Fleck auf der Leber festgestellt, welcher als \u201emetastasensuspekt\u201c bezeichnet wurde. In einem dritten CT- wieder mit Kontrastmittel aber mit einer etwas anderen Technik- wurde dieser Fleck noch einmal genau unter die Lupe genommen. Nach der Auswertung sagte mir der Radiologe, dass er nicht sagen kann, was dieser Fleck bedeutet. Seine Aussage: bei der Kontrastmittelaufnahme verh\u00e4lt sich der Fleck wie ein H\u00e4mangiom (kleiner harmloser Blutschwamm) und bei der Kontrastmittelabgabe verh\u00e4lt er sich wie eine <a href=\"https:\/\/de.wikipedia.org\/wiki\/Metastase\" target=\"_blank\" rel=\"noreferrer noopener\" aria-label=\"Metastase (\u00f6ffnet in neuem Tab)\">Metastase<\/a>. Also wieder nichts konkretes, aber immerhin bestand noch die Chance, dass es KEINE Metastase ist.<\/p>\r\n<h5>endosonogramm<\/h5>\r\n\r\n\r\n\r\n<p>Der n\u00e4chste Schritt war die station\u00e4re Einweisung in die st\u00e4dtische Klinik. Hier wurde ein <a href=\"https:\/\/de.wikipedia.org\/wiki\/Endosonografie\" target=\"_blank\" rel=\"noreferrer noopener\" aria-label=\"Endosonogramm (\u00f6ffnet in neuem Tab)\">Endosonogramm<\/a> durchgef\u00fchrt. Dabei wird ein Schlauch mit einem Schallkopf an der Spitze in den Magen eingef\u00fchrt. So ist der Schallkopf n\u00e4her an den inneren Organen und kann genauere Bilder liefern. Die ganze Sache ist nicht weiter schlimm. Man wird f\u00fcr eine viertel Stunde in den \u201eM\u00e4rchenwald\u201c geschickt und bekommt von der ganzen Sache nichts mit. Ergebnis: Neben ein paar (f\u00fcr mich unwichtigen Dingen) stand auf dem Befund: Das Pankreas ist homogen und unauff\u00e4llig. SUPER !!! Zumindest gibt es keine Probleme mit der Bauchspeicheldr\u00fcse.<\/p>\r\n\r\n\r\n\r\n<div class=\"wp-block-image\">\r\n<figure class=\"aligncenter size-large is-resized\">\r\n<figcaption><a href=\"http:\/\/schalck.selfhost.eu\/wp-content\/uploads\/2022\/06\/endosonogramm.png\"><img loading=\"lazy\" decoding=\"async\" class=\"alignnone size-medium wp-image-105\" src=\"http:\/\/schalck.selfhost.eu\/wp-content\/uploads\/2022\/06\/endosonogramm-254x300.png\" alt=\"\" width=\"254\" height=\"300\" srcset=\"https:\/\/schalck.selfhost.eu\/wp-content\/uploads\/2022\/06\/endosonogramm-254x300.png 254w, https:\/\/schalck.selfhost.eu\/wp-content\/uploads\/2022\/06\/endosonogramm.png 460w\" sizes=\"auto, (max-width: 254px) 100vw, 254px\" \/><\/a><br \/>Endosonografie Quelle: www.Charite.de<\/figcaption>\r\n<\/figure>\r\n<\/div>\r\n\r\n\r\n\r\n<h5>biopsie<\/h5>\r\n<p>Um endlich Klarheit zu bekommen wurde nun eine Biopsie des \u201eFleckes\u201c auf der Leber durchgef\u00fchrt. Trotz \u00f6rtlicher Bet\u00e4ubung gibt es angenehmere Untersuchungen, aber es ist auszuhalten. Der Chefarzt h\u00f6chstpers\u00f6nlich nahm die Biopsie vor und konnte 3 Stanzproben aus der Leber entnehmen. Nun hie\u00df es warten, bis der histologische Befundvorlag.<\/p>\r\n\r\n\r\n\r\n<p>Ich glaube, 2 Tage sp\u00e4ter rief mich der Chefarzt in sein Dienstzimmer und teilte mir in kurzen und klaren Worten mit, dass die histologische Untersuchung ergeben hat, dass es sich bei dem \u201eFleck\u201c um eine Metastase handelt, welche eine Tochtergeschwulst aus einem Pankreastumor ist. Punkt. Der Himmel scheint \u00fcber einen zusammenzubrechen. Ein Gef\u00fchl, dass man einfach nicht beschreiben kann. Es gehen einem 1000 Fragen durch den Kopf\u2026.. wie geht es weiter, wielange habe ich noch zu leben, was muss ich noch kl\u00e4ren, wann und wie sage ich es meinen Angeh\u00f6rigen usw\u2026\u2026\u2026<\/p>\r\n<h5>tumormarker ca 19-9<\/h5>\r\n\r\n\r\n\r\n<p>Eine anschlie\u00dfende Blutuntersuchung, bei welcher auch der <a href=\"https:\/\/de.wikipedia.org\/wiki\/Tumormarker\" target=\"_blank\" rel=\"noreferrer noopener\" aria-label=\"Tumormarker (\u00f6ffnet in neuem Tab)\">Tumormarker<\/a> CA 19-9 bestimmt wurde, erbrachte einen Wert von 975. Der Referenzwert, also der Wert im Normalbereich, sollte kleiner als 35 sein. Dabei m\u00f6chte ich erw\u00e4hnen, dass ein erh\u00f6hter CA 19-9 Wert zwar nicht zwingend auf einen Tumor des Pankreas hinweist- aber bei den vorangegangenen Untersuchungsergebnissen passte der stark erh\u00f6hte Wert genau dazu.<\/p>\r\n\r\n\r\n\r\n<p>Nun stand es fest !!! Diagnose Bauchspeicheldr\u00fcsenkrebs. Ein Alptraum. Das gesamte Diagnoseprocedere dauerte insgesamt fast ein dreiviertel Jahr. Zeit, die verloren gegangen ist f\u00fcr eine fr\u00fcher beginnende Behandlung .<\/p>\r\n\r\n\r\n\r\n<h5>Zusammenfassung:<\/h5>\r\n\r\n\r\n\r\n<p>Leider hat sich auch bei mir gezeigt, dass es KEINE spezifischen Beschwerden gibt, die auf die Diagnose -Bauchspeicheldr\u00fcsenkrebs- hinweisen. Es gibt viele Betroffene, die unter Bauchschmerzen, R\u00fcckenschmerzen usw. leiden. Oftmals werden diese Beschwerden symptomatisch behandelt und verschwinden zeitweise auch wieder. Auch sollte man auf sein K\u00f6rpergewicht achten. Ein pl\u00f6tzlicher Gewichtsverlust sollte als lautes Alarmzeichen wahrgenommen werden !!!<\/p>\r\n\r\n\r\n\r\n<p>Und was den Teerstuhl betrifft\u2026.. der hatte in meinem Fall nichts mit dem Tumor zu tun. Es war das Ergebnis des vorangegangenen Abendessens- Flecke s\u00fc\u00df-sauer. Sie waren die Ursache des Teerstuhles und haben einen kleinen Anteil daran, dass ich heute noch lebe.<\/p>\r\n\r\n\r\n\r\n<p><a href=\"http:\/\/schalck.selfhost.eu\/\">Startseite<\/a><\/p>\r\n","protected":false},"excerpt":{"rendered":"<p>Leider gibt es bis heute keine einfachen zuverl\u00e4ssigen Tests, die Diagnose -Bauchspeicheldr\u00fcsenkrebs- zu stellen Oftmals ist das Erkennen ein Zufallsbefund. Oftmals kommt dieser Befund auch zu sp\u00e4t, denn wie bei vielen Tumorarten ist ein fr\u00fchzeitiges Erkennen \u00fcberaus wichtig f\u00fcr eine erfolgreiche Behandlung. Wie war es bei mir ? Begonnen hat alles im Januar 2017. An &hellip; <\/p>\n<p class=\"link-more\"><a href=\"https:\/\/schalck.selfhost.eu\/index.php\/diagnose-bauchspeicheldruesenkrebs\/\" class=\"more-link\"><span class=\"screen-reader-text\">\u201eDiagnose\u201c<\/span> weiterlesen<\/a><\/p>\n","protected":false},"author":1,"featured_media":0,"parent":0,"menu_order":0,"comment_status":"closed","ping_status":"closed","template":"","meta":{"footnotes":""},"class_list":["post-65","page","type-page","status-publish","hentry"],"yoast_head":"<!-- This site is optimized with the Yoast SEO plugin v26.8 - https:\/\/yoast.com\/product\/yoast-seo-wordpress\/ -->\n<title>Diagnose eines Bauchspeicheldr\u00fcsenkrebses<\/title>\n<meta name=\"description\" content=\"Der Weg zur entg\u00fcltigen Diagnose Bauchspeicheldr\u00fcsenkrebs CT, MRT, Ultraschall, Biopsie, Intraultraschall, Schwierigkeiten der Bildgebung\" \/>\n<meta name=\"robots\" content=\"index, follow, max-snippet:-1, max-image-preview:large, max-video-preview:-1\" \/>\n<link rel=\"canonical\" href=\"https:\/\/schalck.selfhost.eu\/index.php\/diagnose-bauchspeicheldruesenkrebs\/\" \/>\n<meta property=\"og:locale\" content=\"de_DE\" \/>\n<meta property=\"og:type\" content=\"article\" \/>\n<meta property=\"og:title\" content=\"Diagnose eines Bauchspeicheldr\u00fcsenkrebses\" \/>\n<meta property=\"og:description\" content=\"Der Weg zur entg\u00fcltigen Diagnose Bauchspeicheldr\u00fcsenkrebs CT, MRT, Ultraschall, Biopsie, Intraultraschall, Schwierigkeiten der Bildgebung\" \/>\n<meta property=\"og:url\" content=\"https:\/\/schalck.selfhost.eu\/index.php\/diagnose-bauchspeicheldruesenkrebs\/\" \/>\n<meta property=\"og:site_name\" content=\"Leben mit Bauchspeicheldr\u00fcsenkrebs\" \/>\n<meta property=\"article:publisher\" content=\"https:\/\/www.facebook.com\/mario.pestel.1\/\" \/>\n<meta property=\"article:modified_time\" content=\"2022-06-04T17:59:45+00:00\" \/>\n<meta property=\"og:image\" content=\"http:\/\/schalck.selfhost.eu\/wp-content\/uploads\/2022\/06\/endosonogramm-254x300.png\" \/>\n<meta name=\"twitter:card\" content=\"summary_large_image\" \/>\n<meta name=\"twitter:label1\" content=\"Gesch\u00e4tzte Lesezeit\" \/>\n\t<meta name=\"twitter:data1\" content=\"5\u00a0Minuten\" \/>\n<script type=\"application\/ld+json\" class=\"yoast-schema-graph\">{\"@context\":\"https:\/\/schema.org\",\"@graph\":[{\"@type\":\"WebPage\",\"@id\":\"https:\/\/schalck.selfhost.eu\/index.php\/diagnose-bauchspeicheldruesenkrebs\/\",\"url\":\"https:\/\/schalck.selfhost.eu\/index.php\/diagnose-bauchspeicheldruesenkrebs\/\",\"name\":\"Diagnose eines Bauchspeicheldr\u00fcsenkrebses\",\"isPartOf\":{\"@id\":\"https:\/\/schalck.selfhost.eu\/#website\"},\"primaryImageOfPage\":{\"@id\":\"https:\/\/schalck.selfhost.eu\/index.php\/diagnose-bauchspeicheldruesenkrebs\/#primaryimage\"},\"image\":{\"@id\":\"https:\/\/schalck.selfhost.eu\/index.php\/diagnose-bauchspeicheldruesenkrebs\/#primaryimage\"},\"thumbnailUrl\":\"http:\/\/schalck.selfhost.eu\/wp-content\/uploads\/2022\/06\/endosonogramm-254x300.png\",\"datePublished\":\"2022-06-01T20:46:42+00:00\",\"dateModified\":\"2022-06-04T17:59:45+00:00\",\"description\":\"Der Weg zur entg\u00fcltigen Diagnose Bauchspeicheldr\u00fcsenkrebs CT, MRT, Ultraschall, Biopsie, Intraultraschall, Schwierigkeiten der Bildgebung\",\"breadcrumb\":{\"@id\":\"https:\/\/schalck.selfhost.eu\/index.php\/diagnose-bauchspeicheldruesenkrebs\/#breadcrumb\"},\"inLanguage\":\"de\",\"potentialAction\":[{\"@type\":\"ReadAction\",\"target\":[\"https:\/\/schalck.selfhost.eu\/index.php\/diagnose-bauchspeicheldruesenkrebs\/\"]}]},{\"@type\":\"ImageObject\",\"inLanguage\":\"de\",\"@id\":\"https:\/\/schalck.selfhost.eu\/index.php\/diagnose-bauchspeicheldruesenkrebs\/#primaryimage\",\"url\":\"https:\/\/schalck.selfhost.eu\/wp-content\/uploads\/2022\/06\/endosonogramm.png\",\"contentUrl\":\"https:\/\/schalck.selfhost.eu\/wp-content\/uploads\/2022\/06\/endosonogramm.png\",\"width\":460,\"height\":543,\"caption\":\"Endosonogramm, Diganose BAuchspecheldr\u00fcsenkrebs\"},{\"@type\":\"BreadcrumbList\",\"@id\":\"https:\/\/schalck.selfhost.eu\/index.php\/diagnose-bauchspeicheldruesenkrebs\/#breadcrumb\",\"itemListElement\":[{\"@type\":\"ListItem\",\"position\":1,\"name\":\"Startseite\",\"item\":\"https:\/\/schalck.selfhost.eu\/\"},{\"@type\":\"ListItem\",\"position\":2,\"name\":\"Diagnose\"}]},{\"@type\":\"WebSite\",\"@id\":\"https:\/\/schalck.selfhost.eu\/#website\",\"url\":\"https:\/\/schalck.selfhost.eu\/\",\"name\":\"Leben mit Bauchspeicheldr\u00fcsenkrebs\",\"description\":\"Um anderen Hoffnungen zu machen\",\"publisher\":{\"@id\":\"https:\/\/schalck.selfhost.eu\/#\/schema\/person\/cd0824a06e96b3c806e10683f6aebf13\"},\"potentialAction\":[{\"@type\":\"SearchAction\",\"target\":{\"@type\":\"EntryPoint\",\"urlTemplate\":\"https:\/\/schalck.selfhost.eu\/?s={search_term_string}\"},\"query-input\":{\"@type\":\"PropertyValueSpecification\",\"valueRequired\":true,\"valueName\":\"search_term_string\"}}],\"inLanguage\":\"de\"},{\"@type\":[\"Person\",\"Organization\"],\"@id\":\"https:\/\/schalck.selfhost.eu\/#\/schema\/person\/cd0824a06e96b3c806e10683f6aebf13\",\"name\":\"schalck\",\"image\":{\"@type\":\"ImageObject\",\"inLanguage\":\"de\",\"@id\":\"https:\/\/schalck.selfhost.eu\/#\/schema\/person\/image\/\",\"url\":\"http:\/\/schalck.selfhost.eu\/wp-content\/uploads\/2022\/06\/cropped-Bauchspeicheldruese_1908934.jpg\",\"contentUrl\":\"http:\/\/schalck.selfhost.eu\/wp-content\/uploads\/2022\/06\/cropped-Bauchspeicheldruese_1908934.jpg\",\"width\":2000,\"height\":1198,\"caption\":\"schalck\"},\"logo\":{\"@id\":\"https:\/\/schalck.selfhost.eu\/#\/schema\/person\/image\/\"},\"sameAs\":[\"https:\/\/leben-mit-bauchspeicheldr\u00fcsenkrebs.de\",\"https:\/\/www.facebook.com\/mario.pestel.1\/\"]}]}<\/script>\n<!-- \/ Yoast SEO plugin. -->","yoast_head_json":{"title":"Diagnose eines Bauchspeicheldr\u00fcsenkrebses","description":"Der Weg zur entg\u00fcltigen Diagnose Bauchspeicheldr\u00fcsenkrebs CT, MRT, Ultraschall, Biopsie, Intraultraschall, Schwierigkeiten der Bildgebung","robots":{"index":"index","follow":"follow","max-snippet":"max-snippet:-1","max-image-preview":"max-image-preview:large","max-video-preview":"max-video-preview:-1"},"canonical":"https:\/\/schalck.selfhost.eu\/index.php\/diagnose-bauchspeicheldruesenkrebs\/","og_locale":"de_DE","og_type":"article","og_title":"Diagnose eines Bauchspeicheldr\u00fcsenkrebses","og_description":"Der Weg zur entg\u00fcltigen Diagnose Bauchspeicheldr\u00fcsenkrebs CT, MRT, Ultraschall, Biopsie, Intraultraschall, Schwierigkeiten der Bildgebung","og_url":"https:\/\/schalck.selfhost.eu\/index.php\/diagnose-bauchspeicheldruesenkrebs\/","og_site_name":"Leben mit Bauchspeicheldr\u00fcsenkrebs","article_publisher":"https:\/\/www.facebook.com\/mario.pestel.1\/","article_modified_time":"2022-06-04T17:59:45+00:00","og_image":[{"url":"http:\/\/schalck.selfhost.eu\/wp-content\/uploads\/2022\/06\/endosonogramm-254x300.png","type":"","width":"","height":""}],"twitter_card":"summary_large_image","twitter_misc":{"Gesch\u00e4tzte Lesezeit":"5\u00a0Minuten"},"schema":{"@context":"https:\/\/schema.org","@graph":[{"@type":"WebPage","@id":"https:\/\/schalck.selfhost.eu\/index.php\/diagnose-bauchspeicheldruesenkrebs\/","url":"https:\/\/schalck.selfhost.eu\/index.php\/diagnose-bauchspeicheldruesenkrebs\/","name":"Diagnose eines Bauchspeicheldr\u00fcsenkrebses","isPartOf":{"@id":"https:\/\/schalck.selfhost.eu\/#website"},"primaryImageOfPage":{"@id":"https:\/\/schalck.selfhost.eu\/index.php\/diagnose-bauchspeicheldruesenkrebs\/#primaryimage"},"image":{"@id":"https:\/\/schalck.selfhost.eu\/index.php\/diagnose-bauchspeicheldruesenkrebs\/#primaryimage"},"thumbnailUrl":"http:\/\/schalck.selfhost.eu\/wp-content\/uploads\/2022\/06\/endosonogramm-254x300.png","datePublished":"2022-06-01T20:46:42+00:00","dateModified":"2022-06-04T17:59:45+00:00","description":"Der Weg zur entg\u00fcltigen Diagnose Bauchspeicheldr\u00fcsenkrebs CT, MRT, Ultraschall, Biopsie, Intraultraschall, Schwierigkeiten der Bildgebung","breadcrumb":{"@id":"https:\/\/schalck.selfhost.eu\/index.php\/diagnose-bauchspeicheldruesenkrebs\/#breadcrumb"},"inLanguage":"de","potentialAction":[{"@type":"ReadAction","target":["https:\/\/schalck.selfhost.eu\/index.php\/diagnose-bauchspeicheldruesenkrebs\/"]}]},{"@type":"ImageObject","inLanguage":"de","@id":"https:\/\/schalck.selfhost.eu\/index.php\/diagnose-bauchspeicheldruesenkrebs\/#primaryimage","url":"https:\/\/schalck.selfhost.eu\/wp-content\/uploads\/2022\/06\/endosonogramm.png","contentUrl":"https:\/\/schalck.selfhost.eu\/wp-content\/uploads\/2022\/06\/endosonogramm.png","width":460,"height":543,"caption":"Endosonogramm, Diganose BAuchspecheldr\u00fcsenkrebs"},{"@type":"BreadcrumbList","@id":"https:\/\/schalck.selfhost.eu\/index.php\/diagnose-bauchspeicheldruesenkrebs\/#breadcrumb","itemListElement":[{"@type":"ListItem","position":1,"name":"Startseite","item":"https:\/\/schalck.selfhost.eu\/"},{"@type":"ListItem","position":2,"name":"Diagnose"}]},{"@type":"WebSite","@id":"https:\/\/schalck.selfhost.eu\/#website","url":"https:\/\/schalck.selfhost.eu\/","name":"Leben mit Bauchspeicheldr\u00fcsenkrebs","description":"Um anderen Hoffnungen zu machen","publisher":{"@id":"https:\/\/schalck.selfhost.eu\/#\/schema\/person\/cd0824a06e96b3c806e10683f6aebf13"},"potentialAction":[{"@type":"SearchAction","target":{"@type":"EntryPoint","urlTemplate":"https:\/\/schalck.selfhost.eu\/?s={search_term_string}"},"query-input":{"@type":"PropertyValueSpecification","valueRequired":true,"valueName":"search_term_string"}}],"inLanguage":"de"},{"@type":["Person","Organization"],"@id":"https:\/\/schalck.selfhost.eu\/#\/schema\/person\/cd0824a06e96b3c806e10683f6aebf13","name":"schalck","image":{"@type":"ImageObject","inLanguage":"de","@id":"https:\/\/schalck.selfhost.eu\/#\/schema\/person\/image\/","url":"http:\/\/schalck.selfhost.eu\/wp-content\/uploads\/2022\/06\/cropped-Bauchspeicheldruese_1908934.jpg","contentUrl":"http:\/\/schalck.selfhost.eu\/wp-content\/uploads\/2022\/06\/cropped-Bauchspeicheldruese_1908934.jpg","width":2000,"height":1198,"caption":"schalck"},"logo":{"@id":"https:\/\/schalck.selfhost.eu\/#\/schema\/person\/image\/"},"sameAs":["https:\/\/leben-mit-bauchspeicheldr\u00fcsenkrebs.de","https:\/\/www.facebook.com\/mario.pestel.1\/"]}]}},"_links":{"self":[{"href":"https:\/\/schalck.selfhost.eu\/index.php\/wp-json\/wp\/v2\/pages\/65","targetHints":{"allow":["GET"]}}],"collection":[{"href":"https:\/\/schalck.selfhost.eu\/index.php\/wp-json\/wp\/v2\/pages"}],"about":[{"href":"https:\/\/schalck.selfhost.eu\/index.php\/wp-json\/wp\/v2\/types\/page"}],"author":[{"embeddable":true,"href":"https:\/\/schalck.selfhost.eu\/index.php\/wp-json\/wp\/v2\/users\/1"}],"replies":[{"embeddable":true,"href":"https:\/\/schalck.selfhost.eu\/index.php\/wp-json\/wp\/v2\/comments?post=65"}],"version-history":[{"count":7,"href":"https:\/\/schalck.selfhost.eu\/index.php\/wp-json\/wp\/v2\/pages\/65\/revisions"}],"predecessor-version":[{"id":288,"href":"https:\/\/schalck.selfhost.eu\/index.php\/wp-json\/wp\/v2\/pages\/65\/revisions\/288"}],"wp:attachment":[{"href":"https:\/\/schalck.selfhost.eu\/index.php\/wp-json\/wp\/v2\/media?parent=65"}],"curies":[{"name":"wp","href":"https:\/\/api.w.org\/{rel}","templated":true}]}}