{"id":62,"date":"2022-06-01T22:44:55","date_gmt":"2022-06-01T20:44:55","guid":{"rendered":"http:\/\/schalck.selfhost.eu\/?page_id=62"},"modified":"2022-06-05T09:20:24","modified_gmt":"2022-06-05T07:20:24","slug":"statistiken","status":"publish","type":"page","link":"https:\/\/schalck.selfhost.eu\/index.php\/statistiken\/","title":{"rendered":"Statistiken"},"content":{"rendered":"\r\n<p>Hier habe ich einige Information zum Thema Statistik \u00dcberlebenszeit Bauchspeicheldr\u00fcsenkrebs.<\/p>\r\n<p>Wie man aus vielen Quellen erkennen kann ist die 5-Jahre-\u00dcberlebensrate bzw. das Langzeit\u00fcberleben bei Bauchspeicheldr\u00fcsenkrebs statistisch gesehen wesentlich schlechter als bei anderen Tumorarten.<\/p>\r\n\r\n\r\n\r\n<p>Quelle: <a href=\"http:\/\/www.krebsdaten.de\">www.krebsdaten.de<\/a><\/p>\r\n\r\n\r\n\r\n<figure class=\"wp-block-table is-style-stripes\">\r\n<table>\r\n<thead>\r\n<tr>\r\n<th><strong><br \/>2016<\/strong><\/th>\r\n<\/tr>\r\n<\/thead>\r\n<tbody>\r\n<tr>\r\n<td>\u00a0<\/td>\r\n<td><strong>Frauen<\/strong><\/td>\r\n<td><strong>M\u00e4nner<\/strong><\/td>\r\n<\/tr>\r\n<tr>\r\n<td>Neuerkrankungen<\/td>\r\n<td>9.190<\/td>\r\n<td>9.180<\/td>\r\n<\/tr>\r\n<tr>\r\n<td>standardisierte Erkrankungsrate\u00b9<\/td>\r\n<td>10,9<\/td>\r\n<td>14,4<\/td>\r\n<\/tr>\r\n<tr>\r\n<td>Sterbef\u00e4lle<\/td>\r\n<td>9.044<\/td>\r\n<td>9.008<\/td>\r\n<\/tr>\r\n<tr>\r\n<td>standardisierte Sterberate\u00b9<\/td>\r\n<td>10,1<\/td>\r\n<td>13,7<\/td>\r\n<\/tr>\r\n<tr>\r\n<td>5-Jahres-Pr\u00e4valenz<\/td>\r\n<td>10.600<\/td>\r\n<td>11.500<\/td>\r\n<\/tr>\r\n<tr>\r\n<td>10-Jahres-Pr\u00e4valenz<\/td>\r\n<td>13.500<\/td>\r\n<td>14.200<\/td>\r\n<\/tr>\r\n<tr>\r\n<td>relative 5-Jahres-\u00dcberlebensrate<\/td>\r\n<td>9 %<\/td>\r\n<td>9 %<\/td>\r\n<\/tr>\r\n<tr>\r\n<td>relative 10-Jahres-\u00dcberlebensrate<\/td>\r\n<td>7 %<\/td>\r\n<td>7 %<\/td>\r\n<\/tr>\r\n<\/tbody>\r\n<tfoot>\r\n<tr>\r\n<td>\u00b9\u00a0<em>je 100.000 Personen, altersstandardisiert nach altem Europastandard<\/em><\/td>\r\n<\/tr>\r\n<\/tfoot>\r\n<\/table>\r\n<\/figure>\r\n\r\n\r\n\r\n<p>Im Jahr 2016 erkrankten etwa 18.400 Menschen an Bauch\u00adspeichel\u00addr\u00fcsen\u00adkrebs (Pankreas\u00adkarzinom). Aufgrund der<a title=\"Prognose\" href=\"https:\/\/www.krebsdaten.de\/Krebs\/DE\/Content\/Krebsarten\/Bauchspeicheldruesenkrebs\/bauchspeicheldruesenkrebs_node.html\" target=\"_blank\" rel=\"noopener\"> ung\u00fcnstigen Prognose<\/a> verstarben auch fast ebenso viele Personen an dieser Erkrankung. Seit Ende der 1990er Jahresind die alters\u00adstandar\u00addisierten Erkrankungs- und Sterberaten leicht gestiegen, insbesondere in den h\u00f6heren Alters\u00adgruppen ab 65 Jahren. Die absolute Zahl der Neu\u00aderkrankungs- und Sterbe\u00adf\u00e4lle hat f\u00fcr beide Geschlechter \u00fcber die Jahre kon\u00adti\u00adnu\u00adierlich zu\u00adgenommen, auch aufgrund der demo\u00adgrafischen Ent\u00adwicklung.<\/p>\r\n\r\n\r\n\r\n<p>Quelle: <a href=\"http:\/\/www.aerzteblatt.de\">www.aerzteblatt.de<\/a><\/p>\r\n\r\n\r\n\r\n<figure class=\"wp-block-image\"><img decoding=\"async\" src=\"https:\/\/cdn.aerzteblatt.de\/bilder\/2008\/04\/img128852.gif\" alt=\"5-Jahre-\u00dcberlebensrate\" \/>\r\n<figcaption><br \/><br \/><\/figcaption>\r\n<\/figure>\r\n\r\n\r\n\r\n<p>Quelle: <a href=\"http:\/\/www.internisten-im-netz.de\">www.internisten-im-netz.de<\/a><\/p>\r\n\r\n\r\n\r\n<p>Die 5-Jahre-\u00dcberlebensrate f\u00fcr M\u00e4nner liegt dem Krebsregister des Robert Koch-Instituts zufolge\u00a0bei 6,4%, f\u00fcr Frauen bei 7,6%. Die Heilungschancen des Pankreaskarzinoms h\u00e4ngen jedoch stark\u00a0davon ab, wie fr\u00fchzeitig der\u00a0<a href=\"https:\/\/www.internisten-im-netz.de\/glossar\/begriff\/tumor.html\">Tumor<\/a>\u00a0erkannt wird. Eine Operation mit vollst\u00e4ndiger Entfernung des Tumors ist nur bei 15-20% der Patienten m\u00f6glich. Die 5-Jahre-\u00dcberlebensrate betr\u00e4gt dann 22-37%. Bei fortgeschrittenen Tumorstadien ist die Prognose schlechter, die 5-Jahres-\u00dcberlebensrate liegt zwischen 0,2 und 0,4%.<\/p>\r\n\r\n\r\n\r\n<p>Eine Sonderstellung nimmt das selten auftretende\u00a0<a href=\"https:\/\/www.internisten-im-netz.de\/glossar\/begriff\/zystadenokarzinom.html\">Zystadenokarzinom<\/a>\u00a0ein, das sehr lange \u00f6rtlich begrenzt bleibt. Die Prognose ist daher entsprechend g\u00fcnstiger. Die endokrinen Karzinome haben teilweise ebenfalls eine bessere Prognose.<\/p>\r\n\r\n\r\n\r\n<figure style=\"width: 2048px\" class=\"wp-caption alignnone\"><img loading=\"lazy\" decoding=\"async\" title=\"Statistik \u00dcberlebenszeit Bauchspeicheldr\u00fcsenkrebs\" src=\"https:\/\/www.gesundheitsindustrie-bw.de\/application\/files\/cache\/thumbnails\/36df256a9268742cabf4cc67e277f050.jpg\" alt=\"Statistik \u00dcberlebenszeit Bauchspeicheldr\u00fcsenkrebs\" width=\"2048\" height=\"1157\" \/><figcaption class=\"wp-caption-text\">Statistik \u00dcberlebenszeit Bauchspeicheldr\u00fcsenkrebs<\/figcaption><\/figure>\r\n\r\n\r\n\r\n<p>Suchbegriffe: 5-Jahre-\u00dcberlebensrate, \u00dcberlebenszeit, Statistik, Bauchspeicheldr\u00fcsenkrebs<\/p>\r\n\r\n\r\n\r\n<p><a href=\"http:\/\/schalck.selfhost.eu\/\">Startseite<\/a><\/p>\r\n<h6>Tag: Statistik \u00dcberlebenszeit Bauchspeicheldr\u00fcsenkrebs<\/h6>\r\n","protected":false},"excerpt":{"rendered":"<p>Hier habe ich einige Information zum Thema Statistik \u00dcberlebenszeit Bauchspeicheldr\u00fcsenkrebs. Wie man aus vielen Quellen erkennen kann ist die 5-Jahre-\u00dcberlebensrate bzw. das Langzeit\u00fcberleben bei Bauchspeicheldr\u00fcsenkrebs statistisch gesehen wesentlich schlechter als bei anderen Tumorarten. Quelle: www.krebsdaten.de 2016 \u00a0 Frauen M\u00e4nner Neuerkrankungen 9.190 9.180 standardisierte Erkrankungsrate\u00b9 10,9 14,4 Sterbef\u00e4lle 9.044 9.008 standardisierte Sterberate\u00b9 10,1 13,7 5-Jahres-Pr\u00e4valenz 10.600 &hellip; <\/p>\n<p class=\"link-more\"><a href=\"https:\/\/schalck.selfhost.eu\/index.php\/statistiken\/\" class=\"more-link\"><span class=\"screen-reader-text\">\u201eStatistiken\u201c<\/span> weiterlesen<\/a><\/p>\n","protected":false},"author":1,"featured_media":0,"parent":0,"menu_order":0,"comment_status":"closed","ping_status":"closed","template":"","meta":{"footnotes":""},"class_list":["post-62","page","type-page","status-publish","hentry"],"yoast_head":"<!-- This site is optimized with the Yoast SEO plugin v26.8 - https:\/\/yoast.com\/product\/yoast-seo-wordpress\/ -->\n<title>Statistik \u00dcberlebenszeit Bauchspeicheldr\u00fcsenkrebs<\/title>\n<meta name=\"description\" content=\"Wie hoch ist die Lebenserwartung bei Bauchspeicheldr\u00fcsenkrebs ? 5-Jahres-\u00dcberlebensrate, Statistik \u00dcberlebenszeit Bauchspeicheldr\u00fcsenkrebs\" \/>\n<meta name=\"robots\" content=\"index, follow, max-snippet:-1, max-image-preview:large, max-video-preview:-1\" \/>\n<link rel=\"canonical\" href=\"https:\/\/schalck.selfhost.eu\/index.php\/statistiken\/\" \/>\n<meta property=\"og:locale\" content=\"de_DE\" \/>\n<meta property=\"og:type\" content=\"article\" \/>\n<meta property=\"og:title\" content=\"Statistik \u00dcberlebenszeit Bauchspeicheldr\u00fcsenkrebs\" \/>\n<meta property=\"og:description\" content=\"Wie hoch ist die Lebenserwartung bei Bauchspeicheldr\u00fcsenkrebs ? 5-Jahres-\u00dcberlebensrate, Statistik \u00dcberlebenszeit Bauchspeicheldr\u00fcsenkrebs\" \/>\n<meta property=\"og:url\" content=\"https:\/\/schalck.selfhost.eu\/index.php\/statistiken\/\" \/>\n<meta property=\"og:site_name\" content=\"Leben mit Bauchspeicheldr\u00fcsenkrebs\" \/>\n<meta property=\"article:publisher\" content=\"https:\/\/www.facebook.com\/mario.pestel.1\/\" \/>\n<meta property=\"article:modified_time\" content=\"2022-06-05T07:20:24+00:00\" \/>\n<meta property=\"og:image\" content=\"https:\/\/cdn.aerzteblatt.de\/bilder\/2008\/04\/img128852.gif\" \/>\n<meta name=\"twitter:card\" content=\"summary_large_image\" \/>\n<meta name=\"twitter:label1\" content=\"Gesch\u00e4tzte Lesezeit\" \/>\n\t<meta name=\"twitter:data1\" content=\"2\u00a0Minuten\" \/>\n<script type=\"application\/ld+json\" class=\"yoast-schema-graph\">{\"@context\":\"https:\/\/schema.org\",\"@graph\":[{\"@type\":\"WebPage\",\"@id\":\"https:\/\/schalck.selfhost.eu\/index.php\/statistiken\/\",\"url\":\"https:\/\/schalck.selfhost.eu\/index.php\/statistiken\/\",\"name\":\"Statistik \u00dcberlebenszeit Bauchspeicheldr\u00fcsenkrebs\",\"isPartOf\":{\"@id\":\"https:\/\/schalck.selfhost.eu\/#website\"},\"primaryImageOfPage\":{\"@id\":\"https:\/\/schalck.selfhost.eu\/index.php\/statistiken\/#primaryimage\"},\"image\":{\"@id\":\"https:\/\/schalck.selfhost.eu\/index.php\/statistiken\/#primaryimage\"},\"thumbnailUrl\":\"https:\/\/cdn.aerzteblatt.de\/bilder\/2008\/04\/img128852.gif\",\"datePublished\":\"2022-06-01T20:44:55+00:00\",\"dateModified\":\"2022-06-05T07:20:24+00:00\",\"description\":\"Wie hoch ist die Lebenserwartung bei Bauchspeicheldr\u00fcsenkrebs ? 5-Jahres-\u00dcberlebensrate, Statistik \u00dcberlebenszeit Bauchspeicheldr\u00fcsenkrebs\",\"breadcrumb\":{\"@id\":\"https:\/\/schalck.selfhost.eu\/index.php\/statistiken\/#breadcrumb\"},\"inLanguage\":\"de\",\"potentialAction\":[{\"@type\":\"ReadAction\",\"target\":[\"https:\/\/schalck.selfhost.eu\/index.php\/statistiken\/\"]}]},{\"@type\":\"ImageObject\",\"inLanguage\":\"de\",\"@id\":\"https:\/\/schalck.selfhost.eu\/index.php\/statistiken\/#primaryimage\",\"url\":\"https:\/\/cdn.aerzteblatt.de\/bilder\/2008\/04\/img128852.gif\",\"contentUrl\":\"https:\/\/cdn.aerzteblatt.de\/bilder\/2008\/04\/img128852.gif\"},{\"@type\":\"BreadcrumbList\",\"@id\":\"https:\/\/schalck.selfhost.eu\/index.php\/statistiken\/#breadcrumb\",\"itemListElement\":[{\"@type\":\"ListItem\",\"position\":1,\"name\":\"Startseite\",\"item\":\"https:\/\/schalck.selfhost.eu\/\"},{\"@type\":\"ListItem\",\"position\":2,\"name\":\"Statistiken\"}]},{\"@type\":\"WebSite\",\"@id\":\"https:\/\/schalck.selfhost.eu\/#website\",\"url\":\"https:\/\/schalck.selfhost.eu\/\",\"name\":\"Leben mit Bauchspeicheldr\u00fcsenkrebs\",\"description\":\"Um anderen Hoffnungen zu machen\",\"publisher\":{\"@id\":\"https:\/\/schalck.selfhost.eu\/#\/schema\/person\/cd0824a06e96b3c806e10683f6aebf13\"},\"potentialAction\":[{\"@type\":\"SearchAction\",\"target\":{\"@type\":\"EntryPoint\",\"urlTemplate\":\"https:\/\/schalck.selfhost.eu\/?s={search_term_string}\"},\"query-input\":{\"@type\":\"PropertyValueSpecification\",\"valueRequired\":true,\"valueName\":\"search_term_string\"}}],\"inLanguage\":\"de\"},{\"@type\":[\"Person\",\"Organization\"],\"@id\":\"https:\/\/schalck.selfhost.eu\/#\/schema\/person\/cd0824a06e96b3c806e10683f6aebf13\",\"name\":\"schalck\",\"image\":{\"@type\":\"ImageObject\",\"inLanguage\":\"de\",\"@id\":\"https:\/\/schalck.selfhost.eu\/#\/schema\/person\/image\/\",\"url\":\"http:\/\/schalck.selfhost.eu\/wp-content\/uploads\/2022\/06\/cropped-Bauchspeicheldruese_1908934.jpg\",\"contentUrl\":\"http:\/\/schalck.selfhost.eu\/wp-content\/uploads\/2022\/06\/cropped-Bauchspeicheldruese_1908934.jpg\",\"width\":2000,\"height\":1198,\"caption\":\"schalck\"},\"logo\":{\"@id\":\"https:\/\/schalck.selfhost.eu\/#\/schema\/person\/image\/\"},\"sameAs\":[\"https:\/\/leben-mit-bauchspeicheldr\u00fcsenkrebs.de\",\"https:\/\/www.facebook.com\/mario.pestel.1\/\"]}]}<\/script>\n<!-- \/ Yoast SEO plugin. -->","yoast_head_json":{"title":"Statistik \u00dcberlebenszeit Bauchspeicheldr\u00fcsenkrebs","description":"Wie hoch ist die Lebenserwartung bei Bauchspeicheldr\u00fcsenkrebs ? 5-Jahres-\u00dcberlebensrate, Statistik \u00dcberlebenszeit Bauchspeicheldr\u00fcsenkrebs","robots":{"index":"index","follow":"follow","max-snippet":"max-snippet:-1","max-image-preview":"max-image-preview:large","max-video-preview":"max-video-preview:-1"},"canonical":"https:\/\/schalck.selfhost.eu\/index.php\/statistiken\/","og_locale":"de_DE","og_type":"article","og_title":"Statistik \u00dcberlebenszeit Bauchspeicheldr\u00fcsenkrebs","og_description":"Wie hoch ist die Lebenserwartung bei Bauchspeicheldr\u00fcsenkrebs ? 5-Jahres-\u00dcberlebensrate, Statistik \u00dcberlebenszeit Bauchspeicheldr\u00fcsenkrebs","og_url":"https:\/\/schalck.selfhost.eu\/index.php\/statistiken\/","og_site_name":"Leben mit Bauchspeicheldr\u00fcsenkrebs","article_publisher":"https:\/\/www.facebook.com\/mario.pestel.1\/","article_modified_time":"2022-06-05T07:20:24+00:00","og_image":[{"url":"https:\/\/cdn.aerzteblatt.de\/bilder\/2008\/04\/img128852.gif","type":"","width":"","height":""}],"twitter_card":"summary_large_image","twitter_misc":{"Gesch\u00e4tzte Lesezeit":"2\u00a0Minuten"},"schema":{"@context":"https:\/\/schema.org","@graph":[{"@type":"WebPage","@id":"https:\/\/schalck.selfhost.eu\/index.php\/statistiken\/","url":"https:\/\/schalck.selfhost.eu\/index.php\/statistiken\/","name":"Statistik \u00dcberlebenszeit Bauchspeicheldr\u00fcsenkrebs","isPartOf":{"@id":"https:\/\/schalck.selfhost.eu\/#website"},"primaryImageOfPage":{"@id":"https:\/\/schalck.selfhost.eu\/index.php\/statistiken\/#primaryimage"},"image":{"@id":"https:\/\/schalck.selfhost.eu\/index.php\/statistiken\/#primaryimage"},"thumbnailUrl":"https:\/\/cdn.aerzteblatt.de\/bilder\/2008\/04\/img128852.gif","datePublished":"2022-06-01T20:44:55+00:00","dateModified":"2022-06-05T07:20:24+00:00","description":"Wie hoch ist die Lebenserwartung bei Bauchspeicheldr\u00fcsenkrebs ? 5-Jahres-\u00dcberlebensrate, Statistik \u00dcberlebenszeit Bauchspeicheldr\u00fcsenkrebs","breadcrumb":{"@id":"https:\/\/schalck.selfhost.eu\/index.php\/statistiken\/#breadcrumb"},"inLanguage":"de","potentialAction":[{"@type":"ReadAction","target":["https:\/\/schalck.selfhost.eu\/index.php\/statistiken\/"]}]},{"@type":"ImageObject","inLanguage":"de","@id":"https:\/\/schalck.selfhost.eu\/index.php\/statistiken\/#primaryimage","url":"https:\/\/cdn.aerzteblatt.de\/bilder\/2008\/04\/img128852.gif","contentUrl":"https:\/\/cdn.aerzteblatt.de\/bilder\/2008\/04\/img128852.gif"},{"@type":"BreadcrumbList","@id":"https:\/\/schalck.selfhost.eu\/index.php\/statistiken\/#breadcrumb","itemListElement":[{"@type":"ListItem","position":1,"name":"Startseite","item":"https:\/\/schalck.selfhost.eu\/"},{"@type":"ListItem","position":2,"name":"Statistiken"}]},{"@type":"WebSite","@id":"https:\/\/schalck.selfhost.eu\/#website","url":"https:\/\/schalck.selfhost.eu\/","name":"Leben mit Bauchspeicheldr\u00fcsenkrebs","description":"Um anderen Hoffnungen zu machen","publisher":{"@id":"https:\/\/schalck.selfhost.eu\/#\/schema\/person\/cd0824a06e96b3c806e10683f6aebf13"},"potentialAction":[{"@type":"SearchAction","target":{"@type":"EntryPoint","urlTemplate":"https:\/\/schalck.selfhost.eu\/?s={search_term_string}"},"query-input":{"@type":"PropertyValueSpecification","valueRequired":true,"valueName":"search_term_string"}}],"inLanguage":"de"},{"@type":["Person","Organization"],"@id":"https:\/\/schalck.selfhost.eu\/#\/schema\/person\/cd0824a06e96b3c806e10683f6aebf13","name":"schalck","image":{"@type":"ImageObject","inLanguage":"de","@id":"https:\/\/schalck.selfhost.eu\/#\/schema\/person\/image\/","url":"http:\/\/schalck.selfhost.eu\/wp-content\/uploads\/2022\/06\/cropped-Bauchspeicheldruese_1908934.jpg","contentUrl":"http:\/\/schalck.selfhost.eu\/wp-content\/uploads\/2022\/06\/cropped-Bauchspeicheldruese_1908934.jpg","width":2000,"height":1198,"caption":"schalck"},"logo":{"@id":"https:\/\/schalck.selfhost.eu\/#\/schema\/person\/image\/"},"sameAs":["https:\/\/leben-mit-bauchspeicheldr\u00fcsenkrebs.de","https:\/\/www.facebook.com\/mario.pestel.1\/"]}]}},"_links":{"self":[{"href":"https:\/\/schalck.selfhost.eu\/index.php\/wp-json\/wp\/v2\/pages\/62","targetHints":{"allow":["GET"]}}],"collection":[{"href":"https:\/\/schalck.selfhost.eu\/index.php\/wp-json\/wp\/v2\/pages"}],"about":[{"href":"https:\/\/schalck.selfhost.eu\/index.php\/wp-json\/wp\/v2\/types\/page"}],"author":[{"embeddable":true,"href":"https:\/\/schalck.selfhost.eu\/index.php\/wp-json\/wp\/v2\/users\/1"}],"replies":[{"embeddable":true,"href":"https:\/\/schalck.selfhost.eu\/index.php\/wp-json\/wp\/v2\/comments?post=62"}],"version-history":[{"count":8,"href":"https:\/\/schalck.selfhost.eu\/index.php\/wp-json\/wp\/v2\/pages\/62\/revisions"}],"predecessor-version":[{"id":349,"href":"https:\/\/schalck.selfhost.eu\/index.php\/wp-json\/wp\/v2\/pages\/62\/revisions\/349"}],"wp:attachment":[{"href":"https:\/\/schalck.selfhost.eu\/index.php\/wp-json\/wp\/v2\/media?parent=62"}],"curies":[{"name":"wp","href":"https:\/\/api.w.org\/{rel}","templated":true}]}}