{"id":56,"date":"2022-06-01T22:36:55","date_gmt":"2022-06-01T20:36:55","guid":{"rendered":"http:\/\/schalck.selfhost.eu\/?page_id=56"},"modified":"2022-06-05T07:24:58","modified_gmt":"2022-06-05T05:24:58","slug":"plan-b","status":"publish","type":"page","link":"https:\/\/schalck.selfhost.eu\/index.php\/plan-b\/","title":{"rendered":"Plan B"},"content":{"rendered":"\r\n<p>Keine Operation m\u00f6glich ? Zum Gl\u00fcck hatte ich einen Plan B &#8211; Operation trotz Metastase<\/p>\r\n<p>Der Zufall kann ein guter Freund sein. Wir waren bei unseren Nachbarn eingeladen. Ich entschloss mich, unseren Nachbarn von meiner Diagnose Bescheid zugeben, um unn\u00f6tigen Fragen zu entgehen, wenn ich m\u00f6glicherweise schon zeitig am Abend die gesellige Runde verlasse um schlafen zu gehen. Die Freunde berichteten mir, dass sie auch einen Bekannten haben, welcher an der gleichen Krankheit litt und er in Stralsund in einer Klinik operiert wurde. Einzelheiten kannten sie nicht aber sie stellten f\u00fcr mich den Kontakt zu diesem Bekannten her. Gleich am n\u00e4chsten Tag kontaktierte ich ihn und wir trafen uns. Er erz\u00e4hlte mir seine gesamte Geschichte. Dabei verriet er mir auch die Klinik und den Namen des Operateurs und die Notwenigkeit eines PET-CT. <a href=\"https:\/\/www.helios-gesundheit.de\/kliniken\/stralsund\/\" target=\"_blank\" rel=\"noreferrer noopener\" aria-label=\"Helius-Klinik Stralsund (\u00f6ffnet in neuem Tab)\">Helios-Klinik Stralsund<\/a> und <a href=\"https:\/\/www.leading-medicine-guide.de\/spezialisten\/matthias-birth-stralsund\" target=\"_blank\" rel=\"noreferrer noopener\" aria-label=\"Prof. Dr. Birth (\u00f6ffnet in neuem Tab)\">Prof. Dr. Birth<\/a>.<\/p>\r\n\r\n\r\n\r\n<p>Ich informierte mich im Internet \u00fcber diesen Arzt und erfuhr, dass Prof. Birth gro\u00dfe Erfahrung im Bereich der <a href=\"https:\/\/www.primomedico.com\/de\/behandlung\/pankreaschirurgie\/\" target=\"_blank\" rel=\"noreferrer noopener\" aria-label=\"Bauchspeicheldr\u00fcsenoperationen (\u00f6ffnet in neuem Tab)\">Bauchspeicheldr\u00fcsenoperationen<\/a> hat. Auch verwende er eine spezielle Methode um die Schnittr\u00e4nder nach dem Herausschneiden des Tumors von restlichen Tumorzellen zu s\u00e4ubern. Diese nennt sich <a href=\"https:\/\/de.wikipedia.org\/wiki\/Irreversible_Elektroporation\" target=\"_blank\" rel=\"noreferrer noopener\" aria-label=\"irreversible Elektroporation (\u00f6ffnet in neuem Tab)\">irreversible Elektroporation<\/a>. Prof. Bith erl\u00e4utert diese Behandlungsmethode in einem Video, was ich euch auch hier auf dieser Seite verlinke.<\/p>\r\n<h5>.<\/h5>\r\n\r\n\r\n\r\n<p>Ich habe dann schnellstm\u00f6glich Prof. Bith per Email kontaktiert und ihm meine Situation geschildert. Nur wenige Tage sp\u00e4ter rief mich Prof. Bith an. In einem kurzen Gespr\u00e4ch bat er mich, ihm meine bisherigen Unterlagen und Befunde zuzusenden. Weiterhin solle ich mich um ein sogenanntes PET-CT bem\u00fchen um auch diesen Befund zur Verf\u00fcgung zu stellen.<\/p>\r\n\r\n\r\n\r\n<p>Was ist ein PET-CT ?<\/p>\r\n<p><a href=\"http:\/\/schalck.selfhost.eu\/wp-content\/uploads\/2022\/06\/PET_CT_high_de.jpg\"><img loading=\"lazy\" decoding=\"async\" class=\"alignnone wp-image-209 size-medium\" src=\"http:\/\/schalck.selfhost.eu\/wp-content\/uploads\/2022\/06\/PET_CT_high_de-300x300.jpg\" alt=\"Plan B - Operation trotz Metastase\" width=\"300\" height=\"300\" srcset=\"https:\/\/schalck.selfhost.eu\/wp-content\/uploads\/2022\/06\/PET_CT_high_de-300x300.jpg 300w, https:\/\/schalck.selfhost.eu\/wp-content\/uploads\/2022\/06\/PET_CT_high_de-150x150.jpg 150w, https:\/\/schalck.selfhost.eu\/wp-content\/uploads\/2022\/06\/PET_CT_high_de-100x100.jpg 100w, https:\/\/schalck.selfhost.eu\/wp-content\/uploads\/2022\/06\/PET_CT_high_de.jpg 512w\" sizes=\"auto, (max-width: 300px) 100vw, 300px\" \/><\/a><\/p>\r\n\r\n\r\n\r\n\r\n\r\n<p>Zitat <a href=\"http:\/\/www.krebsinformationsdienst.de\">www.krebsinformationsdienst.de<\/a><\/p>\r\n\r\n\r\n\r\n<p class=\"has-small-font-size\">\u201e<em><strong>Die Positronen-Emissions-Tomographie (PET) geh\u00f6rt zu den bildgebenden Untersuchungsverfahren. Mit ihrer Hilfe k\u00f6nnen Stoffwechselvorg\u00e4nge im K\u00f6rper sichtbar gemacht werden. Dazu nutzt sie radioaktiv markierten Traubenzucker oder andere Substanzen, die als &#8222;Tracer&#8220; bezeichnet werden. Patienten erhalten diese &#8222;Tracer&#8220; in die Blutbahn gespritzt. Eine Messeinheit und ein angeschlossener Computer berechnen Bilder aus der Strahlung, die der K\u00f6rper in den einzelnen Regionen wieder abgibt: Je nach Stoffwechselaktivit\u00e4t reichern sich die Substanzen unterschiedlich stark in verschiedenen K\u00f6rperregionen an. Tumoren und Metastasen haben oft einen anderen Energiestoffwechsel als gesundes Gewebe: Unterschiede lassen sich auf den PET-Bildern daher gut erkennen.\u201c<\/strong><\/em><\/p>\r\n<h5>.<\/h5>\r\n\r\n\r\n\r\n<p>Diese Untersuchung lie\u00df ich durchf\u00fchren und schickte auch diese Unterlagen nach Stralsund. Dann hie\u00df es warten.<\/p>\r\n\r\n\r\n\r\n<p>Bis zu diesem Zeitpunkt hatte ich auch meine 8. Chemotherapie hinter mich gebracht. Der CA-19-9 Wert war gesunken, aber immer noch weit vom Referenzwert entfernt. Mein Fall wurde ein weiteres Mal im Tumorboard besprochen. Mit dem gleichen Ergebnis wie beim ersten Mal. NICHT OPERABEL.<\/p>\r\n\r\n\r\n\r\n<p>Anfang Februar 2018 erhielt ich gegen Mittag einen Anruf. Es war Prof. Birth. Er teilte mir mit, dass er und sein Team meine Unterlagen ausgewertet haben. Und dann kam ein Satz, den ich wohl nie vergessen werde: \u201eKommen Sie am 26.02.2018 in die Klinik, ich werde Sie am 27.02.2018 operieren\u201c<\/p>\r\n\r\n\r\n\r\n<p>Jetzt suchte ich nicht mehr nach einem Plan B- jetzt gab es einen Plan B !!!<\/p>\r\n\r\n\r\n\r\n<p><a href=\"http:\/\/schalck.selfhost.eu\/\">Startseite<\/a><\/p>\r\n<h6>Tag Plan B &#8211; Operation trotz Metastase<\/h6>\r\n","protected":false},"excerpt":{"rendered":"<p>Keine Operation m\u00f6glich ? Zum Gl\u00fcck hatte ich einen Plan B &#8211; Operation trotz Metastase Der Zufall kann ein guter Freund sein. Wir waren bei unseren Nachbarn eingeladen. Ich entschloss mich, unseren Nachbarn von meiner Diagnose Bescheid zugeben, um unn\u00f6tigen Fragen zu entgehen, wenn ich m\u00f6glicherweise schon zeitig am Abend die gesellige Runde verlasse um &hellip; <\/p>\n<p class=\"link-more\"><a href=\"https:\/\/schalck.selfhost.eu\/index.php\/plan-b\/\" class=\"more-link\"><span class=\"screen-reader-text\">\u201ePlan B\u201c<\/span> weiterlesen<\/a><\/p>\n","protected":false},"author":1,"featured_media":0,"parent":0,"menu_order":0,"comment_status":"closed","ping_status":"closed","template":"","meta":{"footnotes":""},"class_list":["post-56","page","type-page","status-publish","hentry"],"yoast_head":"<!-- This site is optimized with the Yoast SEO plugin v26.8 - https:\/\/yoast.com\/product\/yoast-seo-wordpress\/ -->\n<title>Plan B - Operation trotz Metastase<\/title>\n<meta name=\"description\" content=\"Es ist wichtig, IMMER einen Plan B zu haben... gewappnet f\u00fcr den Fall der F\u00e4lle, Plan B - Operation trotz Metastase\" \/>\n<meta name=\"robots\" content=\"index, follow, max-snippet:-1, max-image-preview:large, max-video-preview:-1\" \/>\n<link rel=\"canonical\" href=\"https:\/\/schalck.selfhost.eu\/index.php\/plan-b\/\" \/>\n<meta property=\"og:locale\" content=\"de_DE\" \/>\n<meta property=\"og:type\" content=\"article\" \/>\n<meta property=\"og:title\" content=\"Plan B - Operation trotz Metastase\" \/>\n<meta property=\"og:description\" content=\"Es ist wichtig, IMMER einen Plan B zu haben... gewappnet f\u00fcr den Fall der F\u00e4lle, Plan B - Operation trotz Metastase\" \/>\n<meta property=\"og:url\" content=\"https:\/\/schalck.selfhost.eu\/index.php\/plan-b\/\" \/>\n<meta property=\"og:site_name\" content=\"Leben mit Bauchspeicheldr\u00fcsenkrebs\" \/>\n<meta property=\"article:publisher\" content=\"https:\/\/www.facebook.com\/mario.pestel.1\/\" \/>\n<meta property=\"article:modified_time\" content=\"2022-06-05T05:24:58+00:00\" \/>\n<meta property=\"og:image\" content=\"http:\/\/schalck.selfhost.eu\/wp-content\/uploads\/2022\/06\/PET_CT_high_de-300x300.jpg\" \/>\n<meta name=\"twitter:card\" content=\"summary_large_image\" \/>\n<meta name=\"twitter:label1\" content=\"Gesch\u00e4tzte Lesezeit\" \/>\n\t<meta name=\"twitter:data1\" content=\"3\u00a0Minuten\" \/>\n<script type=\"application\/ld+json\" class=\"yoast-schema-graph\">{\"@context\":\"https:\/\/schema.org\",\"@graph\":[{\"@type\":\"WebPage\",\"@id\":\"https:\/\/schalck.selfhost.eu\/index.php\/plan-b\/\",\"url\":\"https:\/\/schalck.selfhost.eu\/index.php\/plan-b\/\",\"name\":\"Plan B - Operation trotz Metastase\",\"isPartOf\":{\"@id\":\"https:\/\/schalck.selfhost.eu\/#website\"},\"primaryImageOfPage\":{\"@id\":\"https:\/\/schalck.selfhost.eu\/index.php\/plan-b\/#primaryimage\"},\"image\":{\"@id\":\"https:\/\/schalck.selfhost.eu\/index.php\/plan-b\/#primaryimage\"},\"thumbnailUrl\":\"http:\/\/schalck.selfhost.eu\/wp-content\/uploads\/2022\/06\/PET_CT_high_de-300x300.jpg\",\"datePublished\":\"2022-06-01T20:36:55+00:00\",\"dateModified\":\"2022-06-05T05:24:58+00:00\",\"description\":\"Es ist wichtig, IMMER einen Plan B zu haben... gewappnet f\u00fcr den Fall der F\u00e4lle, Plan B - Operation trotz Metastase\",\"breadcrumb\":{\"@id\":\"https:\/\/schalck.selfhost.eu\/index.php\/plan-b\/#breadcrumb\"},\"inLanguage\":\"de\",\"potentialAction\":[{\"@type\":\"ReadAction\",\"target\":[\"https:\/\/schalck.selfhost.eu\/index.php\/plan-b\/\"]}]},{\"@type\":\"ImageObject\",\"inLanguage\":\"de\",\"@id\":\"https:\/\/schalck.selfhost.eu\/index.php\/plan-b\/#primaryimage\",\"url\":\"https:\/\/schalck.selfhost.eu\/wp-content\/uploads\/2022\/06\/PET_CT_high_de.jpg\",\"contentUrl\":\"https:\/\/schalck.selfhost.eu\/wp-content\/uploads\/2022\/06\/PET_CT_high_de.jpg\",\"width\":512,\"height\":512,\"caption\":\"PET-CT\"},{\"@type\":\"BreadcrumbList\",\"@id\":\"https:\/\/schalck.selfhost.eu\/index.php\/plan-b\/#breadcrumb\",\"itemListElement\":[{\"@type\":\"ListItem\",\"position\":1,\"name\":\"Startseite\",\"item\":\"https:\/\/schalck.selfhost.eu\/\"},{\"@type\":\"ListItem\",\"position\":2,\"name\":\"Plan B\"}]},{\"@type\":\"WebSite\",\"@id\":\"https:\/\/schalck.selfhost.eu\/#website\",\"url\":\"https:\/\/schalck.selfhost.eu\/\",\"name\":\"Leben mit Bauchspeicheldr\u00fcsenkrebs\",\"description\":\"Um anderen Hoffnungen zu machen\",\"publisher\":{\"@id\":\"https:\/\/schalck.selfhost.eu\/#\/schema\/person\/cd0824a06e96b3c806e10683f6aebf13\"},\"potentialAction\":[{\"@type\":\"SearchAction\",\"target\":{\"@type\":\"EntryPoint\",\"urlTemplate\":\"https:\/\/schalck.selfhost.eu\/?s={search_term_string}\"},\"query-input\":{\"@type\":\"PropertyValueSpecification\",\"valueRequired\":true,\"valueName\":\"search_term_string\"}}],\"inLanguage\":\"de\"},{\"@type\":[\"Person\",\"Organization\"],\"@id\":\"https:\/\/schalck.selfhost.eu\/#\/schema\/person\/cd0824a06e96b3c806e10683f6aebf13\",\"name\":\"schalck\",\"image\":{\"@type\":\"ImageObject\",\"inLanguage\":\"de\",\"@id\":\"https:\/\/schalck.selfhost.eu\/#\/schema\/person\/image\/\",\"url\":\"http:\/\/schalck.selfhost.eu\/wp-content\/uploads\/2022\/06\/cropped-Bauchspeicheldruese_1908934.jpg\",\"contentUrl\":\"http:\/\/schalck.selfhost.eu\/wp-content\/uploads\/2022\/06\/cropped-Bauchspeicheldruese_1908934.jpg\",\"width\":2000,\"height\":1198,\"caption\":\"schalck\"},\"logo\":{\"@id\":\"https:\/\/schalck.selfhost.eu\/#\/schema\/person\/image\/\"},\"sameAs\":[\"https:\/\/leben-mit-bauchspeicheldr\u00fcsenkrebs.de\",\"https:\/\/www.facebook.com\/mario.pestel.1\/\"]}]}<\/script>\n<!-- \/ Yoast SEO plugin. -->","yoast_head_json":{"title":"Plan B - Operation trotz Metastase","description":"Es ist wichtig, IMMER einen Plan B zu haben... gewappnet f\u00fcr den Fall der F\u00e4lle, Plan B - Operation trotz Metastase","robots":{"index":"index","follow":"follow","max-snippet":"max-snippet:-1","max-image-preview":"max-image-preview:large","max-video-preview":"max-video-preview:-1"},"canonical":"https:\/\/schalck.selfhost.eu\/index.php\/plan-b\/","og_locale":"de_DE","og_type":"article","og_title":"Plan B - Operation trotz Metastase","og_description":"Es ist wichtig, IMMER einen Plan B zu haben... gewappnet f\u00fcr den Fall der F\u00e4lle, Plan B - Operation trotz Metastase","og_url":"https:\/\/schalck.selfhost.eu\/index.php\/plan-b\/","og_site_name":"Leben mit Bauchspeicheldr\u00fcsenkrebs","article_publisher":"https:\/\/www.facebook.com\/mario.pestel.1\/","article_modified_time":"2022-06-05T05:24:58+00:00","og_image":[{"url":"http:\/\/schalck.selfhost.eu\/wp-content\/uploads\/2022\/06\/PET_CT_high_de-300x300.jpg","type":"","width":"","height":""}],"twitter_card":"summary_large_image","twitter_misc":{"Gesch\u00e4tzte Lesezeit":"3\u00a0Minuten"},"schema":{"@context":"https:\/\/schema.org","@graph":[{"@type":"WebPage","@id":"https:\/\/schalck.selfhost.eu\/index.php\/plan-b\/","url":"https:\/\/schalck.selfhost.eu\/index.php\/plan-b\/","name":"Plan B - Operation trotz Metastase","isPartOf":{"@id":"https:\/\/schalck.selfhost.eu\/#website"},"primaryImageOfPage":{"@id":"https:\/\/schalck.selfhost.eu\/index.php\/plan-b\/#primaryimage"},"image":{"@id":"https:\/\/schalck.selfhost.eu\/index.php\/plan-b\/#primaryimage"},"thumbnailUrl":"http:\/\/schalck.selfhost.eu\/wp-content\/uploads\/2022\/06\/PET_CT_high_de-300x300.jpg","datePublished":"2022-06-01T20:36:55+00:00","dateModified":"2022-06-05T05:24:58+00:00","description":"Es ist wichtig, IMMER einen Plan B zu haben... gewappnet f\u00fcr den Fall der F\u00e4lle, Plan B - Operation trotz Metastase","breadcrumb":{"@id":"https:\/\/schalck.selfhost.eu\/index.php\/plan-b\/#breadcrumb"},"inLanguage":"de","potentialAction":[{"@type":"ReadAction","target":["https:\/\/schalck.selfhost.eu\/index.php\/plan-b\/"]}]},{"@type":"ImageObject","inLanguage":"de","@id":"https:\/\/schalck.selfhost.eu\/index.php\/plan-b\/#primaryimage","url":"https:\/\/schalck.selfhost.eu\/wp-content\/uploads\/2022\/06\/PET_CT_high_de.jpg","contentUrl":"https:\/\/schalck.selfhost.eu\/wp-content\/uploads\/2022\/06\/PET_CT_high_de.jpg","width":512,"height":512,"caption":"PET-CT"},{"@type":"BreadcrumbList","@id":"https:\/\/schalck.selfhost.eu\/index.php\/plan-b\/#breadcrumb","itemListElement":[{"@type":"ListItem","position":1,"name":"Startseite","item":"https:\/\/schalck.selfhost.eu\/"},{"@type":"ListItem","position":2,"name":"Plan B"}]},{"@type":"WebSite","@id":"https:\/\/schalck.selfhost.eu\/#website","url":"https:\/\/schalck.selfhost.eu\/","name":"Leben mit Bauchspeicheldr\u00fcsenkrebs","description":"Um anderen Hoffnungen zu machen","publisher":{"@id":"https:\/\/schalck.selfhost.eu\/#\/schema\/person\/cd0824a06e96b3c806e10683f6aebf13"},"potentialAction":[{"@type":"SearchAction","target":{"@type":"EntryPoint","urlTemplate":"https:\/\/schalck.selfhost.eu\/?s={search_term_string}"},"query-input":{"@type":"PropertyValueSpecification","valueRequired":true,"valueName":"search_term_string"}}],"inLanguage":"de"},{"@type":["Person","Organization"],"@id":"https:\/\/schalck.selfhost.eu\/#\/schema\/person\/cd0824a06e96b3c806e10683f6aebf13","name":"schalck","image":{"@type":"ImageObject","inLanguage":"de","@id":"https:\/\/schalck.selfhost.eu\/#\/schema\/person\/image\/","url":"http:\/\/schalck.selfhost.eu\/wp-content\/uploads\/2022\/06\/cropped-Bauchspeicheldruese_1908934.jpg","contentUrl":"http:\/\/schalck.selfhost.eu\/wp-content\/uploads\/2022\/06\/cropped-Bauchspeicheldruese_1908934.jpg","width":2000,"height":1198,"caption":"schalck"},"logo":{"@id":"https:\/\/schalck.selfhost.eu\/#\/schema\/person\/image\/"},"sameAs":["https:\/\/leben-mit-bauchspeicheldr\u00fcsenkrebs.de","https:\/\/www.facebook.com\/mario.pestel.1\/"]}]}},"_links":{"self":[{"href":"https:\/\/schalck.selfhost.eu\/index.php\/wp-json\/wp\/v2\/pages\/56","targetHints":{"allow":["GET"]}}],"collection":[{"href":"https:\/\/schalck.selfhost.eu\/index.php\/wp-json\/wp\/v2\/pages"}],"about":[{"href":"https:\/\/schalck.selfhost.eu\/index.php\/wp-json\/wp\/v2\/types\/page"}],"author":[{"embeddable":true,"href":"https:\/\/schalck.selfhost.eu\/index.php\/wp-json\/wp\/v2\/users\/1"}],"replies":[{"embeddable":true,"href":"https:\/\/schalck.selfhost.eu\/index.php\/wp-json\/wp\/v2\/comments?post=56"}],"version-history":[{"count":12,"href":"https:\/\/schalck.selfhost.eu\/index.php\/wp-json\/wp\/v2\/pages\/56\/revisions"}],"predecessor-version":[{"id":324,"href":"https:\/\/schalck.selfhost.eu\/index.php\/wp-json\/wp\/v2\/pages\/56\/revisions\/324"}],"wp:attachment":[{"href":"https:\/\/schalck.selfhost.eu\/index.php\/wp-json\/wp\/v2\/media?parent=56"}],"curies":[{"name":"wp","href":"https:\/\/api.w.org\/{rel}","templated":true}]}}