{"id":2,"date":"2022-06-01T10:22:05","date_gmt":"2022-06-01T08:22:05","guid":{"rendered":"http:\/\/192.168.57.47\/?page_id=2"},"modified":"2022-06-13T09:12:36","modified_gmt":"2022-06-13T07:12:36","slug":"chemotherapie-folfirinox","status":"publish","type":"page","link":"https:\/\/schalck.selfhost.eu\/index.php\/chemotherapie-folfirinox\/","title":{"rendered":"Chemotherapie-Folfirinox"},"content":{"rendered":"\r\n<p><strong>Chemotherapie-Folfirinox<\/strong><\/p>\r\n<p>Mein Befund wurde in den darauffolgenden Tagen im sogenannten Tumor-Board besprochen. Dabei versammeln sich \u00c4rzte der verschiedenen Disziplinen. Chirurgen, Onkologen, Internisten usw. Sie bewerten den die vorliegenden Befunde und legen die weitere Verfahrensweise fest. In meinem Fall war das niederschmetternde Ergebnis: Nicht operabel !!! N\u00e4chste Ma\u00dfnahme: <a href=\"https:\/\/de.wikipedia.org\/wiki\/Palliativmedizin\" target=\"_blank\" rel=\"noreferrer noopener\" aria-label=\"Palliative (\u00f6ffnet in neuem Tab)\">Palliative<\/a> <strong>Chemotherapie-Folfirinox<\/strong> gegen den Bauchspeicheldr\u00fcsenkrebs. Schon allein das Wort \u201epalliativ\u201c.<\/p>\r\n\r\n\r\n\r\n<p>Zitat Wikipedia:<\/p>\r\n\r\n\r\n\r\n<p class=\"has-small-font-size\"><strong><em>\u201eAls palliative Therapie oder Palliativtherapie bezeichnet man eine medizinische Behandlung, die nicht auf die Heilung einer Erkrankung abzielt, sondern darauf, die Symptome zu lindern oder sonstige nachteilige Folgen zu reduzieren um die Lebensqualit\u00e4t zu verbessern\u201c<\/em><\/strong><\/p>\r\n\r\n\r\n\r\n<p>Das war nat\u00fcrlich der n\u00e4chste Schock. Aber welche M\u00f6glichkeit hatte ich denn ! Keine.<\/p>\r\n\r\n\r\n\r\n<p>Meine behandelnde \u00c4rztin, Frau F., erkl\u00e4rte mir den Ablauf der <a href=\"https:\/\/deutsch.medscape.com\/artikel\/4900690\" target=\"_blank\" rel=\"noopener\">Chemotherapie-Folfirino<\/a>x. Sie schlug mir vor, eine Chemo mit dem Mittel \u201e<a href=\"https:\/\/www.aerzteblatt.de\/archiv\/95509\/Metastasiertes-Pankreaskarzinom-Folfirinox-als-neue-Erstlinienoption\" target=\"_blank\" rel=\"noreferrer noopener\" aria-label=\"Folfirinox (\u00f6ffnet in neuem Tab)\">Folfirinox<\/a>\u201c durchzuf\u00fchren. Sie erkl\u00e4rte mir, dass Folfirinox ein sehr \u201ehartes\u201c Mittel sei und es nur Patienten verabreicht wird, die sich in einem guten Allgemeinzustand befinden. Da ich sehr viel Sport treibe war ich gl\u00fccklicherweise in einem solchen Zustand. Es wurden 8 Chemo-Runden verordnet. Alle 14 Tage ein Durchgang. Weiterhin wurde kurze Zeit sp\u00e4ter ein OP-Termin angesetzt, bei dem ein sogenannter Chemo-Port oberhalb der rechten Brust eingesetzt wurde. Ja, es gibt auch die M\u00f6glichkeit, die Medikamente \u00fcber eine Vene aufzunehmen, aber die Nebenwirkungen (Entz\u00fcndungen usw.) sind nicht so prickelnd. In einer ca. 20-min\u00fctigen OP wurde der Port eingesetzt. Jetzt ziert eine kleine Beule meine Brust. Das Teil st\u00f6rt eigentlich nicht und der Anblick ist auch akzeptabel. Im Nachhinein kann ich sagen, dass diese Erfindung eine tolle Sache ist und ich jedem- dem eine Chemo ins Haus steht- nur raten kann, sich einen solchen Port setzen zu lassen.<\/p>\r\n<figure id=\"attachment_406\" aria-describedby=\"caption-attachment-406\" style=\"width: 300px\" class=\"wp-caption alignnone\"><img loading=\"lazy\" decoding=\"async\" class=\"size-medium wp-image-406\" src=\"http:\/\/schalck.selfhost.eu\/wp-content\/uploads\/2022\/06\/chemoport-300x281.png\" alt=\"chemotherapie-folfirinox\" width=\"300\" height=\"281\" srcset=\"https:\/\/schalck.selfhost.eu\/wp-content\/uploads\/2022\/06\/chemoport-300x281.png 300w, https:\/\/schalck.selfhost.eu\/wp-content\/uploads\/2022\/06\/chemoport.png 450w\" sizes=\"auto, (max-width: 300px) 100vw, 300px\" \/><figcaption id=\"caption-attachment-406\" class=\"wp-caption-text\">chemotherapie-folfirinox chemoport<\/figcaption><\/figure>\r\n\r\n\r\n\r\n\r\n\r\n<p>Am Abend vor der ersten Chemo war ich ziemlich nerv\u00f6s. Ich hatte keine Ahnung, wie es sich anf\u00fchlen wird, wie ich es vertragen werden. Muss ich mich- wie oft berichtet- oftmals \u00fcbergeben, werde ich st\u00e4ndig auf der Toilette sein, werde ich Schmerzen haben und und und\u2026..<\/p>\r\n<h5>Die <strong>Chemotherapie-Folfirinox<\/strong> beginnt<\/h5>\r\n\r\n\r\n\r\n<p>Am Morgen der ersten <strong>Chemotherapie-Folfirinox<\/strong> fuhr ich zum Krankenhaus und lie\u00df mich aufnehmen. Papierkram, Blutuntersuchung und dann warten. Dann die eigentliche Aufnahme auf der Station. Ich bekam ein Bett in einem Dreibettzimmer. Die beiden anderen Leidensgenossen unterzogen sich auch einer Chemotherapie. Nat\u00fcrlich fragte ich neugierig die anderen, womit es sie \u201eerwischt\u201c hat. Einer hatten ebenfalls einen Bauchspeicheldr\u00fcsentumor und bekam gerade seine 16. (!!!) Chemo. Das schockte mich- machte mir aber auch ein bisschen Mut. Denn 16 Chemos bedeutete 16 mal 2 Wochen\u2026..sind schon mal \u00fcber ein halbes Jahr. Und der Kerl sah noch gut aus.<\/p>\r\n\r\n\r\n\r\n<p>Dann kam die Schwester mit der ersten \u201eDr\u00f6hnung\u201c. Der Port wurde angestochen und die Schl\u00e4uche angeschlossen. Und ich h\u00f6rte aufmerksam in mich hinein. Nach einiger Zeit wurde ich m\u00fcde und konnte auch ein bisschen schlafen. Bis das erste Beutelchen leer war und Automat piepste. N\u00e4chster Beutel und noch einer. Dann waren ca. 5 Stunden vergangen. Das war das Vorspiel jetzt kam das eigentliche Medikament. Folfirinox. Laufzeit: 46 Stunden. W\u00e4hrend der 5-st\u00fcndigen Vorbereitung hatte ich teilweise starke Bauchschmerzen. Ich konnte auch sagen, bei welchem vorbereitenden Beutel diese Schmerzen auftraten. Ich habe es mir auf einen kleinen Zettel notiert.<\/p>\r\n\r\n\r\n\r\n<p>Die Nacht war nicht gerade erholsam. Ich musste immer aufpassen, dass ich mich nicht in den Schl\u00e4uchen verheddere. Wenn ich zur Toilette musste, dann nur in \u201eBegleitung\u201c mit meinem Infusionstr\u00e4ger. Und meinen Zimmergenossen ging es genauso. Dann piepsten abwechselnd die Infusionsautomaten. Alle paar Minuten gab es ein anderes Ger\u00e4usch und als ich endlich eingeschlafen war, dann war schon die Schwester von der Fr\u00fchschicht da und der Krankenhausalltag begann.<\/p>\r\n<h5>Zusammenfassung<\/h5>\r\n\r\n\r\n\r\n<p>Insgesamt habe ich die erste Runde <strong>Chemotherapie-Folfirinox<\/strong> ganz gut \u00fcberstanden- mit Ausnahme der bereits beschrieben Bauchschmerzen. Am Abend von Tag 2 waren dann die 46 Stunden rum- der letzte Beutel leer und ich konnte nach Hause. Die n\u00e4chsten Tage verbrachte ich mehr oder weniger auf der Couch oder im Bett. Nicht weil es mir schlecht ging, aber ich war sehr sehr m\u00fcde. Das war wohl das oft beschriebene <a href=\"https:\/\/de.wikipedia.org\/wiki\/Fatigue-Syndrom\" target=\"_blank\" rel=\"noreferrer noopener\" aria-label=\"Fatigue-Syndrom (\u00f6ffnet in neuem Tab)\">Fatigue-Syndrom<\/a>, was oft im Zusammenhang mit einer Chemotherapie gegen den Bauchspeicheldr\u00fcsenkrebs auftritt. Nach ca. 3 Tagen war ich wieder einigerma\u00dfen auf dem Damm. Ich bek\u00e4mpfte das Fatigue-Syndrom mit Bewegung an frischer Lust. Anfangs sehr anstrengend aber es half.<\/p>\r\n\r\n\r\n\r\n<p>Weiterhin achtete ich darauf, genug zu essen. Mein Appetit hatte sich ziemlich ge\u00e4ndert und war auch st\u00e4ndig anders. Ich habe darauf geachtet, dass immer verschiedene Dinge im K\u00fchlschrank waren. Fleisch und Wurst, Obst und Joghurt, Brot, Kekse, Schokolade, Gurken\u2026. Naja, wie ein K\u00fchlschrank einer Schwangeren. Oftmals bin ich nachts aufgewacht und musste etwas essen. Schwierig war es, in sich hineinzuh\u00f6ren um herauszufinden, WORAUF ich Appetit habe. Egal. Auf jeden Fall habe ich mich bem\u00fcht, ausreichend zu essen, um so wenig wie m\u00f6glich Gewicht zu verlieren. Eigentlich habe ich alles gegessen. Nur an eines kam ich nicht mehr ran. Leber. Eine Nebenwirkung der <strong>Chemotherapie-Folfirinox<\/strong> war, dass ich immer einen (bestimmt eingebildeten) Geruch\/Geschmack nach Leberragout hatte. Das fand ich ekelhaft. Daher keine Mahlzeit mit Leber.<\/p>\r\n<h6>Die n\u00e4chste Runde<\/h6>\r\n\r\n\r\n\r\n<p>Bei der zweiten Chemo habe ich dem Chefarzt mitgeteilt, dass ich bei der ersten Runde diese starken Bauchschmerzen hatte. Daher bekam ich w\u00e4hrend der 5-st\u00fcndigen Vorbereitung eine Portion <a href=\"https:\/\/de.wikipedia.org\/wiki\/Atropin\" target=\"_blank\" rel=\"noreferrer noopener\" aria-label=\"Atropin (\u00f6ffnet in neuem Tab)\">Atropin<\/a>. Und siehe da- keine Schmerzen mehr.<\/p>\r\n\r\n\r\n\r\n<p>Die n\u00e4chsten <strong>Chemotherapie-Folfirinox<\/strong> gestalteten sich dann \u00e4hnlich. Ein Zeichen, dass die Chemotherapie gegen den Bauchspeicheldr\u00fcsenkrebs auch angeschlagen hat, war, dass der Wert des <a href=\"https:\/\/de.wikipedia.org\/wiki\/CA_19-9\" target=\"_blank\" rel=\"noreferrer noopener\" aria-label=\"CA 19-9 (\u00f6ffnet in neuem Tab)\">CA 19-9<\/a> gesunken ist. Eine kleine Freude, die einem in solchen Zeiten sehr sehr gut tut.<\/p>\r\n<h5>Der Schock- zeit f\u00fcr plan b<\/h5>\r\n\r\n\r\n\r\n<p>Ich glaube, es war bei Runde 5 oder 6- als w\u00e4hrend der Visite der Chefarzt an meinem Bett stand. Meine Frage an ihn war, wie es nun weitergeht. Seine Worte h\u00f6re ich heute noch:<\/p>\r\n\r\n\r\n\r\n<p>Ja, Herr P. sie wissen ja, dass wir ihre Krankheit nicht heilen k\u00f6nnen. Wir m\u00fcssen jetzt sehen, was sich nach den 8 Chemos ergeben hat und dann werden wir weitersehen. Das war f\u00fcr mich nicht akzeptabel. Das klang etwa so wie \u201eChemo solange, bis der Sargdeckel zuklappt\u201c Mir musste etwas einfallen. Ich brauchte einen <a href=\"http:\/\/schalck.selfhost.eu\/index.php\/plan-b\/\">Plan B<\/a>. Also durchforstete ich das Internet, sprach mit verschiedenen Leuten und suchte irgendwo einen Strohhalm.<\/p>\r\n<h5>Hilft das Internet ?<\/h5>\r\n\r\n\r\n\r\n<p>Kurz ein Satz zum Thema \u201eInternet\u201c. Ja, nutzt das Internet, ABER lest auf seri\u00f6sen, wissenschaftlichen Seiten. Es n\u00fctzt euch nichts, wenn ihr in Foren lest, wo jeder nur sein Leid klagt und nichts zu erfahren ist, was euch vielleicht weiterbringen k\u00f6nnte. Aber das liegt in eurer eigenen Entscheidung.<\/p>\r\n\r\n\r\n\r\n<p>Man liest nat\u00fcrlich viel \u00fcber einen <a href=\"https:\/\/www.mri.tum.de\/pressemeldungen\/starker-gewichtsverlust-verschlechtert-prognose-bei-bachspeicheldr%25C3%25BCsenkrebs\" target=\"_blank\" rel=\"noopener\">Gewichtsverlust<\/a> bei dieser Erkrankung und w\u00e4hrend der Chemotherapie gegen den <a href=\"https:\/\/www.krebsliga.ch\/ueber-krebs\/krebsarten\/bauchspeicheldruesenkrebs-pankreaskarzinom\" target=\"_blank\" rel=\"noopener\">Bauchspeicheldr\u00fcsenkrebs<\/a>. Deshalb ist es sehr wichtig, ausreichend Nahrung zu sich zu nehmen. Hier in den Bilder m\u00f6chte ich zeigen, wie sich mein K\u00f6rpergewicht w\u00e4hrend der Chemo und nach der OP (an der sich ja auch noch 4 Chemodurchg\u00e4nge notwendig machten) entwickelt hat.<\/p>\r\n\r\n\r\n<!-- MetaSlider 1307 not found -->\n\r\n\r\n\r\n<p><a href=\"http:\/\/schalck.selfhost.eu\/\">Startseite<\/a><\/p>\r\n","protected":false},"excerpt":{"rendered":"<p>Chemotherapie-Folfirinox Mein Befund wurde in den darauffolgenden Tagen im sogenannten Tumor-Board besprochen. Dabei versammeln sich \u00c4rzte der verschiedenen Disziplinen. Chirurgen, Onkologen, Internisten usw. Sie bewerten den die vorliegenden Befunde und legen die weitere Verfahrensweise fest. In meinem Fall war das niederschmetternde Ergebnis: Nicht operabel !!! N\u00e4chste Ma\u00dfnahme: Palliative Chemotherapie-Folfirinox gegen den Bauchspeicheldr\u00fcsenkrebs. Schon allein das &hellip; <\/p>\n<p class=\"link-more\"><a href=\"https:\/\/schalck.selfhost.eu\/index.php\/chemotherapie-folfirinox\/\" class=\"more-link\"><span class=\"screen-reader-text\">\u201eChemotherapie-Folfirinox\u201c<\/span> weiterlesen<\/a><\/p>\n","protected":false},"author":1,"featured_media":0,"parent":0,"menu_order":0,"comment_status":"closed","ping_status":"open","template":"","meta":{"footnotes":""},"class_list":["post-2","page","type-page","status-publish","hentry"],"yoast_head":"<!-- This site is optimized with the Yoast SEO plugin v26.8 - https:\/\/yoast.com\/product\/yoast-seo-wordpress\/ -->\n<title>Chemotherapie-Folfirinox<\/title>\n<meta name=\"description\" content=\"Chemotherapie-Folfirinox, Dauer, Ablauf, Nebenwirkungen, Wie kompensiere ich die Nebenwirkungen, was tue ich gegen die M\u00fcdigkeit ?\" \/>\n<meta name=\"robots\" content=\"index, follow, max-snippet:-1, max-image-preview:large, max-video-preview:-1\" \/>\n<link rel=\"canonical\" href=\"https:\/\/schalck.selfhost.eu\/index.php\/chemotherapie-folfirinox\/\" \/>\n<meta property=\"og:locale\" content=\"de_DE\" \/>\n<meta property=\"og:type\" content=\"article\" \/>\n<meta property=\"og:title\" content=\"Chemotherapie-Folfirinox\" \/>\n<meta property=\"og:description\" content=\"Chemotherapie-Folfirinox, Dauer, Ablauf, Nebenwirkungen, Wie kompensiere ich die Nebenwirkungen, was tue ich gegen die M\u00fcdigkeit ?\" \/>\n<meta property=\"og:url\" content=\"https:\/\/schalck.selfhost.eu\/index.php\/chemotherapie-folfirinox\/\" \/>\n<meta property=\"og:site_name\" content=\"Leben mit Bauchspeicheldr\u00fcsenkrebs\" \/>\n<meta property=\"article:publisher\" content=\"https:\/\/www.facebook.com\/mario.pestel.1\/\" \/>\n<meta property=\"article:modified_time\" content=\"2022-06-13T07:12:36+00:00\" \/>\n<meta property=\"og:image\" content=\"http:\/\/schalck.selfhost.eu\/wp-content\/uploads\/2022\/06\/chemoport-300x281.png\" \/>\n<meta name=\"twitter:card\" content=\"summary_large_image\" \/>\n<meta name=\"twitter:label1\" content=\"Gesch\u00e4tzte Lesezeit\" \/>\n\t<meta name=\"twitter:data1\" content=\"7\u00a0Minuten\" \/>\n<script type=\"application\/ld+json\" class=\"yoast-schema-graph\">{\"@context\":\"https:\/\/schema.org\",\"@graph\":[{\"@type\":\"WebPage\",\"@id\":\"https:\/\/schalck.selfhost.eu\/index.php\/chemotherapie-folfirinox\/\",\"url\":\"https:\/\/schalck.selfhost.eu\/index.php\/chemotherapie-folfirinox\/\",\"name\":\"Chemotherapie-Folfirinox\",\"isPartOf\":{\"@id\":\"https:\/\/schalck.selfhost.eu\/#website\"},\"primaryImageOfPage\":{\"@id\":\"https:\/\/schalck.selfhost.eu\/index.php\/chemotherapie-folfirinox\/#primaryimage\"},\"image\":{\"@id\":\"https:\/\/schalck.selfhost.eu\/index.php\/chemotherapie-folfirinox\/#primaryimage\"},\"thumbnailUrl\":\"http:\/\/schalck.selfhost.eu\/wp-content\/uploads\/2022\/06\/chemoport-300x281.png\",\"datePublished\":\"2022-06-01T08:22:05+00:00\",\"dateModified\":\"2022-06-13T07:12:36+00:00\",\"description\":\"Chemotherapie-Folfirinox, Dauer, Ablauf, Nebenwirkungen, Wie kompensiere ich die Nebenwirkungen, was tue ich gegen die M\u00fcdigkeit ?\",\"breadcrumb\":{\"@id\":\"https:\/\/schalck.selfhost.eu\/index.php\/chemotherapie-folfirinox\/#breadcrumb\"},\"inLanguage\":\"de\",\"potentialAction\":[{\"@type\":\"ReadAction\",\"target\":[\"https:\/\/schalck.selfhost.eu\/index.php\/chemotherapie-folfirinox\/\"]}]},{\"@type\":\"ImageObject\",\"inLanguage\":\"de\",\"@id\":\"https:\/\/schalck.selfhost.eu\/index.php\/chemotherapie-folfirinox\/#primaryimage\",\"url\":\"https:\/\/schalck.selfhost.eu\/wp-content\/uploads\/2022\/06\/chemoport.png\",\"contentUrl\":\"https:\/\/schalck.selfhost.eu\/wp-content\/uploads\/2022\/06\/chemoport.png\",\"width\":450,\"height\":422,\"caption\":\"chemotherapie-folfirinox chemoport\"},{\"@type\":\"BreadcrumbList\",\"@id\":\"https:\/\/schalck.selfhost.eu\/index.php\/chemotherapie-folfirinox\/#breadcrumb\",\"itemListElement\":[{\"@type\":\"ListItem\",\"position\":1,\"name\":\"Startseite\",\"item\":\"https:\/\/schalck.selfhost.eu\/\"},{\"@type\":\"ListItem\",\"position\":2,\"name\":\"Chemotherapie-Folfirinox\"}]},{\"@type\":\"WebSite\",\"@id\":\"https:\/\/schalck.selfhost.eu\/#website\",\"url\":\"https:\/\/schalck.selfhost.eu\/\",\"name\":\"Leben mit Bauchspeicheldr\u00fcsenkrebs\",\"description\":\"Um anderen Hoffnungen zu machen\",\"publisher\":{\"@id\":\"https:\/\/schalck.selfhost.eu\/#\/schema\/person\/cd0824a06e96b3c806e10683f6aebf13\"},\"potentialAction\":[{\"@type\":\"SearchAction\",\"target\":{\"@type\":\"EntryPoint\",\"urlTemplate\":\"https:\/\/schalck.selfhost.eu\/?s={search_term_string}\"},\"query-input\":{\"@type\":\"PropertyValueSpecification\",\"valueRequired\":true,\"valueName\":\"search_term_string\"}}],\"inLanguage\":\"de\"},{\"@type\":[\"Person\",\"Organization\"],\"@id\":\"https:\/\/schalck.selfhost.eu\/#\/schema\/person\/cd0824a06e96b3c806e10683f6aebf13\",\"name\":\"schalck\",\"image\":{\"@type\":\"ImageObject\",\"inLanguage\":\"de\",\"@id\":\"https:\/\/schalck.selfhost.eu\/#\/schema\/person\/image\/\",\"url\":\"http:\/\/schalck.selfhost.eu\/wp-content\/uploads\/2022\/06\/cropped-Bauchspeicheldruese_1908934.jpg\",\"contentUrl\":\"http:\/\/schalck.selfhost.eu\/wp-content\/uploads\/2022\/06\/cropped-Bauchspeicheldruese_1908934.jpg\",\"width\":2000,\"height\":1198,\"caption\":\"schalck\"},\"logo\":{\"@id\":\"https:\/\/schalck.selfhost.eu\/#\/schema\/person\/image\/\"},\"sameAs\":[\"https:\/\/leben-mit-bauchspeicheldr\u00fcsenkrebs.de\",\"https:\/\/www.facebook.com\/mario.pestel.1\/\"]}]}<\/script>\n<!-- \/ Yoast SEO plugin. -->","yoast_head_json":{"title":"Chemotherapie-Folfirinox","description":"Chemotherapie-Folfirinox, Dauer, Ablauf, Nebenwirkungen, Wie kompensiere ich die Nebenwirkungen, was tue ich gegen die M\u00fcdigkeit ?","robots":{"index":"index","follow":"follow","max-snippet":"max-snippet:-1","max-image-preview":"max-image-preview:large","max-video-preview":"max-video-preview:-1"},"canonical":"https:\/\/schalck.selfhost.eu\/index.php\/chemotherapie-folfirinox\/","og_locale":"de_DE","og_type":"article","og_title":"Chemotherapie-Folfirinox","og_description":"Chemotherapie-Folfirinox, Dauer, Ablauf, Nebenwirkungen, Wie kompensiere ich die Nebenwirkungen, was tue ich gegen die M\u00fcdigkeit ?","og_url":"https:\/\/schalck.selfhost.eu\/index.php\/chemotherapie-folfirinox\/","og_site_name":"Leben mit Bauchspeicheldr\u00fcsenkrebs","article_publisher":"https:\/\/www.facebook.com\/mario.pestel.1\/","article_modified_time":"2022-06-13T07:12:36+00:00","og_image":[{"url":"http:\/\/schalck.selfhost.eu\/wp-content\/uploads\/2022\/06\/chemoport-300x281.png","type":"","width":"","height":""}],"twitter_card":"summary_large_image","twitter_misc":{"Gesch\u00e4tzte Lesezeit":"7\u00a0Minuten"},"schema":{"@context":"https:\/\/schema.org","@graph":[{"@type":"WebPage","@id":"https:\/\/schalck.selfhost.eu\/index.php\/chemotherapie-folfirinox\/","url":"https:\/\/schalck.selfhost.eu\/index.php\/chemotherapie-folfirinox\/","name":"Chemotherapie-Folfirinox","isPartOf":{"@id":"https:\/\/schalck.selfhost.eu\/#website"},"primaryImageOfPage":{"@id":"https:\/\/schalck.selfhost.eu\/index.php\/chemotherapie-folfirinox\/#primaryimage"},"image":{"@id":"https:\/\/schalck.selfhost.eu\/index.php\/chemotherapie-folfirinox\/#primaryimage"},"thumbnailUrl":"http:\/\/schalck.selfhost.eu\/wp-content\/uploads\/2022\/06\/chemoport-300x281.png","datePublished":"2022-06-01T08:22:05+00:00","dateModified":"2022-06-13T07:12:36+00:00","description":"Chemotherapie-Folfirinox, Dauer, Ablauf, Nebenwirkungen, Wie kompensiere ich die Nebenwirkungen, was tue ich gegen die M\u00fcdigkeit ?","breadcrumb":{"@id":"https:\/\/schalck.selfhost.eu\/index.php\/chemotherapie-folfirinox\/#breadcrumb"},"inLanguage":"de","potentialAction":[{"@type":"ReadAction","target":["https:\/\/schalck.selfhost.eu\/index.php\/chemotherapie-folfirinox\/"]}]},{"@type":"ImageObject","inLanguage":"de","@id":"https:\/\/schalck.selfhost.eu\/index.php\/chemotherapie-folfirinox\/#primaryimage","url":"https:\/\/schalck.selfhost.eu\/wp-content\/uploads\/2022\/06\/chemoport.png","contentUrl":"https:\/\/schalck.selfhost.eu\/wp-content\/uploads\/2022\/06\/chemoport.png","width":450,"height":422,"caption":"chemotherapie-folfirinox chemoport"},{"@type":"BreadcrumbList","@id":"https:\/\/schalck.selfhost.eu\/index.php\/chemotherapie-folfirinox\/#breadcrumb","itemListElement":[{"@type":"ListItem","position":1,"name":"Startseite","item":"https:\/\/schalck.selfhost.eu\/"},{"@type":"ListItem","position":2,"name":"Chemotherapie-Folfirinox"}]},{"@type":"WebSite","@id":"https:\/\/schalck.selfhost.eu\/#website","url":"https:\/\/schalck.selfhost.eu\/","name":"Leben mit Bauchspeicheldr\u00fcsenkrebs","description":"Um anderen Hoffnungen zu machen","publisher":{"@id":"https:\/\/schalck.selfhost.eu\/#\/schema\/person\/cd0824a06e96b3c806e10683f6aebf13"},"potentialAction":[{"@type":"SearchAction","target":{"@type":"EntryPoint","urlTemplate":"https:\/\/schalck.selfhost.eu\/?s={search_term_string}"},"query-input":{"@type":"PropertyValueSpecification","valueRequired":true,"valueName":"search_term_string"}}],"inLanguage":"de"},{"@type":["Person","Organization"],"@id":"https:\/\/schalck.selfhost.eu\/#\/schema\/person\/cd0824a06e96b3c806e10683f6aebf13","name":"schalck","image":{"@type":"ImageObject","inLanguage":"de","@id":"https:\/\/schalck.selfhost.eu\/#\/schema\/person\/image\/","url":"http:\/\/schalck.selfhost.eu\/wp-content\/uploads\/2022\/06\/cropped-Bauchspeicheldruese_1908934.jpg","contentUrl":"http:\/\/schalck.selfhost.eu\/wp-content\/uploads\/2022\/06\/cropped-Bauchspeicheldruese_1908934.jpg","width":2000,"height":1198,"caption":"schalck"},"logo":{"@id":"https:\/\/schalck.selfhost.eu\/#\/schema\/person\/image\/"},"sameAs":["https:\/\/leben-mit-bauchspeicheldr\u00fcsenkrebs.de","https:\/\/www.facebook.com\/mario.pestel.1\/"]}]}},"_links":{"self":[{"href":"https:\/\/schalck.selfhost.eu\/index.php\/wp-json\/wp\/v2\/pages\/2","targetHints":{"allow":["GET"]}}],"collection":[{"href":"https:\/\/schalck.selfhost.eu\/index.php\/wp-json\/wp\/v2\/pages"}],"about":[{"href":"https:\/\/schalck.selfhost.eu\/index.php\/wp-json\/wp\/v2\/types\/page"}],"author":[{"embeddable":true,"href":"https:\/\/schalck.selfhost.eu\/index.php\/wp-json\/wp\/v2\/users\/1"}],"replies":[{"embeddable":true,"href":"https:\/\/schalck.selfhost.eu\/index.php\/wp-json\/wp\/v2\/comments?post=2"}],"version-history":[{"count":19,"href":"https:\/\/schalck.selfhost.eu\/index.php\/wp-json\/wp\/v2\/pages\/2\/revisions"}],"predecessor-version":[{"id":409,"href":"https:\/\/schalck.selfhost.eu\/index.php\/wp-json\/wp\/v2\/pages\/2\/revisions\/409"}],"wp:attachment":[{"href":"https:\/\/schalck.selfhost.eu\/index.php\/wp-json\/wp\/v2\/media?parent=2"}],"curies":[{"name":"wp","href":"https:\/\/api.w.org\/{rel}","templated":true}]}}