{"id":113,"date":"2022-06-02T00:02:27","date_gmt":"2022-06-01T22:02:27","guid":{"rendered":"http:\/\/schalck.selfhost.eu\/?page_id=113"},"modified":"2022-06-13T07:15:52","modified_gmt":"2022-06-13T05:15:52","slug":"psychiologisches-fragen-zur-krebserkrankung","status":"publish","type":"page","link":"https:\/\/schalck.selfhost.eu\/index.php\/psychiologisches-fragen-zur-krebserkrankung\/","title":{"rendered":"Psychologisches"},"content":{"rendered":"\r\n<h5>Psychologisches- Fragen zur Krebserkrankung<\/h5>\r\n<p>Bei einer solchen Diagnose stellen sich nat\u00fcrlich von einem Moment auf den anderen viele viele Fragen (Psychologisches- Fragen zur Krebserkrankung). Ich werde versuchen, hier einige dieser Fragen (FAQ Bauchspeicheldr\u00fcsenkrebs, Psychiologisches- Fragen zur Krebserkrankung) zu beantworten und in der weiteren Zeit \u2013 bei Bedarf \u2013 die Liste vervollst\u00e4ndigen.<\/p>\r\n\r\n\r\n\r\n<h5>Eines sei jedoch vorangestellt:<\/h5>\r\n\r\n\r\n\r\n<p>Ich kann diese Fragen nur aus meiner eigenen Erfahrung heraus beantworten. Meine Antworten haben keinen wissenschaftlichen Backround !!! Jeder Mensch ist anders veranlagt, jeder Krankheitsfall hat seine eigene Spezifik. Diese Webseite soll keine Handlungsanleitung sein- sie soll lediglich dazu beitragen, Hoffnung zu wecken. Denn\u2026\u2026. DIE HOFFNUNG STIRBT ZULETZT.<\/p>\r\n<p><img loading=\"lazy\" decoding=\"async\" class=\"alignnone size-medium wp-image-328\" src=\"http:\/\/schalck.selfhost.eu\/wp-content\/uploads\/2022\/06\/Psychiologie_Krebs-300x295.jpg\" alt=\"Psychiologisches- Fragen zur Krebserkrankung\" width=\"300\" height=\"295\" srcset=\"https:\/\/schalck.selfhost.eu\/wp-content\/uploads\/2022\/06\/Psychiologie_Krebs-300x295.jpg 300w, https:\/\/schalck.selfhost.eu\/wp-content\/uploads\/2022\/06\/Psychiologie_Krebs-1024x1008.jpg 1024w, https:\/\/schalck.selfhost.eu\/wp-content\/uploads\/2022\/06\/Psychiologie_Krebs-768x756.jpg 768w, https:\/\/schalck.selfhost.eu\/wp-content\/uploads\/2022\/06\/Psychiologie_Krebs-1536x1512.jpg 1536w, https:\/\/schalck.selfhost.eu\/wp-content\/uploads\/2022\/06\/Psychiologie_Krebs-2048x2017.jpg 2048w\" sizes=\"auto, (max-width: 300px) 100vw, 300px\" \/><\/p>\r\n<h5>.<\/h5>\r\n\r\n\r\n\r\n\r\n\r\n<ol class=\"wp-block-list\">\r\n<li>Was soll ich tun, wenn ich eine derartige Diagnose erhalte ? (Bauchspeicheldr\u00fcsenkrebs FAQ)<\/li>\r\n<li>Soll ich eine \u201e2. Meinung\u201c einholen ? (Bauchspeicheldr\u00fcsenkrebs FAQ)<\/li>\r\n<li>Wie gehe ich mit meinen Familienangeh\u00f6rigen, Freunden und Arbeitskollegen um ? (Bauchspeicheldr\u00fcsenkrebs FAQ)<\/li>\r\n<li>Welche<a href=\"http:\/\/schalck.selfhost.eu\/krankenh\u00e4user\/\"> Klinik<\/a> ist die richtige ? (Bauchspeicheldr\u00fcsenkrebs FAQ)<\/li>\r\n<li>Sollte ich mich fragen, warum ich gerade daran erkrankt bin ? (Bauchspeicheldr\u00fcsenkrebs FAQ)<\/li>\r\n<li>Wie hoch ist meine Lebenserwartung noch ? (Bauchspeicheldr\u00fcsenkrebs FAQ)<\/li>\r\n<li>Was kann ich selbst tun, um die Behandlung positiv zu beeinflussen ? (Bauchspeicheldr\u00fcsenkrebs FAQ)<\/li>\r\n<li>Gibt es alternative Behandlungsmethoden zur Schulmedizin ? (Bauchspeicheldr\u00fcsenkrebs FAQ)<\/li>\r\n<\/ol>\r\n\r\n\r\n\r\n<h6>Zu 1. Psychologisches- Fragen zur Krebserkrankung<\/h6>\r\n\r\n\r\n\r\n<p>Eine solche Diagnose schl\u00e4gt ein wie eine Bombe. Es wirft einem regelrecht aus der Bahn. In den ersten Tagen ist man einfach nicht in der Lage, einen klaren Gedanken zu fassen. Ich habe mich zuallererst vor den PC gesetzt und gesucht, wie lange ich noch zu leben habe. MACHT DAS NICHT. Es bringt nichts. Es gibt reichlich seri\u00f6se Seiten im Internet, die Statistiken zeigen, in denen verschiedenste Zahlen unter verschiedenen Gesichtspunkten zu lesen sind. Aber es sind Statistiken. Mit Minimalwerten und Maximalwerten. Und man wei\u00df nicht, wo man sich selbst einordnen sollte. Ein positiv denkender Mensch z\u00e4hlt sich nat\u00fcrlich zu denen, die einen g\u00fcnstigen Verlauf haben werden, bei Pessimisten ist es nat\u00fcrlich genau umgekehrt.<\/p>\r\n\r\n\r\n\r\n<p>Was ich gemacht habe ist das, was man im Allgemeinen als \u201edie Dinge in Ordnung bringen\u201c bezeichnet. Erstellt eine <a href=\"https:\/\/www.palliativstiftung.de\/publikationen\/vorsorgemappe\/\" target=\"_blank\" rel=\"noreferrer noopener\" aria-label=\"Vorsorgemappe (\u00f6ffnet in neuem Tab)\">Vorsorgemappe<\/a>. Es gibt sie als Vordrucke im Internet oder auch in B\u00fcchergesch\u00e4ften. Sorgt daf\u00fcr, dass im schlimmsten Fall m\u00f6glichst alles gekl\u00e4rt ist. (Versicherungsunterlagen, Vertr\u00e4ge jeglicher Art, Kontovollmachten, Zugang zu Abos, Zugangsdaten und Kennworte, Aufbewahrungsorte von verschiedenen Dingen usw.) Es wird euch beruhigen, wenn ihr wisst, dass im Falle eines Falles die Angeh\u00f6rigen nicht noch zus\u00e4tzliche Probleme haben.<\/p>\r\n\r\n\r\n\r\n<h5>Zu 2. Psychologisches- Fragen zur Krebserkrankung<\/h5>\r\n\r\n\r\n\r\n<p>Es ist jedem freigestellt, eine zweite Meinung einzuholen. Wenn ihr Zweifel an einer Diagnose habe, dann holt euch eine zweite Meinung. Ihre seid nicht an einen bestimmten Arzt gebunden ! Ihr habt freie Arztwahl. Ihr habe immer die M\u00f6glichkeit, euch CT- oder MRT-Aufnahmen gegen eine kleine Geb\u00fchr auf DVD brennen zu lassen und sie noch einem weiteren Arzt zur Begutachtung zu Verf\u00fcgung zu stellen.<\/p>\r\n\r\n\r\n\r\n<h5>Zu 3. Psychologisches- Fragen zur Krebserkrankung<\/h5>\r\n\r\n\r\n\r\n<p>Ich habe es h\u00e4ufig erlebt, dass Betroffene der Meinung sind, dass die Diagnose niemand kennen soll. Warum eigentlich nicht ?<\/p>\r\n\r\n\r\n\r\n<p>Den Familienmitgliedern m\u00fcsst ihr es zuerst sagen. Bleibt sachlich, \u00fcber- oder untertreibt nicht. Bei Kindern solltet ihr etwas vorsichtiger sein. Ich selbst habe 2 Kinder. Das j\u00fcngere Kind war 2017 16 Jahre alt. Bevor ich etwas erz\u00e4hlt habe sprach ich mit einer Mitarbeiterin des psycho-onkologischen Dienstes. Sie gab mir gute Hinweise, auf welche Art und Weise ich diese Nachricht \u00fcberbringen solle. Es kann durchaus sein, dass der Sohn oder die Tochter sich erst einmal gar nicht zu dieser Information \u00e4u\u00dfert sondern selbst erst einmal Zeit braucht, um diesen \u201eHammer\u201c zu verarbeiten. Also gebt den Kindern Zeit dazu !<\/p>\r\n<h5>.<\/h5>\r\n\r\n\r\n\r\n<p>Freunde und Bekannte habe ich auch zeitnah informiert. Und das deshalb, weil sie eh fr\u00fcher oder sp\u00e4ter Ver\u00e4nderungen an einem selbst bemerken werden. Sie werden fragen. (Warum bist du gestern nicht mit zur Feier oder zur Ausfahrt usw. gekommen ? Hast du abgenommen ?, Oh, du hast aber in letzter Zeit ganz sch\u00f6n viele Haare verloren) Ich habe es ihnen gesagt und sie zeigten Verst\u00e4ndnis.<\/p>\r\n\r\n\r\n\r\n<p>Etwas komplizierter war es mit meinen Arbeitskollegen. Da es ein ziemlich zahlreiches Kollegium ist konnte ich nicht jedem einzelnen die Infos pers\u00f6nlich \u00fcberbringen. Ich habe allerdings w\u00e4hrend der ersten Zeit der Krankschreibung (w\u00e4hrend der Chemo) festgestellt, dass- wenn ich jemanden getroffen habe- diejenigen nicht so richtig wussten, wie sie mit mir umgehen sollen. Sie wussten nicht, was sie mich fragen sollen, was sie fragen d\u00fcrfen usw. Also habe ich mich entschlossen, eine Email zu verfassen und die an jeden einzelnen zu verteilen. Ich habe ihnen mitgeteilt, dass ich ihre Hilflosigkeit bemerkt habe und sie verstehen kann. Aber ich habe ihnen gesagt, dass ich noch genau derselbe bin, der ich vorher schon war. Ich habe ihnen meine Diagnose genau beschrieben (um Ger\u00fcchten vorzubeugen). Und ich habe ihnen gesagt, dass sie mit mir genauso umgehen k\u00f6nnen wie vorher. Ich habe ihnen auch versprochen, dass ich ihnen sage, wenn mir ihre Fragen zu viel oder zu pers\u00f6nlich werden. Auf deutsch gesagt, wenn sie mir auf den Nerven gehen.<\/p>\r\n\r\n\r\n\r\n<p>Ich wusste nicht, wie die Reaktionen auf diese Email ausfallen werden. Aber es hat geklappt. Ich habe von meinen Kolleginnen und Kollegen nicht nur einmal geh\u00f6rt, dass sie \u00fcber meine Email und meine Ehrlichkeit froh waren und sie nun nicht mehr so unsicher sind.<\/p>\r\n\r\n\r\n\r\n<h5>Zu 4. Psychologisches- Fragen zur Krebserkrankung<\/h5>\r\n\r\n\r\n\r\n<p>In welcher Klinik soll man sich nun behandeln lassen ? Schwierige Frage. Es kommt eben darauf an, welche Behandlungen anstehen. Ich denke, f\u00fcr Standardbehandlungen ist man in seinem Krankenhaus aus der Umgebung gut aufgehoben. Wird es dann spezieller sollte man schon Ausschau nach einer <a href=\"http:\/\/schalck.selfhost.eu\/krankenh\u00e4user\/\">Klinik oder einem Zentrum<\/a> halten, die sich auf bestimmte Fachgebiete spezialisiert haben. Leider ist es so, dass ich in meinem st\u00e4dtischen Krankenhaus w\u00e4hrend der ersten Monate sehr gut behandelt wurde. Aber- ich wurde zweimal als \u201enicht operabel\u201c eingestuft. An sich ist das ja okay, wenn man das so ehrlich einsch\u00e4tzt. Was ich aber erwartet h\u00e4tte ist dann ein Hinweis auf andere Kliniken, die vielleicht bei bestimmten Erkrankungen oder Behandlungsmethoden mehr Erfahrungen haben. (Beispiel ist die \u201eIrreversible Elektroporation\u201c, die zwar kein Allheilmittel ist, aber gewisse Chancen bietet) Es gab eigentlich keinen Arzt mit dem ich zu tun hatte, der diese Behandlungsmethode kannte.<\/p>\r\n\r\n\r\n\r\n<p>Ich habe im Internet recherchiert, welche Klinik wieviele Operationen an den verschiedenen Organen oder anderen K\u00f6rperteilen durchgef\u00fchrt hat. Und bei den Zahlen gibt es Riesenunterschiede. Ihr w\u00fcrdet sicher auch euren Fernseher bei einem Fernsehspezialisten reparieren lassen als zu einem Hifi-Anlagenspezialisten zu gehen, oder ? Es ist auf jeden Fall hilfreich, hier seri\u00f6se Webseiten zu durchforsten.<\/p>\r\n\r\n\r\n\r\n<h5>Zu 5. Psychologisches- Fragen zur Krebserkrankung<\/h5>\r\n\r\n\r\n\r\n<p>Auch ich habe mir diese Frage gestellt\u2026.. warum habe ICH diese Krankheit bekommen ? Warum geh\u00f6re ICH zu den 0,0175% der deutschen Gesamtbev\u00f6lkerung, die am einem Pankreaskarzinom jedes Jahr neu erkranken ? 0,0175% ??? Ganz sch\u00f6nes Pech. Aber es ist nicht zu \u00e4ndern. Man MUSS es akzeptieren. Selbst WENN man sich die Frage beantworten k\u00f6nnte \u00e4ndert es nichts an der Tatsache. Man kann nichts mehr r\u00fcckg\u00e4ngig machen. Ich habe mir dann auch nicht mehr diese Frage gestellt.<\/p>\r\n\r\n\r\n\r\n<h5>Zu 6. Psychologisches- Fragen zur Krebserkrankung<\/h5>\r\n\r\n\r\n\r\n<p>Diese Frage ist schwer zu beantworten. Auch hier gibt es verschiedene Statistiken. Eigentlich sagen sie alle dasselbe: Die Langzeit\u00fcberlebenschancen bei einem Bauchspeicheldr\u00fcsentumor stehen- verglichen mit anderen Tumorerkrankungen- ziemlich schlecht. Richtig schlecht. ABER:<\/p>\r\n\r\n\r\n\r\n<ul class=\"wp-block-list\">\r\n<li>Es <strong>GIBT<\/strong> <a href=\"http:\/\/schalck.selfhost.eu\/statistiken\/\">Langzeit\u00fcberlebenschancen<\/a><\/li>\r\n<li>In den letzten Jahren ist der \u00dcberlebenszeitraum gr\u00f6\u00dfer geworden<\/li>\r\n<\/ul>\r\n\r\n\r\n\r\n<h5>Zu 7. Psychologisches- Fragen zur Krebserkrankung<\/h5>\r\n\r\n\r\n\r\n<p>Ich denke, das Beste was man tun kann ist POSTIV und OPTIMISTISCH zu denken. Ich bin \u00fcberzeugt: Der Kampf gegen den Krebs f\u00e4ngt im Kopf an. Das hei\u00dft nicht, dass man mental den Krebs nichtig machen kann, aber Optimismus unterst\u00fctzt die gesamte Behandlung. Ich habe mir ein paar Ziele gesetzt, die ich auch erreicht habe. Und dar\u00fcber bin gl\u00fccklich und dankbar.<\/p>\r\n\r\n\r\n\r\n<p>Was mir auch immer geholfen hat ist mein schwarzer Humor. Ja, es klingt paradox- Krebs und Humor. Mir hat dieser rabenschwarze Humor geholfen.<\/p>\r\n\r\n\r\n\r\n<p>Ich habe auch immer versucht mich so gut wie m\u00f6glich fit zu halten. Sicher l\u00e4uft man keinen Marathon mehr. Aber ich habe immer etwas gefunden, was meine Fitness unterst\u00fctzt hat.<\/p>\r\n\r\n\r\n\r\n<h5>Bemerkung:<\/h5>\r\n\r\n\r\n\r\n<p>Die k\u00f6rperliche Verfassung spielt sowieso eine gro\u00dfe Rolle, wie man die ganze Prozedur wegsteckt. Ich bin \u00fcberzeugt, dass k\u00f6rperliche Fitness und die gesamte k\u00f6rperliche Verfassung eine tragende Rolle spielen. Deshalb sage ich JA zu regelm\u00e4\u00dfigem Sport und NEIN zu irgendwelchen Di\u00e4ten- z.B. weil manche M\u00e4nner sich nicht damit abfinden k\u00f6nnen, dass sie jenseits der 40 ein paar kleine Polster ansetzen. Das kleine Polster hat seinen nat\u00fcrlichen Sinn. Je \u00e4lter man wird desto anf\u00e4lliger ist man nun mal f\u00fcr Krankheiten. Und im Krankheitsfall braucht man etwas zum \u201ezusetzen\u201c.<\/p>\r\n\r\n\r\n\r\n<h5>Zu 8. Psychologisches- Fragen zur Krebserkrankung<\/h5>\r\n\r\n\r\n\r\n<p>Diese Frage wird oft gestellt. Und ich kann sie nicht beantworten. Ich selbst glaube nicht an die Wirkung von Globuli. Finde aber wiederum eine Kombination aus Schul- und alternativer Medizin nicht abwegig. Das sollte jeder selbst entscheiden. Es ist auch die Einstellung eines jeden Menschen, was wie hilft.<\/p>\r\n\r\n\r\n\r\n<p><a href=\"http:\/\/schalck.selfhost.eu\/\">Startseite<\/a><\/p>\r\n","protected":false},"excerpt":{"rendered":"<p>Psychologisches- Fragen zur Krebserkrankung Bei einer solchen Diagnose stellen sich nat\u00fcrlich von einem Moment auf den anderen viele viele Fragen (Psychologisches- Fragen zur Krebserkrankung). Ich werde versuchen, hier einige dieser Fragen (FAQ Bauchspeicheldr\u00fcsenkrebs, Psychiologisches- Fragen zur Krebserkrankung) zu beantworten und in der weiteren Zeit \u2013 bei Bedarf \u2013 die Liste vervollst\u00e4ndigen. Eines sei jedoch vorangestellt: &hellip; <\/p>\n<p class=\"link-more\"><a href=\"https:\/\/schalck.selfhost.eu\/index.php\/psychiologisches-fragen-zur-krebserkrankung\/\" class=\"more-link\"><span class=\"screen-reader-text\">\u201ePsychologisches\u201c<\/span> weiterlesen<\/a><\/p>\n","protected":false},"author":1,"featured_media":0,"parent":0,"menu_order":0,"comment_status":"closed","ping_status":"closed","template":"","meta":{"footnotes":""},"class_list":["post-113","page","type-page","status-publish","hentry"],"yoast_head":"<!-- This site is optimized with the Yoast SEO plugin v26.8 - https:\/\/yoast.com\/product\/yoast-seo-wordpress\/ -->\n<title>Psychologisches- Fragen zur Krebserkrankung<\/title>\n<meta name=\"description\" content=\"Kurze Beschreibung der psychologischen Aspekte bei einer Krebsdiagnose, Psychologisches- Fragen zur Krebserkrankung\" \/>\n<meta name=\"robots\" content=\"index, follow, max-snippet:-1, max-image-preview:large, max-video-preview:-1\" \/>\n<link rel=\"canonical\" href=\"https:\/\/schalck.selfhost.eu\/index.php\/psychiologisches-fragen-zur-krebserkrankung\/\" \/>\n<meta property=\"og:locale\" content=\"de_DE\" \/>\n<meta property=\"og:type\" content=\"article\" \/>\n<meta property=\"og:title\" content=\"Psychologisches- Fragen zur Krebserkrankung\" \/>\n<meta property=\"og:description\" content=\"Kurze Beschreibung der psychologischen Aspekte bei einer Krebsdiagnose, Psychologisches- Fragen zur Krebserkrankung\" \/>\n<meta property=\"og:url\" content=\"https:\/\/schalck.selfhost.eu\/index.php\/psychiologisches-fragen-zur-krebserkrankung\/\" \/>\n<meta property=\"og:site_name\" content=\"Leben mit Bauchspeicheldr\u00fcsenkrebs\" \/>\n<meta property=\"article:publisher\" content=\"https:\/\/www.facebook.com\/mario.pestel.1\/\" \/>\n<meta property=\"article:modified_time\" content=\"2022-06-13T05:15:52+00:00\" \/>\n<meta property=\"og:image\" content=\"http:\/\/schalck.selfhost.eu\/wp-content\/uploads\/2022\/06\/Psychiologie_Krebs-300x295.jpg\" \/>\n<meta name=\"twitter:card\" content=\"summary_large_image\" \/>\n<meta name=\"twitter:label1\" content=\"Gesch\u00e4tzte Lesezeit\" \/>\n\t<meta name=\"twitter:data1\" content=\"9\u00a0Minuten\" \/>\n<script type=\"application\/ld+json\" class=\"yoast-schema-graph\">{\"@context\":\"https:\/\/schema.org\",\"@graph\":[{\"@type\":\"WebPage\",\"@id\":\"https:\/\/schalck.selfhost.eu\/index.php\/psychiologisches-fragen-zur-krebserkrankung\/\",\"url\":\"https:\/\/schalck.selfhost.eu\/index.php\/psychiologisches-fragen-zur-krebserkrankung\/\",\"name\":\"Psychologisches- Fragen zur Krebserkrankung\",\"isPartOf\":{\"@id\":\"https:\/\/schalck.selfhost.eu\/#website\"},\"primaryImageOfPage\":{\"@id\":\"https:\/\/schalck.selfhost.eu\/index.php\/psychiologisches-fragen-zur-krebserkrankung\/#primaryimage\"},\"image\":{\"@id\":\"https:\/\/schalck.selfhost.eu\/index.php\/psychiologisches-fragen-zur-krebserkrankung\/#primaryimage\"},\"thumbnailUrl\":\"http:\/\/schalck.selfhost.eu\/wp-content\/uploads\/2022\/06\/Psychiologie_Krebs-300x295.jpg\",\"datePublished\":\"2022-06-01T22:02:27+00:00\",\"dateModified\":\"2022-06-13T05:15:52+00:00\",\"description\":\"Kurze Beschreibung der psychologischen Aspekte bei einer Krebsdiagnose, Psychologisches- Fragen zur Krebserkrankung\",\"breadcrumb\":{\"@id\":\"https:\/\/schalck.selfhost.eu\/index.php\/psychiologisches-fragen-zur-krebserkrankung\/#breadcrumb\"},\"inLanguage\":\"de\",\"potentialAction\":[{\"@type\":\"ReadAction\",\"target\":[\"https:\/\/schalck.selfhost.eu\/index.php\/psychiologisches-fragen-zur-krebserkrankung\/\"]}]},{\"@type\":\"ImageObject\",\"inLanguage\":\"de\",\"@id\":\"https:\/\/schalck.selfhost.eu\/index.php\/psychiologisches-fragen-zur-krebserkrankung\/#primaryimage\",\"url\":\"http:\/\/schalck.selfhost.eu\/wp-content\/uploads\/2022\/06\/Psychiologie_Krebs-300x295.jpg\",\"contentUrl\":\"http:\/\/schalck.selfhost.eu\/wp-content\/uploads\/2022\/06\/Psychiologie_Krebs-300x295.jpg\"},{\"@type\":\"BreadcrumbList\",\"@id\":\"https:\/\/schalck.selfhost.eu\/index.php\/psychiologisches-fragen-zur-krebserkrankung\/#breadcrumb\",\"itemListElement\":[{\"@type\":\"ListItem\",\"position\":1,\"name\":\"Startseite\",\"item\":\"https:\/\/schalck.selfhost.eu\/\"},{\"@type\":\"ListItem\",\"position\":2,\"name\":\"Psychologisches\"}]},{\"@type\":\"WebSite\",\"@id\":\"https:\/\/schalck.selfhost.eu\/#website\",\"url\":\"https:\/\/schalck.selfhost.eu\/\",\"name\":\"Leben mit Bauchspeicheldr\u00fcsenkrebs\",\"description\":\"Um anderen Hoffnungen zu machen\",\"publisher\":{\"@id\":\"https:\/\/schalck.selfhost.eu\/#\/schema\/person\/cd0824a06e96b3c806e10683f6aebf13\"},\"potentialAction\":[{\"@type\":\"SearchAction\",\"target\":{\"@type\":\"EntryPoint\",\"urlTemplate\":\"https:\/\/schalck.selfhost.eu\/?s={search_term_string}\"},\"query-input\":{\"@type\":\"PropertyValueSpecification\",\"valueRequired\":true,\"valueName\":\"search_term_string\"}}],\"inLanguage\":\"de\"},{\"@type\":[\"Person\",\"Organization\"],\"@id\":\"https:\/\/schalck.selfhost.eu\/#\/schema\/person\/cd0824a06e96b3c806e10683f6aebf13\",\"name\":\"schalck\",\"image\":{\"@type\":\"ImageObject\",\"inLanguage\":\"de\",\"@id\":\"https:\/\/schalck.selfhost.eu\/#\/schema\/person\/image\/\",\"url\":\"http:\/\/schalck.selfhost.eu\/wp-content\/uploads\/2022\/06\/cropped-Bauchspeicheldruese_1908934.jpg\",\"contentUrl\":\"http:\/\/schalck.selfhost.eu\/wp-content\/uploads\/2022\/06\/cropped-Bauchspeicheldruese_1908934.jpg\",\"width\":2000,\"height\":1198,\"caption\":\"schalck\"},\"logo\":{\"@id\":\"https:\/\/schalck.selfhost.eu\/#\/schema\/person\/image\/\"},\"sameAs\":[\"https:\/\/leben-mit-bauchspeicheldr\u00fcsenkrebs.de\",\"https:\/\/www.facebook.com\/mario.pestel.1\/\"]}]}<\/script>\n<!-- \/ Yoast SEO plugin. -->","yoast_head_json":{"title":"Psychologisches- Fragen zur Krebserkrankung","description":"Kurze Beschreibung der psychologischen Aspekte bei einer Krebsdiagnose, Psychologisches- Fragen zur Krebserkrankung","robots":{"index":"index","follow":"follow","max-snippet":"max-snippet:-1","max-image-preview":"max-image-preview:large","max-video-preview":"max-video-preview:-1"},"canonical":"https:\/\/schalck.selfhost.eu\/index.php\/psychiologisches-fragen-zur-krebserkrankung\/","og_locale":"de_DE","og_type":"article","og_title":"Psychologisches- Fragen zur Krebserkrankung","og_description":"Kurze Beschreibung der psychologischen Aspekte bei einer Krebsdiagnose, Psychologisches- Fragen zur Krebserkrankung","og_url":"https:\/\/schalck.selfhost.eu\/index.php\/psychiologisches-fragen-zur-krebserkrankung\/","og_site_name":"Leben mit Bauchspeicheldr\u00fcsenkrebs","article_publisher":"https:\/\/www.facebook.com\/mario.pestel.1\/","article_modified_time":"2022-06-13T05:15:52+00:00","og_image":[{"url":"http:\/\/schalck.selfhost.eu\/wp-content\/uploads\/2022\/06\/Psychiologie_Krebs-300x295.jpg","type":"","width":"","height":""}],"twitter_card":"summary_large_image","twitter_misc":{"Gesch\u00e4tzte Lesezeit":"9\u00a0Minuten"},"schema":{"@context":"https:\/\/schema.org","@graph":[{"@type":"WebPage","@id":"https:\/\/schalck.selfhost.eu\/index.php\/psychiologisches-fragen-zur-krebserkrankung\/","url":"https:\/\/schalck.selfhost.eu\/index.php\/psychiologisches-fragen-zur-krebserkrankung\/","name":"Psychologisches- Fragen zur Krebserkrankung","isPartOf":{"@id":"https:\/\/schalck.selfhost.eu\/#website"},"primaryImageOfPage":{"@id":"https:\/\/schalck.selfhost.eu\/index.php\/psychiologisches-fragen-zur-krebserkrankung\/#primaryimage"},"image":{"@id":"https:\/\/schalck.selfhost.eu\/index.php\/psychiologisches-fragen-zur-krebserkrankung\/#primaryimage"},"thumbnailUrl":"http:\/\/schalck.selfhost.eu\/wp-content\/uploads\/2022\/06\/Psychiologie_Krebs-300x295.jpg","datePublished":"2022-06-01T22:02:27+00:00","dateModified":"2022-06-13T05:15:52+00:00","description":"Kurze Beschreibung der psychologischen Aspekte bei einer Krebsdiagnose, Psychologisches- Fragen zur Krebserkrankung","breadcrumb":{"@id":"https:\/\/schalck.selfhost.eu\/index.php\/psychiologisches-fragen-zur-krebserkrankung\/#breadcrumb"},"inLanguage":"de","potentialAction":[{"@type":"ReadAction","target":["https:\/\/schalck.selfhost.eu\/index.php\/psychiologisches-fragen-zur-krebserkrankung\/"]}]},{"@type":"ImageObject","inLanguage":"de","@id":"https:\/\/schalck.selfhost.eu\/index.php\/psychiologisches-fragen-zur-krebserkrankung\/#primaryimage","url":"http:\/\/schalck.selfhost.eu\/wp-content\/uploads\/2022\/06\/Psychiologie_Krebs-300x295.jpg","contentUrl":"http:\/\/schalck.selfhost.eu\/wp-content\/uploads\/2022\/06\/Psychiologie_Krebs-300x295.jpg"},{"@type":"BreadcrumbList","@id":"https:\/\/schalck.selfhost.eu\/index.php\/psychiologisches-fragen-zur-krebserkrankung\/#breadcrumb","itemListElement":[{"@type":"ListItem","position":1,"name":"Startseite","item":"https:\/\/schalck.selfhost.eu\/"},{"@type":"ListItem","position":2,"name":"Psychologisches"}]},{"@type":"WebSite","@id":"https:\/\/schalck.selfhost.eu\/#website","url":"https:\/\/schalck.selfhost.eu\/","name":"Leben mit Bauchspeicheldr\u00fcsenkrebs","description":"Um anderen Hoffnungen zu machen","publisher":{"@id":"https:\/\/schalck.selfhost.eu\/#\/schema\/person\/cd0824a06e96b3c806e10683f6aebf13"},"potentialAction":[{"@type":"SearchAction","target":{"@type":"EntryPoint","urlTemplate":"https:\/\/schalck.selfhost.eu\/?s={search_term_string}"},"query-input":{"@type":"PropertyValueSpecification","valueRequired":true,"valueName":"search_term_string"}}],"inLanguage":"de"},{"@type":["Person","Organization"],"@id":"https:\/\/schalck.selfhost.eu\/#\/schema\/person\/cd0824a06e96b3c806e10683f6aebf13","name":"schalck","image":{"@type":"ImageObject","inLanguage":"de","@id":"https:\/\/schalck.selfhost.eu\/#\/schema\/person\/image\/","url":"http:\/\/schalck.selfhost.eu\/wp-content\/uploads\/2022\/06\/cropped-Bauchspeicheldruese_1908934.jpg","contentUrl":"http:\/\/schalck.selfhost.eu\/wp-content\/uploads\/2022\/06\/cropped-Bauchspeicheldruese_1908934.jpg","width":2000,"height":1198,"caption":"schalck"},"logo":{"@id":"https:\/\/schalck.selfhost.eu\/#\/schema\/person\/image\/"},"sameAs":["https:\/\/leben-mit-bauchspeicheldr\u00fcsenkrebs.de","https:\/\/www.facebook.com\/mario.pestel.1\/"]}]}},"_links":{"self":[{"href":"https:\/\/schalck.selfhost.eu\/index.php\/wp-json\/wp\/v2\/pages\/113","targetHints":{"allow":["GET"]}}],"collection":[{"href":"https:\/\/schalck.selfhost.eu\/index.php\/wp-json\/wp\/v2\/pages"}],"about":[{"href":"https:\/\/schalck.selfhost.eu\/index.php\/wp-json\/wp\/v2\/types\/page"}],"author":[{"embeddable":true,"href":"https:\/\/schalck.selfhost.eu\/index.php\/wp-json\/wp\/v2\/users\/1"}],"replies":[{"embeddable":true,"href":"https:\/\/schalck.selfhost.eu\/index.php\/wp-json\/wp\/v2\/comments?post=113"}],"version-history":[{"count":15,"href":"https:\/\/schalck.selfhost.eu\/index.php\/wp-json\/wp\/v2\/pages\/113\/revisions"}],"predecessor-version":[{"id":397,"href":"https:\/\/schalck.selfhost.eu\/index.php\/wp-json\/wp\/v2\/pages\/113\/revisions\/397"}],"wp:attachment":[{"href":"https:\/\/schalck.selfhost.eu\/index.php\/wp-json\/wp\/v2\/media?parent=113"}],"curies":[{"name":"wp","href":"https:\/\/api.w.org\/{rel}","templated":true}]}}