{"id":101,"date":"2022-06-01T23:33:39","date_gmt":"2022-06-01T21:33:39","guid":{"rendered":"http:\/\/schalck.selfhost.eu\/?page_id=101"},"modified":"2022-06-08T18:53:00","modified_gmt":"2022-06-08T16:53:00","slug":"lungenmetastasen-rezidiv","status":"publish","type":"page","link":"https:\/\/schalck.selfhost.eu\/index.php\/lungenmetastasen-rezidiv\/","title":{"rendered":"Metastasen"},"content":{"rendered":"<h5>Lungenmetastasen Rezidiv Bauchspeicheldr\u00fcsenkrebs<\/h5>\n<p>Es ist der <strong>05.05.2021<\/strong>\u2026. heute ist es passiert. Genau das, wovor ich Angst hatte. Das, was ziemlich wahrscheinlich war, aber ich gehofft habe, dass es sobald nicht eintritt. Der Tumor ist wieder da. Nicht in der Bauchspeicheldr\u00fcse sondern in Form von Fernmetastasen in der Lunge. (<a href=\"https:\/\/de.wikipedia.org\/wiki\/Lungenmetastase\" target=\"_blank\" rel=\"noopener\">Metastasen der Lunge)<\/a>\u00a0 \/ Lungenmetastasen Rezidiv Bauchspeicheldr\u00fcsenkrebs. Ich werde hier den Werdegang beschreiben und ich werde versuchen in Abst\u00e4nden den Verlauf meiner jetzigen Behandlung hier abzubilden. Auch nehme ich Bezug auf die Entwicklung des Tumormarkers CA 19-9<br \/>\nDen weiteren Verlauf findet ihr <a href=\"http:\/\/schalck.selfhost.eu\/index.php\/verlauf\/\">HIER<\/a><\/p>\n<h5>Zur Vorgeschichte:<\/h5>\n<p>Regelm\u00e4\u00dfig in 3-Monats-Rhythmus wurde ich mit einem Abdomen-MRT kontrolliert. Vor jeder Untersuchung wurde eine Blutuntersuchung durchgef\u00fchrt bei welcher auch der<a href=\"https:\/\/www.netdoktor.de\/laborwerte\/ca-19-9\/\" target=\"_blank\" rel=\"noopener\"> Tumormarkerwert CA 19-9<\/a> bestimmt wurde. (CA 19-9 ist ein Tumormarker, welcher hinsichtlich eines Pankreaskarzinoms Hinweise geben kann, ob und wie sich der Tumor entwickelt, ABER !!! es ist auf keinen Fall so, dass man zwingend einen Pankreastumor hat, wenn dieser Wert erh\u00f6ht ist) Er wird vor allem in der Verlaufskontrolle als Indikator genutzt. Regelm\u00e4\u00dfig habe ich mir diesen Wert notiert und grafisch aufgezeichnet. Der Wert zeigte seit der letzten Chemotherapie im Mai 2018 keine sonderlichen Auff\u00e4lligkeiten, t\u00fcmpelte zwischen 12 und 18. (Referenzwert=37). Im Januar 2021 stellte ich fest, dass der Wert pl\u00f6tzlich anstieg (24) aber immer noch im Referenzbereich lag. Ich habe meinen Onkologen daraufhin angesprochen-dieser meinte aber, dass alles in Ordnung ist solange der Grenzwert nicht erreicht ist. Das glaubte ihm- glaubte ihm aber auch nicht. Au\u00dferdem hatte ich ein schlechtes Gef\u00fchl. Aber ich beruhigte mich. Alles andere war in Ordnung.<\/p>\n<h5>.<\/h5>\n<p>Das <a href=\"https:\/\/de.wikipedia.org\/wiki\/Magnetresonanztomographie\" target=\"_blank\" rel=\"noopener\">MRT<\/a> des Oberbauches war unauff\u00e4llig, ich hatte keinen Gewichtsverlust und war weiterhin leistungsf\u00e4hig. Mein Appetit war gut und ich habe auch (fast) alles vertragen. Im April 2021 stand die n\u00e4chste MRT an-so auch die n\u00e4chste Blutuntersuchung. Der CA 19-9 Wert war nun 37 ! Also einen Punkt \u00fcber dem Grenzwert. Die MRT war wieder unauff\u00e4llig. Wieder habe ich meinen Onkologen angesprochen und ihn noch einmal dringlich darauf hingewiesen dass die Kurve exponentiell steigt.<\/p>\n<p>&nbsp;<\/p>\n<p><a href=\"http:\/\/schalck.selfhost.eu\/wp-content\/uploads\/2022\/06\/Entwicklung-CA-19-9-300x215-1.jpg\"><img loading=\"lazy\" decoding=\"async\" class=\"size-full wp-image-214 aligncenter\" src=\"http:\/\/schalck.selfhost.eu\/wp-content\/uploads\/2022\/06\/Entwicklung-CA-19-9-300x215-1.jpg\" alt=\"\" width=\"300\" height=\"215\" \/><\/a><\/p>\n<p>Er meinte, dass es noch andere Ursachen f\u00fcr diese Entwicklung geben kann- aber er verordnete mit eine <a href=\"https:\/\/www.ct-mrtinstitut.de\/de\/ct-leistungen\/ct-des-thorax-bereiches\" target=\"_blank\" rel=\"noopener\">Thorax CT<\/a>. (Auf mein Dr\u00e4ngen hin habe ich bereits mit Februar 2021 meine Lunge r\u00f6ntgen lassen. Der Befund war unauff\u00e4llig- keine Lungenmetastasen.<br \/>\nAm 05.05-2021 wurde die Thorax CT durchgef\u00fchrt\u2026\u2026.Lungenmetastasen. Und nicht nur eine. Verschiedene Gr\u00f6\u00dfen zwischen 0,5 cm und gr\u00f6\u00dfer als 1 cm. Ein Schock- aber wiederum auch keiner. Als wenn ich es geahnt h\u00e4tte. Hab ich ja auch.<\/p>\n<p>&nbsp;<\/p>\n<p><a href=\"http:\/\/schalck.selfhost.eu\/wp-content\/uploads\/2022\/06\/Lunge-300x225-1.jpg\"><img loading=\"lazy\" decoding=\"async\" class=\"alignnone size-full wp-image-201\" src=\"http:\/\/schalck.selfhost.eu\/wp-content\/uploads\/2022\/06\/Lunge-300x225-1.jpg\" alt=\"\" width=\"300\" height=\"225\" \/><\/a><\/p>\n<p>Nun gilt es den Plan B auszuspielen. Nach einem langen Gespr\u00e4ch mit meinem Radiologen (diesem sei an dieser Stelle noch einmal herzlich gedankt f\u00fcr die Zeit, die er sich f\u00fcr mich nahm, sowie auch f\u00fcr seine Bem\u00fchungen zur schnellstm\u00f6glichen Behandlung. Dieser Arzt ist wirklich einer der wenigen, die ich kenne, der sich wirklich Zeit f\u00fcr mich nahm und mich sowie meine Erkrankung richtig ernst nahm)<br \/>\nEr stellte eine Verbindung zu einem ihm bekannten Onkologen her (zu meinem habe ich das Vertrauen verloren). Bei diesem bekam ich auch einen Vorstellungstermin. Wartezeit 5 Tage. Weiterhin wurde mein \u201eFall\u201c f\u00fcr das <a href=\"https:\/\/de.wikipedia.org\/wiki\/Tumorboard\" target=\"_blank\" rel=\"noopener\">Tumorboard<\/a> am 11.05.2021 am OCC Chemnitz eingebunden sodass ich die Hoffnung habe, bereits in der M\u00e4nnertagswoche zu wissen, wie es mit mir und den Lungenmetastasen weiter geht.<\/p>\n<p>Soviel erst einmal zum gegenw\u00e4rtigen Stand. Ich werde weiter berichten.<\/p>\n<p>Den weiteren Verlauf findet ihr <a href=\"http:\/\/schalck.selfhost.eu\/index.php\/verlauf\/\">HIER<\/a><\/p>\n","protected":false},"excerpt":{"rendered":"<p>Lungenmetastasen Rezidiv Bauchspeicheldr\u00fcsenkrebs Es ist der 05.05.2021\u2026. heute ist es passiert. Genau das, wovor ich Angst hatte. Das, was ziemlich wahrscheinlich war, aber ich gehofft habe, dass es sobald nicht eintritt. Der Tumor ist wieder da. Nicht in der Bauchspeicheldr\u00fcse sondern in Form von Fernmetastasen in der Lunge. (Metastasen der Lunge)\u00a0 \/ Lungenmetastasen Rezidiv Bauchspeicheldr\u00fcsenkrebs. &hellip; <\/p>\n<p class=\"link-more\"><a href=\"https:\/\/schalck.selfhost.eu\/index.php\/lungenmetastasen-rezidiv\/\" class=\"more-link\"><span class=\"screen-reader-text\">\u201eMetastasen\u201c<\/span> weiterlesen<\/a><\/p>\n","protected":false},"author":1,"featured_media":0,"parent":0,"menu_order":0,"comment_status":"closed","ping_status":"closed","template":"","meta":{"footnotes":""},"class_list":["post-101","page","type-page","status-publish","hentry"],"yoast_head":"<!-- This site is optimized with the Yoast SEO plugin v26.8 - https:\/\/yoast.com\/product\/yoast-seo-wordpress\/ -->\n<title>Lungenmetastasen Rezidiv Bauchspeicheldr\u00fcsenkrebs<\/title>\n<meta name=\"description\" content=\"Lungenmetastasen bei Bauchspeicheldr\u00fcsenkrebs (Lungenmetastasen Rezidiv Bauchspeicheldr\u00fcsenkrebs) Symptome, Tumormarker CA 19-9\" \/>\n<meta name=\"robots\" content=\"index, follow, max-snippet:-1, max-image-preview:large, max-video-preview:-1\" \/>\n<link rel=\"canonical\" href=\"https:\/\/schalck.selfhost.eu\/index.php\/lungenmetastasen-rezidiv\/\" \/>\n<meta property=\"og:locale\" content=\"de_DE\" \/>\n<meta property=\"og:type\" content=\"article\" \/>\n<meta property=\"og:title\" content=\"Lungenmetastasen Rezidiv Bauchspeicheldr\u00fcsenkrebs\" \/>\n<meta property=\"og:description\" content=\"Lungenmetastasen bei Bauchspeicheldr\u00fcsenkrebs (Lungenmetastasen Rezidiv Bauchspeicheldr\u00fcsenkrebs) Symptome, Tumormarker CA 19-9\" \/>\n<meta property=\"og:url\" content=\"https:\/\/schalck.selfhost.eu\/index.php\/lungenmetastasen-rezidiv\/\" \/>\n<meta property=\"og:site_name\" content=\"Leben mit Bauchspeicheldr\u00fcsenkrebs\" \/>\n<meta property=\"article:publisher\" content=\"https:\/\/www.facebook.com\/mario.pestel.1\/\" \/>\n<meta property=\"article:modified_time\" content=\"2022-06-08T16:53:00+00:00\" \/>\n<meta property=\"og:image\" content=\"http:\/\/schalck.selfhost.eu\/wp-content\/uploads\/2022\/06\/Entwicklung-CA-19-9-300x215-1.jpg\" \/>\n<meta name=\"twitter:card\" content=\"summary_large_image\" \/>\n<meta name=\"twitter:label1\" content=\"Gesch\u00e4tzte Lesezeit\" \/>\n\t<meta name=\"twitter:data1\" content=\"4\u00a0Minuten\" \/>\n<script type=\"application\/ld+json\" class=\"yoast-schema-graph\">{\"@context\":\"https:\/\/schema.org\",\"@graph\":[{\"@type\":\"WebPage\",\"@id\":\"https:\/\/schalck.selfhost.eu\/index.php\/lungenmetastasen-rezidiv\/\",\"url\":\"https:\/\/schalck.selfhost.eu\/index.php\/lungenmetastasen-rezidiv\/\",\"name\":\"Lungenmetastasen Rezidiv Bauchspeicheldr\u00fcsenkrebs\",\"isPartOf\":{\"@id\":\"https:\/\/schalck.selfhost.eu\/#website\"},\"primaryImageOfPage\":{\"@id\":\"https:\/\/schalck.selfhost.eu\/index.php\/lungenmetastasen-rezidiv\/#primaryimage\"},\"image\":{\"@id\":\"https:\/\/schalck.selfhost.eu\/index.php\/lungenmetastasen-rezidiv\/#primaryimage\"},\"thumbnailUrl\":\"http:\/\/schalck.selfhost.eu\/wp-content\/uploads\/2022\/06\/Entwicklung-CA-19-9-300x215-1.jpg\",\"datePublished\":\"2022-06-01T21:33:39+00:00\",\"dateModified\":\"2022-06-08T16:53:00+00:00\",\"description\":\"Lungenmetastasen bei Bauchspeicheldr\u00fcsenkrebs (Lungenmetastasen Rezidiv Bauchspeicheldr\u00fcsenkrebs) Symptome, Tumormarker CA 19-9\",\"breadcrumb\":{\"@id\":\"https:\/\/schalck.selfhost.eu\/index.php\/lungenmetastasen-rezidiv\/#breadcrumb\"},\"inLanguage\":\"de\",\"potentialAction\":[{\"@type\":\"ReadAction\",\"target\":[\"https:\/\/schalck.selfhost.eu\/index.php\/lungenmetastasen-rezidiv\/\"]}]},{\"@type\":\"ImageObject\",\"inLanguage\":\"de\",\"@id\":\"https:\/\/schalck.selfhost.eu\/index.php\/lungenmetastasen-rezidiv\/#primaryimage\",\"url\":\"https:\/\/schalck.selfhost.eu\/wp-content\/uploads\/2022\/06\/Entwicklung-CA-19-9-300x215-1.jpg\",\"contentUrl\":\"https:\/\/schalck.selfhost.eu\/wp-content\/uploads\/2022\/06\/Entwicklung-CA-19-9-300x215-1.jpg\",\"width\":300,\"height\":215,\"caption\":\"Lungenmetastasen Rezidiv Bauchspeicheldr\u00fcsenkrebs\"},{\"@type\":\"BreadcrumbList\",\"@id\":\"https:\/\/schalck.selfhost.eu\/index.php\/lungenmetastasen-rezidiv\/#breadcrumb\",\"itemListElement\":[{\"@type\":\"ListItem\",\"position\":1,\"name\":\"Startseite\",\"item\":\"https:\/\/schalck.selfhost.eu\/\"},{\"@type\":\"ListItem\",\"position\":2,\"name\":\"Metastasen\"}]},{\"@type\":\"WebSite\",\"@id\":\"https:\/\/schalck.selfhost.eu\/#website\",\"url\":\"https:\/\/schalck.selfhost.eu\/\",\"name\":\"Leben mit Bauchspeicheldr\u00fcsenkrebs\",\"description\":\"Um anderen Hoffnungen zu machen\",\"publisher\":{\"@id\":\"https:\/\/schalck.selfhost.eu\/#\/schema\/person\/cd0824a06e96b3c806e10683f6aebf13\"},\"potentialAction\":[{\"@type\":\"SearchAction\",\"target\":{\"@type\":\"EntryPoint\",\"urlTemplate\":\"https:\/\/schalck.selfhost.eu\/?s={search_term_string}\"},\"query-input\":{\"@type\":\"PropertyValueSpecification\",\"valueRequired\":true,\"valueName\":\"search_term_string\"}}],\"inLanguage\":\"de\"},{\"@type\":[\"Person\",\"Organization\"],\"@id\":\"https:\/\/schalck.selfhost.eu\/#\/schema\/person\/cd0824a06e96b3c806e10683f6aebf13\",\"name\":\"schalck\",\"image\":{\"@type\":\"ImageObject\",\"inLanguage\":\"de\",\"@id\":\"https:\/\/schalck.selfhost.eu\/#\/schema\/person\/image\/\",\"url\":\"http:\/\/schalck.selfhost.eu\/wp-content\/uploads\/2022\/06\/cropped-Bauchspeicheldruese_1908934.jpg\",\"contentUrl\":\"http:\/\/schalck.selfhost.eu\/wp-content\/uploads\/2022\/06\/cropped-Bauchspeicheldruese_1908934.jpg\",\"width\":2000,\"height\":1198,\"caption\":\"schalck\"},\"logo\":{\"@id\":\"https:\/\/schalck.selfhost.eu\/#\/schema\/person\/image\/\"},\"sameAs\":[\"https:\/\/leben-mit-bauchspeicheldr\u00fcsenkrebs.de\",\"https:\/\/www.facebook.com\/mario.pestel.1\/\"]}]}<\/script>\n<!-- \/ Yoast SEO plugin. -->","yoast_head_json":{"title":"Lungenmetastasen Rezidiv Bauchspeicheldr\u00fcsenkrebs","description":"Lungenmetastasen bei Bauchspeicheldr\u00fcsenkrebs (Lungenmetastasen Rezidiv Bauchspeicheldr\u00fcsenkrebs) Symptome, Tumormarker CA 19-9","robots":{"index":"index","follow":"follow","max-snippet":"max-snippet:-1","max-image-preview":"max-image-preview:large","max-video-preview":"max-video-preview:-1"},"canonical":"https:\/\/schalck.selfhost.eu\/index.php\/lungenmetastasen-rezidiv\/","og_locale":"de_DE","og_type":"article","og_title":"Lungenmetastasen Rezidiv Bauchspeicheldr\u00fcsenkrebs","og_description":"Lungenmetastasen bei Bauchspeicheldr\u00fcsenkrebs (Lungenmetastasen Rezidiv Bauchspeicheldr\u00fcsenkrebs) Symptome, Tumormarker CA 19-9","og_url":"https:\/\/schalck.selfhost.eu\/index.php\/lungenmetastasen-rezidiv\/","og_site_name":"Leben mit Bauchspeicheldr\u00fcsenkrebs","article_publisher":"https:\/\/www.facebook.com\/mario.pestel.1\/","article_modified_time":"2022-06-08T16:53:00+00:00","og_image":[{"url":"http:\/\/schalck.selfhost.eu\/wp-content\/uploads\/2022\/06\/Entwicklung-CA-19-9-300x215-1.jpg","type":"","width":"","height":""}],"twitter_card":"summary_large_image","twitter_misc":{"Gesch\u00e4tzte Lesezeit":"4\u00a0Minuten"},"schema":{"@context":"https:\/\/schema.org","@graph":[{"@type":"WebPage","@id":"https:\/\/schalck.selfhost.eu\/index.php\/lungenmetastasen-rezidiv\/","url":"https:\/\/schalck.selfhost.eu\/index.php\/lungenmetastasen-rezidiv\/","name":"Lungenmetastasen Rezidiv Bauchspeicheldr\u00fcsenkrebs","isPartOf":{"@id":"https:\/\/schalck.selfhost.eu\/#website"},"primaryImageOfPage":{"@id":"https:\/\/schalck.selfhost.eu\/index.php\/lungenmetastasen-rezidiv\/#primaryimage"},"image":{"@id":"https:\/\/schalck.selfhost.eu\/index.php\/lungenmetastasen-rezidiv\/#primaryimage"},"thumbnailUrl":"http:\/\/schalck.selfhost.eu\/wp-content\/uploads\/2022\/06\/Entwicklung-CA-19-9-300x215-1.jpg","datePublished":"2022-06-01T21:33:39+00:00","dateModified":"2022-06-08T16:53:00+00:00","description":"Lungenmetastasen bei Bauchspeicheldr\u00fcsenkrebs (Lungenmetastasen Rezidiv Bauchspeicheldr\u00fcsenkrebs) Symptome, Tumormarker CA 19-9","breadcrumb":{"@id":"https:\/\/schalck.selfhost.eu\/index.php\/lungenmetastasen-rezidiv\/#breadcrumb"},"inLanguage":"de","potentialAction":[{"@type":"ReadAction","target":["https:\/\/schalck.selfhost.eu\/index.php\/lungenmetastasen-rezidiv\/"]}]},{"@type":"ImageObject","inLanguage":"de","@id":"https:\/\/schalck.selfhost.eu\/index.php\/lungenmetastasen-rezidiv\/#primaryimage","url":"https:\/\/schalck.selfhost.eu\/wp-content\/uploads\/2022\/06\/Entwicklung-CA-19-9-300x215-1.jpg","contentUrl":"https:\/\/schalck.selfhost.eu\/wp-content\/uploads\/2022\/06\/Entwicklung-CA-19-9-300x215-1.jpg","width":300,"height":215,"caption":"Lungenmetastasen Rezidiv Bauchspeicheldr\u00fcsenkrebs"},{"@type":"BreadcrumbList","@id":"https:\/\/schalck.selfhost.eu\/index.php\/lungenmetastasen-rezidiv\/#breadcrumb","itemListElement":[{"@type":"ListItem","position":1,"name":"Startseite","item":"https:\/\/schalck.selfhost.eu\/"},{"@type":"ListItem","position":2,"name":"Metastasen"}]},{"@type":"WebSite","@id":"https:\/\/schalck.selfhost.eu\/#website","url":"https:\/\/schalck.selfhost.eu\/","name":"Leben mit Bauchspeicheldr\u00fcsenkrebs","description":"Um anderen Hoffnungen zu machen","publisher":{"@id":"https:\/\/schalck.selfhost.eu\/#\/schema\/person\/cd0824a06e96b3c806e10683f6aebf13"},"potentialAction":[{"@type":"SearchAction","target":{"@type":"EntryPoint","urlTemplate":"https:\/\/schalck.selfhost.eu\/?s={search_term_string}"},"query-input":{"@type":"PropertyValueSpecification","valueRequired":true,"valueName":"search_term_string"}}],"inLanguage":"de"},{"@type":["Person","Organization"],"@id":"https:\/\/schalck.selfhost.eu\/#\/schema\/person\/cd0824a06e96b3c806e10683f6aebf13","name":"schalck","image":{"@type":"ImageObject","inLanguage":"de","@id":"https:\/\/schalck.selfhost.eu\/#\/schema\/person\/image\/","url":"http:\/\/schalck.selfhost.eu\/wp-content\/uploads\/2022\/06\/cropped-Bauchspeicheldruese_1908934.jpg","contentUrl":"http:\/\/schalck.selfhost.eu\/wp-content\/uploads\/2022\/06\/cropped-Bauchspeicheldruese_1908934.jpg","width":2000,"height":1198,"caption":"schalck"},"logo":{"@id":"https:\/\/schalck.selfhost.eu\/#\/schema\/person\/image\/"},"sameAs":["https:\/\/leben-mit-bauchspeicheldr\u00fcsenkrebs.de","https:\/\/www.facebook.com\/mario.pestel.1\/"]}]}},"_links":{"self":[{"href":"https:\/\/schalck.selfhost.eu\/index.php\/wp-json\/wp\/v2\/pages\/101","targetHints":{"allow":["GET"]}}],"collection":[{"href":"https:\/\/schalck.selfhost.eu\/index.php\/wp-json\/wp\/v2\/pages"}],"about":[{"href":"https:\/\/schalck.selfhost.eu\/index.php\/wp-json\/wp\/v2\/types\/page"}],"author":[{"embeddable":true,"href":"https:\/\/schalck.selfhost.eu\/index.php\/wp-json\/wp\/v2\/users\/1"}],"replies":[{"embeddable":true,"href":"https:\/\/schalck.selfhost.eu\/index.php\/wp-json\/wp\/v2\/comments?post=101"}],"version-history":[{"count":18,"href":"https:\/\/schalck.selfhost.eu\/index.php\/wp-json\/wp\/v2\/pages\/101\/revisions"}],"predecessor-version":[{"id":382,"href":"https:\/\/schalck.selfhost.eu\/index.php\/wp-json\/wp\/v2\/pages\/101\/revisions\/382"}],"wp:attachment":[{"href":"https:\/\/schalck.selfhost.eu\/index.php\/wp-json\/wp\/v2\/media?parent=101"}],"curies":[{"name":"wp","href":"https:\/\/api.w.org\/{rel}","templated":true}]}}